{"id":5466,"date":"2020-02-05T14:24:59","date_gmt":"2020-02-05T08:54:59","guid":{"rendered":"http:\/\/feaceramics.com\/?page_id=5466"},"modified":"2020-02-05T14:24:59","modified_gmt":"2020-02-05T08:54:59","slug":"maldives","status":"publish","type":"page","link":"https:\/\/feaceramics.com\/ar\/export\/maldives\/","title":{"rendered":"(English) MALDIVES"},"content":{"rendered":"<p class=\"qtranxs-available-languages-message qtranxs-available-languages-message-ar\">\u0639\u0641\u0648\u0627\u060c \u0647\u0630\u0647 \u0627\u0644\u0645\u062f\u062e\u0644\u0629 \u0645\u0648\u062c\u0648\u062f\u0629 \u0641\u0642\u0637 \u0641\u064a <a href=\"https:\/\/feaceramics.com\/en\/wp-json\/wp\/v2\/pages\/5466\" class=\"qtranxs-available-language-link qtranxs-available-language-link-en\" title=\"English\">English<\/a>. For the sake of viewer convenience, the content is shown below in the alternative language. You may click the link to switch the active language.<\/p><p><\/p>\n<h3><strong>FEA CERAMICS: Tiles Export in MALDIVES \u00a0\u00a0\u00a0\u00a0\u00a0\u00a0\u00a0\u00a0\u00a0\u00a0\u00a0\u00a0<\/strong><\/h3>\n<p>FEA CERAMICS, exports are spread across all over the globe with prime focus on niche markets of MALDIVES Export Since 2006, we are spreading our wings and delivering the best products globally.<\/p>\n<p>We are Face group of company India, We are Manufacture and exporter Ceramics Wall, Floor Tiles, Slab Tiles, Subway Tiles, Porcelain Tiles With different sizes. Fea ceramics selling tiles in MALDIVES Market with different sizes and product.<\/p>\n<p>30\u00d760, Ordinary Wall Tile, Ceramic Wall Tile, Ceramic Floor tiles, Glossy Tiles, Matt Floor Tile, Digital Wall Tiles, 60\u00d760 Porcelain Tiles, 80\u00d780 Glazed Porcelain Tiles, 60\u00d760 Vitrified Floor Tiles, 60\u00d7120 Polished Porcelain Vitrified \u2013 PGVT &amp; GVT, Thin Tiles, Granite Tiles, Wooden Strip, Ceramic Wall, Floor, Porcelain Tiles, Big Slab Porcelain Tiles, 3D Wall Tiles, Big Format Porcelain Tiles, Double Charge Vitrified Tiles, Full Body Tiles, subway tiles, small format wall tiles, Parking Tiles, Out Door Porcelain Tiles, Supper White Porcelain Tiles, \u00a0from India.<\/p>\n<p>Also, at FEA CERAMICS, the main aim is to help a business set up and establish their network of clients and generating additional revenue by reducing complications associated with it.<\/p>\n<p>&nbsp;<\/p>\n<p><strong>Company Product Available below city in MALDIVES: <\/strong><\/p>\n<h4><strong>Male, Hulhumale, Maafushi, Kuredu, Hulhule Etc.<\/strong><\/h4>\n<p><strong>\u00a0<\/strong><\/p>\n<p><strong><u>BELOW SIZES AVALABLE:<\/u><\/strong><\/p>\n<p><strong>CERAMICS WALL TILE<\/strong>: 30X45, 30X60<\/p>\n<p><strong>CERAMIC FLOOR TILE<\/strong>: 60\u00d760, 20\u00d7100, 20\u00d7120<\/p>\n<p><strong>GLAZED PORCELAIN TILES<\/strong>: 60\u00d760, 60\u00d7120, 80&#215;80,<\/p>\n<p><strong>DOUBLE LOADING \u2013 FULL BODY PORCELIN TILE<\/strong>: 60\u00d760, 60\u00d7120<\/p>\n<p><strong>SLAB PORCELAIN TILE<\/strong>: 75\u00d7150, 80\u00d7160, 90\u00d7180, 120\u00d7120, 120\u00d7240,<\/p>\n<p><strong>SUBWAY TILES &amp; MOSAIC TILES AVAILABLE <\/strong><\/p>","protected":false},"excerpt":{"rendered":"<p>\u0639\u0641\u0648\u0627\u060c \u0647\u0630\u0647 \u0627\u0644\u0645\u062f\u062e\u0644\u0629 \u0645\u0648\u062c\u0648\u062f\u0629 \u0641\u0642\u0637 \u0641\u064a English. For the sake of viewer convenience, the content is shown below in the alternative language. You may click the link to switch the active language. FEA CERAMICS: Tiles Export in MALDIVES \u00a0\u00a0\u00a0\u00a0\u00a0\u00a0\u00a0\u00a0\u00a0\u00a0\u00a0\u00a0 FEA CERAMICS, exports are spread across all over the globe with prime focus on niche markets&hellip;<\/p>\n<div class=\"text-right\"><a href=\"https:\/\/feaceramics.com\/ar\/export\/maldives\/\" class=\"btn\"><span>Read More<\/a><\/span><\/div>\n","protected":false},"author":2,"featured_media":0,"parent":2796,"menu_order":0,"comment_status":"closed","ping_status":"closed","template":"","meta":{"footnotes":""},"class_list":["post-5466","page","type-page","status-publish","hentry"],"_links":{"self":[{"href":"https:\/\/feaceramics.com\/ar\/wp-json\/wp\/v2\/pages\/5466","targetHints":{"allow":["GET"]}}],"collection":[{"href":"https:\/\/feaceramics.com\/ar\/wp-json\/wp\/v2\/pages"}],"about":[{"href":"https:\/\/feaceramics.com\/ar\/wp-json\/wp\/v2\/types\/page"}],"author":[{"embeddable":true,"href":"https:\/\/feaceramics.com\/ar\/wp-json\/wp\/v2\/users\/2"}],"replies":[{"embeddable":true,"href":"https:\/\/feaceramics.com\/ar\/wp-json\/wp\/v2\/comments?post=5466"}],"version-history":[{"count":1,"href":"https:\/\/feaceramics.com\/ar\/wp-json\/wp\/v2\/pages\/5466\/revisions"}],"predecessor-version":[{"id":5467,"href":"https:\/\/feaceramics.com\/ar\/wp-json\/wp\/v2\/pages\/5466\/revisions\/5467"}],"up":[{"embeddable":true,"href":"https:\/\/feaceramics.com\/ar\/wp-json\/wp\/v2\/pages\/2796"}],"wp:attachment":[{"href":"https:\/\/feaceramics.com\/ar\/wp-json\/wp\/v2\/media?parent=5466"}],"curies":[{"name":"wp","href":"https:\/\/api.w.org\/{rel}","templated":true}]}}