{"id":9541,"date":"2022-04-20T14:18:13","date_gmt":"2022-04-20T08:48:13","guid":{"rendered":"http:\/\/feaceramics.com\/?page_id=9541"},"modified":"2022-04-20T14:18:13","modified_gmt":"2022-04-20T08:48:13","slug":"largest-polished-porcelain-tiles-collection-santo-domingo-de-guzman-dominican-republic","status":"publish","type":"page","link":"https:\/\/feaceramics.com\/ar\/export\/dominican-republic\/largest-polished-porcelain-tiles-collection-santo-domingo-de-guzman-dominican-republic\/","title":{"rendered":"(English) Largest Polished Porcelain Tiles Collection Santo Domingo de Guzm\u00e1n &#8211; Dominican Republic"},"content":{"rendered":"<p class=\"qtranxs-available-languages-message qtranxs-available-languages-message-ar\">\u0639\u0641\u0648\u0627\u060c \u0647\u0630\u0647 \u0627\u0644\u0645\u062f\u062e\u0644\u0629 \u0645\u0648\u062c\u0648\u062f\u0629 \u0641\u0642\u0637 \u0641\u064a <a href=\"https:\/\/feaceramics.com\/en\/wp-json\/wp\/v2\/pages\/9541\" class=\"qtranxs-available-language-link qtranxs-available-language-link-en\" title=\"English\">English<\/a>. For the sake of viewer convenience, the content is shown below in the alternative language. You may click the link to switch the active language.<\/p><p><\/p>\n<h3><strong>FEA CERAMICS: Tiles Export in DOMINICAN REPUBLIC\u00a0 \u00a0 \u00a0 \u00a0<\/strong><\/h3>\n<p>FEA CERAMICS, exports are spread across all over the globe with prime focus on niche markets of DOMINICAN REPUBLIC \u00a0\u00a0\u00a0\u00a0\u00a0\u00a0\u00a0\u00a0\u00a0\u00a0export Since 2006, we are spreading our wings and delivering the best products globally.<\/p>\n<p>30\u00d760, Ordinary Wall Tile, Ceramic Wall Tile, Ceramic Floor tiles, Glossy Tiles, Matt Floor Tile, Digital Wall Tiles, 60\u00d760 Porcelain Tiles, 80\u00d780 Glazed Porcelain Tiles, 60\u00d760 Vitrified Floor Tiles, 60\u00d7120 Polished Porcelain Vitrified \u2013 PGVT &amp; GVT, Thin Tiles, Granite Tiles, Wooden Strip, Ceramic Wall, Floor, Porcelain Tiles, Big Slab Porcelain Tiles, 3D Wall Tiles, Big Format Porcelain Tiles, Double Charge Vitrified Tiles, Full Body Tiles, subway tiles, small format wall tiles, Parking Tiles, Out Door Porcelain Tiles, Supper White Porcelain Tiles, \u00a0from India.<\/p>","protected":false},"excerpt":{"rendered":"<p>\u0639\u0641\u0648\u0627\u060c \u0647\u0630\u0647 \u0627\u0644\u0645\u062f\u062e\u0644\u0629 \u0645\u0648\u062c\u0648\u062f\u0629 \u0641\u0642\u0637 \u0641\u064a English. For the sake of viewer convenience, the content is shown below in the alternative language. You may click the link to switch the active language. FEA CERAMICS: Tiles Export in DOMINICAN REPUBLIC\u00a0 \u00a0 \u00a0 \u00a0 FEA CERAMICS, exports are spread across all over the globe with prime focus&hellip;<\/p>\n<div class=\"text-right\"><a href=\"https:\/\/feaceramics.com\/ar\/export\/dominican-republic\/largest-polished-porcelain-tiles-collection-santo-domingo-de-guzman-dominican-republic\/\" class=\"btn\"><span>Read More<\/a><\/span><\/div>\n","protected":false},"author":2,"featured_media":0,"parent":5439,"menu_order":0,"comment_status":"closed","ping_status":"closed","template":"","meta":{"footnotes":""},"class_list":["post-9541","page","type-page","status-publish","hentry"],"_links":{"self":[{"href":"https:\/\/feaceramics.com\/ar\/wp-json\/wp\/v2\/pages\/9541","targetHints":{"allow":["GET"]}}],"collection":[{"href":"https:\/\/feaceramics.com\/ar\/wp-json\/wp\/v2\/pages"}],"about":[{"href":"https:\/\/feaceramics.com\/ar\/wp-json\/wp\/v2\/types\/page"}],"author":[{"embeddable":true,"href":"https:\/\/feaceramics.com\/ar\/wp-json\/wp\/v2\/users\/2"}],"replies":[{"embeddable":true,"href":"https:\/\/feaceramics.com\/ar\/wp-json\/wp\/v2\/comments?post=9541"}],"version-history":[{"count":2,"href":"https:\/\/feaceramics.com\/ar\/wp-json\/wp\/v2\/pages\/9541\/revisions"}],"predecessor-version":[{"id":9543,"href":"https:\/\/feaceramics.com\/ar\/wp-json\/wp\/v2\/pages\/9541\/revisions\/9543"}],"up":[{"embeddable":true,"href":"https:\/\/feaceramics.com\/ar\/wp-json\/wp\/v2\/pages\/5439"}],"wp:attachment":[{"href":"https:\/\/feaceramics.com\/ar\/wp-json\/wp\/v2\/media?parent=9541"}],"curies":[{"name":"wp","href":"https:\/\/api.w.org\/{rel}","templated":true}]}}