{"id":13320,"date":"2024-08-17T16:47:22","date_gmt":"2024-08-17T11:17:22","guid":{"rendered":"http:\/\/feaceramics.com\/?page_id=13320"},"modified":"2024-08-17T16:47:22","modified_gmt":"2024-08-17T11:17:22","slug":"porcelain-floor-tiles-in-miami-florida-usa","status":"publish","type":"page","link":"https:\/\/feaceramics.com\/de\/export\/usa\/porcelain-floor-tiles-in-miami-florida-usa\/","title":{"rendered":"(English) Porcelain Floor Tiles in Miami Florida &#8211; USA"},"content":{"rendered":"<p class=\"qtranxs-available-languages-message qtranxs-available-languages-message-de\">Leider ist der Eintrag nur auf <a href=\"https:\/\/feaceramics.com\/en\/wp-json\/wp\/v2\/pages\/13320\" class=\"qtranxs-available-language-link qtranxs-available-language-link-en\" title=\"English\">English<\/a> verf\u00fcgbar. Der Inhalt wird unten in einer verf\u00fcgbaren Sprache angezeigt. Klicken Sie auf den Link, um die aktuelle Sprache zu \u00e4ndern.<\/p><p>Largest Porcelain floor tiles collection available in Miami unites state of America. <a href=\"http:\/\/feaceramics.com\">fea ceramics<\/a> supply all type of cer5amic and porcelain tiles in Miami Florida &#8211; America. any importer and hole seller of ceramic and porcelain tiles contact us directly. we will offer you good quality tiles from india.<\/p>","protected":false},"excerpt":{"rendered":"<p>Leider ist der Eintrag nur auf English verf\u00fcgbar. Der Inhalt wird unten in einer verf\u00fcgbaren Sprache angezeigt. Klicken Sie auf den Link, um die aktuelle Sprache zu \u00e4ndern.Largest Porcelain floor tiles collection available in Miami unites state of America. fea ceramics supply all type of cer5amic and porcelain tiles in Miami Florida &#8211; America. any&hellip;<\/p>\n<div class=\"text-right\"><a href=\"https:\/\/feaceramics.com\/de\/export\/usa\/porcelain-floor-tiles-in-miami-florida-usa\/\" class=\"btn\"><span>Read More<\/a><\/span><\/div>\n","protected":false},"author":1,"featured_media":0,"parent":5342,"menu_order":0,"comment_status":"closed","ping_status":"closed","template":"","meta":{"footnotes":""},"class_list":["post-13320","page","type-page","status-publish","hentry"],"_links":{"self":[{"href":"https:\/\/feaceramics.com\/de\/wp-json\/wp\/v2\/pages\/13320","targetHints":{"allow":["GET"]}}],"collection":[{"href":"https:\/\/feaceramics.com\/de\/wp-json\/wp\/v2\/pages"}],"about":[{"href":"https:\/\/feaceramics.com\/de\/wp-json\/wp\/v2\/types\/page"}],"author":[{"embeddable":true,"href":"https:\/\/feaceramics.com\/de\/wp-json\/wp\/v2\/users\/1"}],"replies":[{"embeddable":true,"href":"https:\/\/feaceramics.com\/de\/wp-json\/wp\/v2\/comments?post=13320"}],"version-history":[{"count":1,"href":"https:\/\/feaceramics.com\/de\/wp-json\/wp\/v2\/pages\/13320\/revisions"}],"predecessor-version":[{"id":13321,"href":"https:\/\/feaceramics.com\/de\/wp-json\/wp\/v2\/pages\/13320\/revisions\/13321"}],"up":[{"embeddable":true,"href":"https:\/\/feaceramics.com\/de\/wp-json\/wp\/v2\/pages\/5342"}],"wp:attachment":[{"href":"https:\/\/feaceramics.com\/de\/wp-json\/wp\/v2\/media?parent=13320"}],"curies":[{"name":"wp","href":"https:\/\/api.w.org\/{rel}","templated":true}]}}