{"id":3531,"date":"2018-03-30T11:35:42","date_gmt":"2018-03-30T06:05:42","guid":{"rendered":"http:\/\/feaceramics.com\/?page_id=3531"},"modified":"2018-04-09T12:26:18","modified_gmt":"2018-04-09T06:56:18","slug":"rustic-look-floor-tiles","status":"publish","type":"page","link":"https:\/\/feaceramics.com\/de\/rustic-look-floor-tiles\/","title":{"rendered":"(English) RUSTIC LOOK FLOOR TILES"},"content":{"rendered":"<p class=\"qtranxs-available-languages-message qtranxs-available-languages-message-de\">Leider ist der Eintrag nur auf <a href=\"https:\/\/feaceramics.com\/en\/wp-json\/wp\/v2\/pages\/3531\" class=\"qtranxs-available-language-link qtranxs-available-language-link-en\" title=\"English\">English<\/a> verf\u00fcgbar. Der Inhalt wird unten in einer verf\u00fcgbaren Sprache angezeigt. Klicken Sie auf den Link, um die aktuelle Sprache zu \u00e4ndern.<\/p><p><\/p>\n<p>[vc_row][vc_column][vc_basic_grid post_type=&#8221;product&#8221; max_items=&#8221;-1&#8243; style=&#8221;lazy&#8221; items_per_page=&#8221;12&#8243; show_filter=&#8221;yes&#8221; item=&#8221;masonryGrid_BlurOut&#8221; grid_id=&#8221;vc_gid:1523256919998-437bc4e6-a750-10&#8243; taxonomies=&#8221;258&#8243; filter_source=&#8221;product_cat&#8221;][\/vc_column][\/vc_row]<\/p>\n<p><\/p>","protected":false},"excerpt":{"rendered":"<p>Leider ist der Eintrag nur auf English verf\u00fcgbar. Der Inhalt wird unten in einer verf\u00fcgbaren Sprache angezeigt. Klicken Sie auf den Link, um die aktuelle Sprache zu \u00e4ndern. [vc_row][vc_column][vc_basic_grid post_type=&#8221;product&#8221; max_items=&#8221;-1&#8243; style=&#8221;lazy&#8221; items_per_page=&#8221;12&#8243; show_filter=&#8221;yes&#8221; item=&#8221;masonryGrid_BlurOut&#8221; grid_id=&#8221;vc_gid:1523256919998-437bc4e6-a750-10&#8243; taxonomies=&#8221;258&#8243; filter_source=&#8221;product_cat&#8221;][\/vc_column][\/vc_row]<\/p>\n","protected":false},"author":1,"featured_media":0,"parent":0,"menu_order":0,"comment_status":"closed","ping_status":"closed","template":"","meta":{"footnotes":""},"class_list":["post-3531","page","type-page","status-publish","hentry"],"_links":{"self":[{"href":"https:\/\/feaceramics.com\/de\/wp-json\/wp\/v2\/pages\/3531","targetHints":{"allow":["GET"]}}],"collection":[{"href":"https:\/\/feaceramics.com\/de\/wp-json\/wp\/v2\/pages"}],"about":[{"href":"https:\/\/feaceramics.com\/de\/wp-json\/wp\/v2\/types\/page"}],"author":[{"embeddable":true,"href":"https:\/\/feaceramics.com\/de\/wp-json\/wp\/v2\/users\/1"}],"replies":[{"embeddable":true,"href":"https:\/\/feaceramics.com\/de\/wp-json\/wp\/v2\/comments?post=3531"}],"version-history":[{"count":2,"href":"https:\/\/feaceramics.com\/de\/wp-json\/wp\/v2\/pages\/3531\/revisions"}],"predecessor-version":[{"id":3575,"href":"https:\/\/feaceramics.com\/de\/wp-json\/wp\/v2\/pages\/3531\/revisions\/3575"}],"wp:attachment":[{"href":"https:\/\/feaceramics.com\/de\/wp-json\/wp\/v2\/media?parent=3531"}],"curies":[{"name":"wp","href":"https:\/\/api.w.org\/{rel}","templated":true}]}}