{"id":4447,"date":"2018-06-01T11:20:51","date_gmt":"2018-06-01T05:50:51","guid":{"rendered":"http:\/\/feaceramics.com\/?page_id=4447"},"modified":"2020-04-26T20:01:02","modified_gmt":"2020-04-26T14:31:02","slug":"porcelain-tiles","status":"publish","type":"page","link":"https:\/\/feaceramics.com\/de\/porcelain-tiles\/","title":{"rendered":"(English) Porcelain Tiles"},"content":{"rendered":"<p class=\"qtranxs-available-languages-message qtranxs-available-languages-message-de\">Leider ist der Eintrag nur auf <a href=\"https:\/\/feaceramics.com\/en\/wp-json\/wp\/v2\/pages\/4447\" class=\"qtranxs-available-language-link qtranxs-available-language-link-en\" title=\"English\">English<\/a> verf\u00fcgbar. Der Inhalt wird unten in einer verf\u00fcgbaren Sprache angezeigt. Klicken Sie auf den Link, um die aktuelle Sprache zu \u00e4ndern.<\/p><p>[vc_row][vc_column][vc_basic_grid post_type=&#8221;product&#8221; max_items=&#8221;-1&#8243; show_filter=&#8221;yes&#8221; item=&#8221;mediaGrid_BlurWithContentBlock&#8221; grid_id=&#8221;vc_gid:1587911393902-821810b7-d4b3-8&#8243; taxonomies=&#8221;707&#8243; filter_source=&#8221;product_cat&#8221;][\/vc_column][\/vc_row]<\/p>","protected":false},"excerpt":{"rendered":"<p>Leider ist der Eintrag nur auf English verf\u00fcgbar. Der Inhalt wird unten in einer verf\u00fcgbaren Sprache angezeigt. Klicken Sie auf den Link, um die aktuelle Sprache zu \u00e4ndern.[vc_row][vc_column][vc_basic_grid post_type=&#8221;product&#8221; max_items=&#8221;-1&#8243; show_filter=&#8221;yes&#8221; item=&#8221;mediaGrid_BlurWithContentBlock&#8221; grid_id=&#8221;vc_gid:1587911393902-821810b7-d4b3-8&#8243; taxonomies=&#8221;707&#8243; filter_source=&#8221;product_cat&#8221;][\/vc_column][\/vc_row]<\/p>\n","protected":false},"author":1,"featured_media":0,"parent":0,"menu_order":0,"comment_status":"closed","ping_status":"closed","template":"","meta":{"footnotes":""},"class_list":["post-4447","page","type-page","status-publish","hentry"],"_links":{"self":[{"href":"https:\/\/feaceramics.com\/de\/wp-json\/wp\/v2\/pages\/4447","targetHints":{"allow":["GET"]}}],"collection":[{"href":"https:\/\/feaceramics.com\/de\/wp-json\/wp\/v2\/pages"}],"about":[{"href":"https:\/\/feaceramics.com\/de\/wp-json\/wp\/v2\/types\/page"}],"author":[{"embeddable":true,"href":"https:\/\/feaceramics.com\/de\/wp-json\/wp\/v2\/users\/1"}],"replies":[{"embeddable":true,"href":"https:\/\/feaceramics.com\/de\/wp-json\/wp\/v2\/comments?post=4447"}],"version-history":[{"count":5,"href":"https:\/\/feaceramics.com\/de\/wp-json\/wp\/v2\/pages\/4447\/revisions"}],"predecessor-version":[{"id":5696,"href":"https:\/\/feaceramics.com\/de\/wp-json\/wp\/v2\/pages\/4447\/revisions\/5696"}],"wp:attachment":[{"href":"https:\/\/feaceramics.com\/de\/wp-json\/wp\/v2\/media?parent=4447"}],"curies":[{"name":"wp","href":"https:\/\/api.w.org\/{rel}","templated":true}]}}