{"id":5449,"date":"2020-02-05T12:18:06","date_gmt":"2020-02-05T06:48:06","guid":{"rendered":"http:\/\/feaceramics.com\/?page_id=5449"},"modified":"2020-02-05T16:24:36","modified_gmt":"2020-02-05T10:54:36","slug":"ireland","status":"publish","type":"page","link":"https:\/\/feaceramics.com\/de\/export\/ireland\/","title":{"rendered":"(English) IRELAND"},"content":{"rendered":"<p class=\"qtranxs-available-languages-message qtranxs-available-languages-message-de\">Leider ist der Eintrag nur auf <a href=\"https:\/\/feaceramics.com\/en\/wp-json\/wp\/v2\/pages\/5449\" class=\"qtranxs-available-language-link qtranxs-available-language-link-en\" title=\"English\">English<\/a> verf\u00fcgbar. Der Inhalt wird unten in einer verf\u00fcgbaren Sprache angezeigt. Klicken Sie auf den Link, um die aktuelle Sprache zu \u00e4ndern.<\/p><p><\/p>\n<h3><strong>FEA CERAMICS: Tiles Export in IRELAND<\/strong><\/h3>\n<p>&nbsp;<\/p>\n<p>We are Face group of company India, We are Manufacture and exporter Ceramics Wall, Floor Tiles, Slab Tiles, Subway Tiles, Porcelain Tiles With different sizes. Fea ceramics selling tiles in IRELAND Market with different sizes and product.<\/p>\n<p>FEA CERAMICS, exports are spread across all over the globe with prime focus on niche markets of IRELAND Export Since 2006, we are spreading our wings and delivering the best products globally.<\/p>\n<p>30\u00d760, Ordinary Wall Tile, Ceramic Wall Tile, Ceramic Floor tiles, Glossy Tiles, Matt Floor Tile, Digital Wall Tiles, 60\u00d760 Porcelain Tiles, 80\u00d780 Glazed Porcelain Tiles, 60\u00d760 Vitrified Floor Tiles, 60\u00d7120 Polished Porcelain Vitrified \u2013 PGVT &amp; GVT, Thin Tiles, Granite Tiles, Wooden Strip, Ceramic Wall, Floor, Porcelain Tiles, Big Slab Porcelain Tiles, 3D Wall Tiles, Big Format Porcelain Tiles, Double Charge Vitrified Tiles, Full Body Tiles, subway tiles, small format wall tiles, Parking Tiles, Out Door Porcelain Tiles, Supper White Porcelain Tiles, \u00a0from India.<\/p>\n<p>Also, at FEA CERAMICS, the main aim is to help a business set up and establish their network of clients and generating additional revenue by reducing complications associated with it.<\/p>\n<p>&nbsp;<\/p>\n<p><strong>Company Product Available below city in IRELAND: <\/strong><\/p>\n<h4><strong>Dublin, Cork, Galway, Limerick, Waterford, Belfast, Kilkeny, Londonderry Etc.<\/strong><\/h4>\n<p><strong>\u00a0<\/strong><\/p>\n<p><strong><u>BELOW SIZES AVALABLE:<\/u><\/strong><\/p>\n<p><strong>CERAMICS WALL TILE<\/strong>: 30X45, 30X60<\/p>\n<p><strong>CERAMIC FLOOR TILE<\/strong>: 60\u00d760, 20\u00d7100, 20\u00d7120<\/p>\n<p><strong>GLAZED PORCELIN TILES<\/strong>: 60\u00d760, 60\u00d7120, 80&#215;80,<\/p>\n<p><strong>DOUBLE LOADING \u2013 FULL BODY PORCELIN TILE<\/strong>: 60\u00d760, 60\u00d7120<\/p>\n<p><strong>SLAB PORCELIN TILE<\/strong>: 75\u00d7150, 80\u00d7160, 90\u00d7180, 120\u00d7120, 120\u00d7240,<\/p>\n<p><strong>SUBWAY TILES &amp; MOSAIC TILES AVAILABLE <\/strong><\/p>","protected":false},"excerpt":{"rendered":"<p>Leider ist der Eintrag nur auf English verf\u00fcgbar. Der Inhalt wird unten in einer verf\u00fcgbaren Sprache angezeigt. Klicken Sie auf den Link, um die aktuelle Sprache zu \u00e4ndern. FEA CERAMICS: Tiles Export in IRELAND &nbsp; We are Face group of company India, We are Manufacture and exporter Ceramics Wall, Floor Tiles, Slab Tiles, Subway Tiles,&hellip;<\/p>\n<div class=\"text-right\"><a href=\"https:\/\/feaceramics.com\/de\/export\/ireland\/\" class=\"btn\"><span>Read More<\/a><\/span><\/div>\n","protected":false},"author":2,"featured_media":0,"parent":2796,"menu_order":0,"comment_status":"closed","ping_status":"closed","template":"","meta":{"footnotes":""},"class_list":["post-5449","page","type-page","status-publish","hentry"],"_links":{"self":[{"href":"https:\/\/feaceramics.com\/de\/wp-json\/wp\/v2\/pages\/5449","targetHints":{"allow":["GET"]}}],"collection":[{"href":"https:\/\/feaceramics.com\/de\/wp-json\/wp\/v2\/pages"}],"about":[{"href":"https:\/\/feaceramics.com\/de\/wp-json\/wp\/v2\/types\/page"}],"author":[{"embeddable":true,"href":"https:\/\/feaceramics.com\/de\/wp-json\/wp\/v2\/users\/2"}],"replies":[{"embeddable":true,"href":"https:\/\/feaceramics.com\/de\/wp-json\/wp\/v2\/comments?post=5449"}],"version-history":[{"count":1,"href":"https:\/\/feaceramics.com\/de\/wp-json\/wp\/v2\/pages\/5449\/revisions"}],"predecessor-version":[{"id":5450,"href":"https:\/\/feaceramics.com\/de\/wp-json\/wp\/v2\/pages\/5449\/revisions\/5450"}],"up":[{"embeddable":true,"href":"https:\/\/feaceramics.com\/de\/wp-json\/wp\/v2\/pages\/2796"}],"wp:attachment":[{"href":"https:\/\/feaceramics.com\/de\/wp-json\/wp\/v2\/media?parent=5449"}],"curies":[{"name":"wp","href":"https:\/\/api.w.org\/{rel}","templated":true}]}}