{"id":5572,"date":"2020-02-07T12:00:59","date_gmt":"2020-02-07T06:30:59","guid":{"rendered":"http:\/\/feaceramics.com\/?page_id=5572"},"modified":"2020-02-21T14:46:43","modified_gmt":"2020-02-21T09:16:43","slug":"afghanistan","status":"publish","type":"page","link":"https:\/\/feaceramics.com\/de\/export\/afghanistan\/","title":{"rendered":"(English) AFGHANISTAN"},"content":{"rendered":"<p class=\"qtranxs-available-languages-message qtranxs-available-languages-message-de\">Leider ist der Eintrag nur auf <a href=\"https:\/\/feaceramics.com\/en\/wp-json\/wp\/v2\/pages\/5572\" class=\"qtranxs-available-language-link qtranxs-available-language-link-en\" title=\"English\">English<\/a> verf\u00fcgbar. Der Inhalt wird unten in einer verf\u00fcgbaren Sprache angezeigt. Klicken Sie auf den Link, um die aktuelle Sprache zu \u00e4ndern.<\/p><p><\/p>\n<h3><strong><img loading=\"lazy\" decoding=\"async\" class=\"alignright wp-image-5652 size-large\" src=\"https:\/\/feaceramics.s3.ap-south-1.amazonaws.com\/wp-content\/uploads\/2020\/02\/afg-1-1024x488.jpg\" alt=\"\" width=\"960\" height=\"458\" srcset=\"https:\/\/feaceramics.s3.ap-south-1.amazonaws.com\/wp-content\/uploads\/2020\/02\/afg-1-1024x488.jpg 1024w, https:\/\/feaceramics.s3.ap-south-1.amazonaws.com\/wp-content\/uploads\/2020\/02\/afg-1-300x143.jpg 300w, https:\/\/feaceramics.s3.ap-south-1.amazonaws.com\/wp-content\/uploads\/2020\/02\/afg-1-768x366.jpg 768w, https:\/\/feaceramics.s3.ap-south-1.amazonaws.com\/wp-content\/uploads\/2020\/02\/afg-1.jpg 1536w, https:\/\/feaceramics.s3.ap-south-1.amazonaws.com\/wp-content\/uploads\/2020\/02\/afg-1-600x286.jpg 600w, https:\/\/feaceramics.s3.ap-south-1.amazonaws.com\/wp-content\/uploads\/2020\/02\/afg-1.jpg 1680w\" sizes=\"auto, (max-width: 960px) 100vw, 960px\" \/>FEA CERAMICS: Tiles Export in AFGHANISTAN:<\/strong><\/h3>\n<p>We are Face group of company India, we are Manufacture and exporter Ceramics Wall, Floor Tiles, Slab Tiles, Subway Tiles, Porcelain Tiles With different sizes. Fea ceramics selling tiles in AFGHANISTAN Market with different sizes and product<\/p>\n<p>FEA CERAMICS, exports are spread across all over the globe with prime focus on niche markets of AFGHANISTAN Export Since 2006, we are spreading our wings and delivering the best products globally.<\/p>\n<p>30\u00d760, Ordinary Wall Tile, Ceramic Wall Tile, Ceramic Floor tiles, Glossy Tiles, Matt Floor Tile, Digital Wall Tiles, 60\u00d760 Porcelain Tiles, 80\u00d780 Glazed Porcelain Tiles, 60\u00d760 Vitrified Floor Tiles, 60\u00d7120 Polished Porcelain Vitrified \u2013 PGVT &amp; GVT, Thin Tiles, Granite Tiles, Wooden Strip, Ceramic Wall, Floor, Porcelain Tiles, Big Slab Porcelain Tiles, 3D Wall Tiles, Big Format Porcelain Tiles, Double Charge Vitrified Tiles, Full Body Tiles, subway tiles, small format wall tiles, Parking Tiles, Out Door Porcelain Tiles, Supper White Porcelain Tiles, \u00a0from India.<\/p>\n<p>Also, at FEA CERAMICS, the main aim is to help a business set up and establish their network of clients and generating additional revenue by reducing complications associated with it.<\/p>\n<p>&nbsp;<\/p>\n<p><strong>Company Product Available below city in AFGHANISTAN: <\/strong><\/p>\n<h4><strong>Kabul, Kandahar, Jalalabad, Herat, Ghazni Etc.<\/strong><\/h4>\n<p><strong>\u00a0<\/strong><\/p>\n<p><strong><u>BELOW SIZES AVALABLE:<\/u><\/strong><\/p>\n<p><strong>CERAMICS WALL TILE<\/strong>: 30X45, 30X60<\/p>\n<p><strong>CERAMIC FLOOR TILE<\/strong>: 60\u00d760, 20\u00d7100, 20\u00d7120<\/p>\n<p><strong>GLAZED PORCELAIN TILES<\/strong>: 60\u00d760, 60\u00d7120, 80&#215;80,<\/p>\n<p><strong>DOUBLE LOADING \u2013 FULL BODY PORCELIN TILE<\/strong>: 60\u00d760, 60\u00d7120<\/p>\n<p><strong>SLAB PORCELAIN TILE<\/strong>: 75\u00d7150, 80\u00d7160, 90\u00d7180, 120\u00d7120, 120\u00d7240,<\/p>\n<p><strong>SUBWAY TILES &amp; MOSAIC TILES AVAILABLE <\/strong><\/p>","protected":false},"excerpt":{"rendered":"<p>Leider ist der Eintrag nur auf English verf\u00fcgbar. Der Inhalt wird unten in einer verf\u00fcgbaren Sprache angezeigt. Klicken Sie auf den Link, um die aktuelle Sprache zu \u00e4ndern. FEA CERAMICS: Tiles Export in AFGHANISTAN: We are Face group of company India, we are Manufacture and exporter Ceramics Wall, Floor Tiles, Slab Tiles, Subway Tiles, Porcelain&hellip;<\/p>\n<div class=\"text-right\"><a href=\"https:\/\/feaceramics.com\/de\/export\/afghanistan\/\" class=\"btn\"><span>Read More<\/a><\/span><\/div>\n","protected":false},"author":2,"featured_media":0,"parent":2796,"menu_order":0,"comment_status":"closed","ping_status":"closed","template":"","meta":{"footnotes":""},"class_list":["post-5572","page","type-page","status-publish","hentry"],"_links":{"self":[{"href":"https:\/\/feaceramics.com\/de\/wp-json\/wp\/v2\/pages\/5572","targetHints":{"allow":["GET"]}}],"collection":[{"href":"https:\/\/feaceramics.com\/de\/wp-json\/wp\/v2\/pages"}],"about":[{"href":"https:\/\/feaceramics.com\/de\/wp-json\/wp\/v2\/types\/page"}],"author":[{"embeddable":true,"href":"https:\/\/feaceramics.com\/de\/wp-json\/wp\/v2\/users\/2"}],"replies":[{"embeddable":true,"href":"https:\/\/feaceramics.com\/de\/wp-json\/wp\/v2\/comments?post=5572"}],"version-history":[{"count":5,"href":"https:\/\/feaceramics.com\/de\/wp-json\/wp\/v2\/pages\/5572\/revisions"}],"predecessor-version":[{"id":5658,"href":"https:\/\/feaceramics.com\/de\/wp-json\/wp\/v2\/pages\/5572\/revisions\/5658"}],"up":[{"embeddable":true,"href":"https:\/\/feaceramics.com\/de\/wp-json\/wp\/v2\/pages\/2796"}],"wp:attachment":[{"href":"https:\/\/feaceramics.com\/de\/wp-json\/wp\/v2\/media?parent=5572"}],"curies":[{"name":"wp","href":"https:\/\/api.w.org\/{rel}","templated":true}]}}