{"id":9544,"date":"2022-04-20T14:23:06","date_gmt":"2022-04-20T08:53:06","guid":{"rendered":"http:\/\/feaceramics.com\/?page_id=9544"},"modified":"2022-04-20T14:23:58","modified_gmt":"2022-04-20T08:53:58","slug":"largest-polished-porcelain-tiles-collection-santiago-de-los-caballeros-dominican-republic","status":"publish","type":"page","link":"https:\/\/feaceramics.com\/de\/export\/dominican-republic\/largest-polished-porcelain-tiles-collection-santiago-de-los-caballeros-dominican-republic\/","title":{"rendered":"Largest Polished Porcelain Tiles Collection Santiago de los Caballeros &#8211; Dominican Republic"},"content":{"rendered":"<p class=\"qtranxs-available-languages-message qtranxs-available-languages-message-de\">Leider ist der Eintrag nur auf <a href=\"https:\/\/feaceramics.com\/en\/wp-json\/wp\/v2\/pages\/9544\" class=\"qtranxs-available-language-link qtranxs-available-language-link-en\" title=\"English\">English<\/a> verf\u00fcgbar. Der Inhalt wird unten in einer verf\u00fcgbaren Sprache angezeigt. Klicken Sie auf den Link, um die aktuelle Sprache zu \u00e4ndern.<\/p><p>Are you looking for porcelain tiles for your home in <a href=\"http:\/\/feaceramics.com\/export\/dominican-republic\/\">Santiago de los Caballeros<\/a> please contact us &#8211; dilip@faceimpex.com. fea ceramics produce all type of ceramic and porcelain tiles for export, we have 60&#215;60, 60&#215;120, 80&#215;80, 80&#215;160, 30&#215;60 all type of ceramic wall and floor tiles.<\/p>\n<p><img loading=\"lazy\" decoding=\"async\" class=\"alignnone  wp-image-9246\" src=\"https:\/\/feaceramics.s3.ap-south-1.amazonaws.com\/wp-content\/uploads\/2022\/02\/3-porcelain.gif\" alt=\"floor marble\" width=\"975\" height=\"975\" \/><\/p>","protected":false},"excerpt":{"rendered":"<p>Leider ist der Eintrag nur auf English verf\u00fcgbar. Der Inhalt wird unten in einer verf\u00fcgbaren Sprache angezeigt. Klicken Sie auf den Link, um die aktuelle Sprache zu \u00e4ndern.Are you looking for porcelain tiles for your home in Santiago de los Caballeros please contact us &#8211; dilip@faceimpex.com. fea ceramics produce all type of ceramic and porcelain&hellip;<\/p>\n<div class=\"text-right\"><a href=\"https:\/\/feaceramics.com\/de\/export\/dominican-republic\/largest-polished-porcelain-tiles-collection-santiago-de-los-caballeros-dominican-republic\/\" class=\"btn\"><span>Read More<\/a><\/span><\/div>\n","protected":false},"author":2,"featured_media":0,"parent":5439,"menu_order":0,"comment_status":"closed","ping_status":"closed","template":"","meta":{"footnotes":""},"class_list":["post-9544","page","type-page","status-publish","hentry"],"_links":{"self":[{"href":"https:\/\/feaceramics.com\/de\/wp-json\/wp\/v2\/pages\/9544","targetHints":{"allow":["GET"]}}],"collection":[{"href":"https:\/\/feaceramics.com\/de\/wp-json\/wp\/v2\/pages"}],"about":[{"href":"https:\/\/feaceramics.com\/de\/wp-json\/wp\/v2\/types\/page"}],"author":[{"embeddable":true,"href":"https:\/\/feaceramics.com\/de\/wp-json\/wp\/v2\/users\/2"}],"replies":[{"embeddable":true,"href":"https:\/\/feaceramics.com\/de\/wp-json\/wp\/v2\/comments?post=9544"}],"version-history":[{"count":4,"href":"https:\/\/feaceramics.com\/de\/wp-json\/wp\/v2\/pages\/9544\/revisions"}],"predecessor-version":[{"id":9548,"href":"https:\/\/feaceramics.com\/de\/wp-json\/wp\/v2\/pages\/9544\/revisions\/9548"}],"up":[{"embeddable":true,"href":"https:\/\/feaceramics.com\/de\/wp-json\/wp\/v2\/pages\/5439"}],"wp:attachment":[{"href":"https:\/\/feaceramics.com\/de\/wp-json\/wp\/v2\/media?parent=9544"}],"curies":[{"name":"wp","href":"https:\/\/api.w.org\/{rel}","templated":true}]}}