{"id":9781,"date":"2022-05-21T16:51:42","date_gmt":"2022-05-21T11:21:42","guid":{"rendered":"http:\/\/feaceramics.com\/?page_id=9781"},"modified":"2022-05-21T16:51:42","modified_gmt":"2022-05-21T11:21:42","slug":"fea-ceramics-santo-domingo-de-guzman-ceramic-porcelain-tile-flooring","status":"publish","type":"page","link":"https:\/\/feaceramics.com\/de\/export\/dominican-republic\/fea-ceramics-santo-domingo-de-guzman-ceramic-porcelain-tile-flooring\/","title":{"rendered":"(English) FEA CERAMICS &#8211;  Santo Domingo de Guzm\u00e1n &#8211; Ceramic &#038; Porcelain Tile Flooring"},"content":{"rendered":"<p class=\"qtranxs-available-languages-message qtranxs-available-languages-message-de\">Leider ist der Eintrag nur auf <a href=\"https:\/\/feaceramics.com\/en\/wp-json\/wp\/v2\/pages\/9781\" class=\"qtranxs-available-language-link qtranxs-available-language-link-en\" title=\"English\">English<\/a> verf\u00fcgbar. Der Inhalt wird unten in einer verf\u00fcgbaren Sprache angezeigt. Klicken Sie auf den Link, um die aktuelle Sprache zu \u00e4ndern.<\/p><p>FEA CERAMICS &#8211; Santo Domingo de Guzm\u00e1n &#8211; Dominican Republic: Fea export all type of ceramic and porcelain tile in Santo Domingo de guzman &#8211; Dominican republic, sizes available &#8211; 60&#215;60, 60&#215;120, 80&#215;80, 80&#215;160 all are polished and matt surfaces. we have wide range with 1000+ design collections. We are manufacture and exporter ceramic wall, floor and porcelain tiles. We have wide range with different sizes. Fea ceramic produce all type of ceramic wall, floor tiles, porcelain tiles, bathroom tiles, kitchen tiles, flooring tiles, subway tiles<\/p>","protected":false},"excerpt":{"rendered":"<p>Leider ist der Eintrag nur auf English verf\u00fcgbar. Der Inhalt wird unten in einer verf\u00fcgbaren Sprache angezeigt. Klicken Sie auf den Link, um die aktuelle Sprache zu \u00e4ndern.FEA CERAMICS &#8211; Santo Domingo de Guzm\u00e1n &#8211; Dominican Republic: Fea export all type of ceramic and porcelain tile in Santo Domingo de guzman &#8211; Dominican republic, sizes&hellip;<\/p>\n<div class=\"text-right\"><a href=\"https:\/\/feaceramics.com\/de\/export\/dominican-republic\/fea-ceramics-santo-domingo-de-guzman-ceramic-porcelain-tile-flooring\/\" class=\"btn\"><span>Read More<\/a><\/span><\/div>\n","protected":false},"author":2,"featured_media":0,"parent":5439,"menu_order":0,"comment_status":"closed","ping_status":"closed","template":"","meta":{"footnotes":""},"class_list":["post-9781","page","type-page","status-publish","hentry"],"_links":{"self":[{"href":"https:\/\/feaceramics.com\/de\/wp-json\/wp\/v2\/pages\/9781","targetHints":{"allow":["GET"]}}],"collection":[{"href":"https:\/\/feaceramics.com\/de\/wp-json\/wp\/v2\/pages"}],"about":[{"href":"https:\/\/feaceramics.com\/de\/wp-json\/wp\/v2\/types\/page"}],"author":[{"embeddable":true,"href":"https:\/\/feaceramics.com\/de\/wp-json\/wp\/v2\/users\/2"}],"replies":[{"embeddable":true,"href":"https:\/\/feaceramics.com\/de\/wp-json\/wp\/v2\/comments?post=9781"}],"version-history":[{"count":1,"href":"https:\/\/feaceramics.com\/de\/wp-json\/wp\/v2\/pages\/9781\/revisions"}],"predecessor-version":[{"id":9782,"href":"https:\/\/feaceramics.com\/de\/wp-json\/wp\/v2\/pages\/9781\/revisions\/9782"}],"up":[{"embeddable":true,"href":"https:\/\/feaceramics.com\/de\/wp-json\/wp\/v2\/pages\/5439"}],"wp:attachment":[{"href":"https:\/\/feaceramics.com\/de\/wp-json\/wp\/v2\/media?parent=9781"}],"curies":[{"name":"wp","href":"https:\/\/api.w.org\/{rel}","templated":true}]}}