{"id":13981,"date":"2024-10-04T15:06:17","date_gmt":"2024-10-04T09:36:17","guid":{"rendered":"http:\/\/feaceramics.com\/?post_type=product&#038;p=13981"},"modified":"2024-10-04T15:06:18","modified_gmt":"2024-10-04T09:36:18","slug":"largest-wooden-floor-tiles-manufacture-in-india","status":"publish","type":"product","link":"https:\/\/feaceramics.com\/de\/product\/largest-wooden-floor-tiles-manufacture-in-india\/","title":{"rendered":"(English) Wooden Floor Tiles 200x1200mm \u2013 1516"},"content":{"rendered":"<p class=\"qtranxs-available-languages-message qtranxs-available-languages-message-de\">Leider ist der Eintrag nur auf <a href=\"https:\/\/feaceramics.com\/en\/wp-json\/wp\/v2\/product\/13981\" class=\"qtranxs-available-language-link qtranxs-available-language-link-en\" title=\"English\">English<\/a> verf\u00fcgbar. Der Inhalt wird unten in einer verf\u00fcgbaren Sprache angezeigt. Klicken Sie auf den Link, um die aktuelle Sprache zu \u00e4ndern.<\/p><p><strong><u>FEA CERAMICS \u2013 INDIA<\/u><\/strong><\/p>\n<p>We are manufacture &amp; exporter ceramic wall, floor and porcelain tiles from India. Fea Ceramics is a premier export house with over 15 years of expertise in the ceramic industry. We are proud to be backed by our own state-of-the-art ceramic manufacturing units, complemented by a vast network of trusted ceramic manufacturers as vendors. This robust foundation enables us to deliver products of the highest quality, ensured by our in-house quality control systems that meet international standards.<\/p>\n<p>Our product range includes a wide variety of ceramic wall tiles, floor tiles, and porcelain tiles in different sizes, catering to the diverse needs of our global clientele. Over the years, Fea Ceramics has established a reputation for reliability, excellence, and innovation. Our commitment to customer satisfaction is reflected in the strong relationships we have built with clients worldwide.<\/p>\n<p>With a focus on delivering premium products that adhere to international standards, we continue to be a trusted partner in the global ceramics market. Whether for residential, commercial, or industrial applications, Fea Ceramics remains dedicated to providing exceptional tile solutions.<\/p>\n<p>we have below format available: Our diverse product portfolio includes Ceramic Floor Tile, Ceramic Wall Tile, Double Charge Vitrified Tile, Elevation (Cladding) Tiles, Full Body Porcelain Tile, Glazed Vitrified Floor Tile, Glazed Porcelain Tile, Outdoor Parking Floor Tile, Slab Porcelain Tile, Wooden Flooring, Wooden Plank Tile, Large format Porcelain Tiles from India<\/p>\n<p>&nbsp;<\/p>\n<p><a href=\"http:\/\/feaceramics.com\/product-category\/porcelain-floor-tiles\/\"><strong>PORCELANTO: (VITRIFIED W.A &#8211; 0.5 %)<\/strong><\/a><\/p>\n<p>600 x 600mm | 600 x 1200mm | 800 x 800mm | 1000x1000mm | 800 x 1600mm |1200x1200mm.<\/p>\n<p><a href=\"http:\/\/feaceramics.com\/product-category\/ceramic-wall-tiles\/\"><strong>CERAMICO: (CERAMIC BODY W. A 10 TO 14 % )<\/strong><\/a><\/p>\n<p>200x300mm | 250x400mm|300 x 600mm | 300 X 450mm | 400 X 800mm| 250 X 375mm.<\/p>\n<p><a href=\"http:\/\/feaceramics.com\/product-category\/wooden-plain-punch-tiles\/\"><strong>WOODEN PLANK FLOOR TILES: (SEMI PORCELAIN BODY W. A 03 TO 6 % )<\/strong><\/a><\/p>\n<p>150 x 600mm | 150 X 900mm | 200 X 1000mm | 200 X 1200mm<\/p>\n<p><a href=\"http:\/\/feaceramics.com\/product-category\/slab-porcelain-tiles\/\"><strong>SLAB PORCELAIN TILES: (VITRIFIED W.A &#8211; 0.5 %)<\/strong><\/a><\/p>\n<p>1200x2400mm | 1200x1800mm | 800x2400mm | 800x1830mm | 800x3000mm | 800x3200mm | 1600x3200mm<\/p>\n<p>&nbsp;<\/p>\n<p><strong><u>DIFFERENT FINISH AVAILABLE<\/u>:<\/strong> Polished | Matt |Carving | High Gloss | Sugar | full body | color body<\/p>\n<p>We have updated technology, and an in-house R&amp; D team and Quality control team are there! Our production capacity is 15000 sq mt per day and with +60 countries exporting our p<\/p>","protected":false},"excerpt":{"rendered":"<p class=\"qtranxs-available-languages-message qtranxs-available-languages-message-de\">Leider ist der Eintrag nur auf <a href=\"https:\/\/feaceramics.com\/en\/wp-json\/wp\/v2\/product\/13981\" class=\"qtranxs-available-language-link qtranxs-available-language-link-en\" title=\"English\">English<\/a> verf\u00fcgbar. Der Inhalt wird unten in einer verf\u00fcgbaren Sprache angezeigt. Klicken Sie auf den Link, um die aktuelle Sprache zu \u00e4ndern.<\/p>\n<p>SIZE :- 200x1200mm<\/p>\n<p>PACKING : 5\/pcs<\/p>\n<p>COVARAGE :-1.20\/sqm<\/p>\n<p>THICKNESS :- 9.00mmApprox.<\/p>\n<p>MOQ :- 500 sqm<\/p>\n<p>USES :- Wall Tiles | Floor Tiles | Bathroom |Kitchen | Living room<\/p>\n<p>&nbsp;<\/p>\n<p>Wooden plank floor tiles measuring 200x1200mm by Fea Ceramics. offer the perfect blend of natural aesthetics and modern functionality for your home. With their natural wood look, these tiles bring warmth and elegance to any space, creating a cozy ambiance reminiscent of traditional wooden flooring.<\/p>\n","protected":false},"featured_media":13982,"template":"","meta":[],"product_brand":[],"product_cat":[3689,2852,2072],"product_tag":[3742,3737,3738,3740,3739,3741,3736],"class_list":{"0":"post-13981","1":"product","2":"type-product","3":"status-publish","4":"has-post-thumbnail","6":"product_cat-matt-200-x-1200","7":"product_cat-wooden-plain-punch-tiles","8":"product_cat-200x1200-mm-8x48","9":"product_tag-15x90-wooden-tile","10":"product_tag-200x1200mm-italian-floor-tile","11":"product_tag-bamboo-wood-tile","12":"product_tag-gress-wood-tile","13":"product_tag-natural-wooden-tiles-8x48","14":"product_tag-wooden-laminat-tiles-for-home","15":"product_tag-wooden-porcelain-tiles-exporter-in-india","17":"first","18":"instock","19":"shipping-taxable","20":"product-type-simple"},"_links":{"self":[{"href":"https:\/\/feaceramics.com\/de\/wp-json\/wp\/v2\/product\/13981","targetHints":{"allow":["GET"]}}],"collection":[{"href":"https:\/\/feaceramics.com\/de\/wp-json\/wp\/v2\/product"}],"about":[{"href":"https:\/\/feaceramics.com\/de\/wp-json\/wp\/v2\/types\/product"}],"wp:featuredmedia":[{"embeddable":true,"href":"https:\/\/feaceramics.com\/de\/wp-json\/wp\/v2\/media\/13982"}],"wp:attachment":[{"href":"https:\/\/feaceramics.com\/de\/wp-json\/wp\/v2\/media?parent=13981"}],"wp:term":[{"taxonomy":"product_brand","embeddable":true,"href":"https:\/\/feaceramics.com\/de\/wp-json\/wp\/v2\/product_brand?post=13981"},{"taxonomy":"product_cat","embeddable":true,"href":"https:\/\/feaceramics.com\/de\/wp-json\/wp\/v2\/product_cat?post=13981"},{"taxonomy":"product_tag","embeddable":true,"href":"https:\/\/feaceramics.com\/de\/wp-json\/wp\/v2\/product_tag?post=13981"}],"curies":[{"name":"wp","href":"https:\/\/api.w.org\/{rel}","templated":true}]}}