{"id":14626,"date":"2024-11-19T15:23:34","date_gmt":"2024-11-19T09:53:34","guid":{"rendered":"http:\/\/feaceramics.com\/?post_type=product&#038;p=14626"},"modified":"2024-11-19T15:27:21","modified_gmt":"2024-11-19T09:57:21","slug":"glossy-floor-tile","status":"publish","type":"product","link":"https:\/\/feaceramics.com\/de\/product\/glossy-floor-tile\/","title":{"rendered":"(English) F228 &#8211; Ceramic Floor Tiles 30&#215;30"},"content":{"rendered":"<p class=\"qtranxs-available-languages-message qtranxs-available-languages-message-de\">Leider ist der Eintrag nur auf <a href=\"https:\/\/feaceramics.com\/en\/wp-json\/wp\/v2\/product\/14626\" class=\"qtranxs-available-language-link qtranxs-available-language-link-en\" title=\"English\">English<\/a> verf\u00fcgbar. Der Inhalt wird unten in einer verf\u00fcgbaren Sprache angezeigt. Klicken Sie auf den Link, um die aktuelle Sprache zu \u00e4ndern.<\/p><p>Amongst these, Fea Ceramics \u2018 F228 Ceramic Floor Tiles in 30 x30 sizes can be regarded as premium brand that can be utilized for making your areas beautiful and functional. These types of tiles are specifically developed for their usage in homes with moderate traffic, for instance, kitchen, hallways and backyard patios. Crafted with accuracy the F228 tiles are stain proof, water proof and against the daily use and thus can be used in most homed and commercial spaces.<\/p>\n<p>F228 tiles range from different textures, patterns, and colours and therefore; do well to blend into modern or traditional exposure. The surface of these tiles is easier to scrub while their enhanced slip resistant feature makes them ideal for use in the bathroom and outside space. These Floor Tiles are produced by Fea Ceramics, a known name in the tile market that offers superior quality innovative and budget friendly product.<\/p>\n<p>Visit Fea Ceramics to select F228 Ceramic Floor Tiles that offer you the best value for your money, giving your home desirable aesthetics, durability and functionality of your flooring for the years to come.<\/p>","protected":false},"excerpt":{"rendered":"<p class=\"qtranxs-available-languages-message qtranxs-available-languages-message-de\">Leider ist der Eintrag nur auf <a href=\"https:\/\/feaceramics.com\/en\/wp-json\/wp\/v2\/product\/14626\" class=\"qtranxs-available-language-link qtranxs-available-language-link-en\" title=\"English\">English<\/a> verf\u00fcgbar. Der Inhalt wird unten in einer verf\u00fcgbaren Sprache angezeigt. Klicken Sie auf den Link, um die aktuelle Sprache zu \u00e4ndern.<\/p>\n<p>SIZE :- 300x300mm<\/p>\n<p>PACKING : 10\/pcs<\/p>\n<p>COVARAGE :-0.90\/sqm<\/p>\n<p>THICKNESS :- 8.00mmApprox.<\/p>\n<p>MOQ :- 500 sqm<\/p>\n<p>W\/A \u2013 3 TO 6% &amp; UP TO 10%<\/p>\n<p>&nbsp;<\/p>\n<p>Fea Ceramics&#8217; Digital Floor Tiles, sized 300x300mm, combine premium ceramic quality with modern digital printing for intricate designs. Water-resistant and easy to clean, they\u2019re ideal for bathrooms, kitchens, and other interiors, offering durability and style in a variety of colors and finishes.<\/p>\n","protected":false},"featured_media":14627,"template":"","meta":[],"product_brand":[],"product_cat":[3583,3584,3585,2070,2076],"product_tag":[3860,3859,1978,288,3858],"class_list":{"0":"post-14626","1":"product","2":"type-product","3":"status-publish","4":"has-post-thumbnail","6":"product_cat-glossy-floor-tile-300x300","7":"product_cat-matt-floor-tile-300x300","8":"product_cat-ordinary-floor-tile-300x300","9":"product_cat-best-ceramic-floor-tiles-manufacture-in-india","10":"product_cat-300x300-mm-12x12-ceramic-flooring-tiles","11":"product_tag-300x300mm-ceramic-tile","12":"product_tag-30x30-floor-tiles","13":"product_tag-ceramic-floor-tile","14":"product_tag-glossy-floor-tiles","15":"product_tag-matte-floor-tiles","17":"first","18":"instock","19":"shipping-taxable","20":"product-type-simple"},"_links":{"self":[{"href":"https:\/\/feaceramics.com\/de\/wp-json\/wp\/v2\/product\/14626","targetHints":{"allow":["GET"]}}],"collection":[{"href":"https:\/\/feaceramics.com\/de\/wp-json\/wp\/v2\/product"}],"about":[{"href":"https:\/\/feaceramics.com\/de\/wp-json\/wp\/v2\/types\/product"}],"wp:featuredmedia":[{"embeddable":true,"href":"https:\/\/feaceramics.com\/de\/wp-json\/wp\/v2\/media\/14627"}],"wp:attachment":[{"href":"https:\/\/feaceramics.com\/de\/wp-json\/wp\/v2\/media?parent=14626"}],"wp:term":[{"taxonomy":"product_brand","embeddable":true,"href":"https:\/\/feaceramics.com\/de\/wp-json\/wp\/v2\/product_brand?post=14626"},{"taxonomy":"product_cat","embeddable":true,"href":"https:\/\/feaceramics.com\/de\/wp-json\/wp\/v2\/product_cat?post=14626"},{"taxonomy":"product_tag","embeddable":true,"href":"https:\/\/feaceramics.com\/de\/wp-json\/wp\/v2\/product_tag?post=14626"}],"curies":[{"name":"wp","href":"https:\/\/api.w.org\/{rel}","templated":true}]}}