{"id":14852,"date":"2025-01-29T14:47:09","date_gmt":"2025-01-29T09:17:09","guid":{"rendered":"https:\/\/feaceramics.com\/?post_type=product&#038;p=14852"},"modified":"2025-01-29T17:29:31","modified_gmt":"2025-01-29T11:59:31","slug":"explore-200x300-wall-tiles-by-fea-ceramics","status":"publish","type":"product","link":"https:\/\/feaceramics.com\/de\/product\/explore-200x300-wall-tiles-by-fea-ceramics\/","title":{"rendered":"(English) Ceramic Wall Tiles 200x300mm \u2013 9039"},"content":{"rendered":"<p class=\"qtranxs-available-languages-message qtranxs-available-languages-message-de\">Leider ist der Eintrag nur auf <a href=\"https:\/\/feaceramics.com\/en\/wp-json\/wp\/v2\/product\/14852\" class=\"qtranxs-available-language-link qtranxs-available-language-link-en\" title=\"English\">English<\/a> verf\u00fcgbar. Der Inhalt wird unten in einer verf\u00fcgbaren Sprache angezeigt. Klicken Sie auf den Link, um die aktuelle Sprache zu \u00e4ndern.<\/p><p><strong>Explore 200\u00d7300 Wall Tiles by Fea Ceramics<\/strong><\/p>\n<p>Fea Ceramics offers a diverse range of tiles in various sizes, including the compact yet versatile 200x300mm wall tiles. Perfectly designed for bathrooms and kitchens, these tiles are not only functional but also stylish. Their smaller size makes them easy to clean and maintain, ensuring a hassle-free experience. these tiles provide an affordable solution for enhancing your space.<\/p>\n<p>To visualize how these tiles will look in your home, you can use Fea Ceramics\u2019 innovative tile visualizer tools,\u00a0<strong>Quick Look<\/strong>\u00a0and\u00a0<strong>Tria Look<\/strong>. Upload a picture of your bathroom or kitchen and instantly preview how different tiles will transform your space.<\/p>\n<p>Popular options in the 200\u00d7300 collection include\u00a0<strong>Creep Blue<\/strong>,\u00a0<strong>Craft Grey<\/strong>,\u00a0<strong>Plain Mango Yellow<\/strong>,\u00a0<strong>Loreno Gold<\/strong>, and\u00a0<strong>Picasso Beige<\/strong>. Visit your nearest Fea Ceramics store to explore these tiles and discover the best deals.<\/p>","protected":false},"excerpt":{"rendered":"<p class=\"qtranxs-available-languages-message qtranxs-available-languages-message-de\">Leider ist der Eintrag nur auf <a href=\"https:\/\/feaceramics.com\/en\/wp-json\/wp\/v2\/product\/14852\" class=\"qtranxs-available-language-link qtranxs-available-language-link-en\" title=\"English\">English<\/a> verf\u00fcgbar. Der Inhalt wird unten in einer verf\u00fcgbaren Sprache angezeigt. Klicken Sie auf den Link, um die aktuelle Sprache zu \u00e4ndern.<\/p>\n<p>SIZE : 200x300mm Ceramic Wall Tiles<\/p>\n<p>NO OF PCS : 16<\/p>\n<p>COVARAGE :-0.96\/sqm<\/p>\n<p>THICKNESS :- 6mmApprox.<\/p>\n<p>MOQ :- 500 sqm<\/p>\n<p>USES :- Wall Tiles | Floor Tiles | Bathroom |Kitchen | Living room<\/p>\n","protected":false},"featured_media":14853,"template":"","meta":[],"product_brand":[],"product_cat":[3596,3597,763,2066],"product_tag":[3912,3936,1224,3939,268,3888,3938,3937],"class_list":{"0":"post-14852","1":"product","2":"type-product","3":"status-publish","4":"has-post-thumbnail","6":"product_cat-digital-wall-tile-200x300","7":"product_cat-ordinary-wall-tile-200x300","8":"product_cat-best-ceramic-wall-tiles-manufacture-in-india","9":"product_cat-200x300-mm-8x12","10":"product_tag-200x300mm-wall-tiles","11":"product_tag-best-manufacture-in-morbi","12":"product_tag-ceramic-tiles","13":"product_tag-exporter-tiles","14":"product_tag-kitchen-tiles","15":"product_tag-ordinary-wall-tiles","16":"product_tag-tile-wall","17":"product_tag-tiles-supplier-in-morbi","19":"first","20":"instock","21":"shipping-taxable","22":"product-type-simple"},"_links":{"self":[{"href":"https:\/\/feaceramics.com\/de\/wp-json\/wp\/v2\/product\/14852","targetHints":{"allow":["GET"]}}],"collection":[{"href":"https:\/\/feaceramics.com\/de\/wp-json\/wp\/v2\/product"}],"about":[{"href":"https:\/\/feaceramics.com\/de\/wp-json\/wp\/v2\/types\/product"}],"wp:featuredmedia":[{"embeddable":true,"href":"https:\/\/feaceramics.com\/de\/wp-json\/wp\/v2\/media\/14853"}],"wp:attachment":[{"href":"https:\/\/feaceramics.com\/de\/wp-json\/wp\/v2\/media?parent=14852"}],"wp:term":[{"taxonomy":"product_brand","embeddable":true,"href":"https:\/\/feaceramics.com\/de\/wp-json\/wp\/v2\/product_brand?post=14852"},{"taxonomy":"product_cat","embeddable":true,"href":"https:\/\/feaceramics.com\/de\/wp-json\/wp\/v2\/product_cat?post=14852"},{"taxonomy":"product_tag","embeddable":true,"href":"https:\/\/feaceramics.com\/de\/wp-json\/wp\/v2\/product_tag?post=14852"}],"curies":[{"name":"wp","href":"https:\/\/api.w.org\/{rel}","templated":true}]}}