{"id":17015,"date":"2025-10-14T10:45:51","date_gmt":"2025-10-14T05:15:51","guid":{"rendered":"https:\/\/feaceramics.com\/?post_type=product&#038;p=17015"},"modified":"2025-10-14T10:45:51","modified_gmt":"2025-10-14T05:15:51","slug":"afyon-bliss-slab-porcelain-tiles","status":"publish","type":"product","link":"https:\/\/feaceramics.com\/de\/product\/afyon-bliss-slab-porcelain-tiles\/","title":{"rendered":"(English) AFYON BLISS &#8211; Slab Porcelain Tiles"},"content":{"rendered":"<p class=\"qtranxs-available-languages-message qtranxs-available-languages-message-de\">Leider ist der Eintrag nur auf <a href=\"https:\/\/feaceramics.com\/en\/wp-json\/wp\/v2\/product\/17015\" class=\"qtranxs-available-language-link qtranxs-available-language-link-en\" title=\"English\">English<\/a> verf\u00fcgbar. Der Inhalt wird unten in einer verf\u00fcgbaren Sprache angezeigt. Klicken Sie auf den Link, um die aktuelle Sprache zu \u00e4ndern.<\/p><p>High Glossy Slab Porcelain Tiles &#8211; Fea Ceramics<\/p>","protected":false},"excerpt":{"rendered":"<p class=\"qtranxs-available-languages-message qtranxs-available-languages-message-de\">Leider ist der Eintrag nur auf <a href=\"https:\/\/feaceramics.com\/en\/wp-json\/wp\/v2\/product\/17015\" class=\"qtranxs-available-language-link qtranxs-available-language-link-en\" title=\"English\">English<\/a> verf\u00fcgbar. Der Inhalt wird unten in einer verf\u00fcgbaren Sprache angezeigt. Klicken Sie auf den Link, um die aktuelle Sprache zu \u00e4ndern.<\/p>\n<p>Size: 1200X1800MM<br \/>\nThickness: 20MM<br \/>\nFinish: HighGlossy<\/p>\n<p>Categories: 1200 X 1800 MM, High Glossy (1200&#215;1800), Porcelain Slab<br \/>\nTag: HighGlossy<\/p>\n","protected":false},"featured_media":17016,"template":"","meta":[],"product_brand":[],"product_cat":[3569,3659,2077],"product_tag":[4216,4215,4217,4214,4218],"class_list":{"0":"post-17015","1":"product","2":"type-product","3":"status-publish","4":"has-post-thumbnail","6":"product_cat-1200x1800-mm","7":"product_cat-high-glossy-1200x1800","8":"product_cat-slab-porcelain-tiles","9":"product_tag-high-durability-porcelain-slabs-for-outdoor-wall-cladding","10":"product_tag-large-porcelain-slab-tiles-with-seamless-joint-appearance","11":"product_tag-sophisticated-porcelain-slab-tiles-for-living-room-decor","12":"product_tag-stain-and-water-resistant-slab-porcelain-tiles-for-kitchen","13":"product_tag-stylish-porcelain-slabs-with-realistic-marble-veins","15":"first","16":"instock","17":"shipping-taxable","18":"product-type-simple"},"_links":{"self":[{"href":"https:\/\/feaceramics.com\/de\/wp-json\/wp\/v2\/product\/17015","targetHints":{"allow":["GET"]}}],"collection":[{"href":"https:\/\/feaceramics.com\/de\/wp-json\/wp\/v2\/product"}],"about":[{"href":"https:\/\/feaceramics.com\/de\/wp-json\/wp\/v2\/types\/product"}],"wp:featuredmedia":[{"embeddable":true,"href":"https:\/\/feaceramics.com\/de\/wp-json\/wp\/v2\/media\/17016"}],"wp:attachment":[{"href":"https:\/\/feaceramics.com\/de\/wp-json\/wp\/v2\/media?parent=17015"}],"wp:term":[{"taxonomy":"product_brand","embeddable":true,"href":"https:\/\/feaceramics.com\/de\/wp-json\/wp\/v2\/product_brand?post=17015"},{"taxonomy":"product_cat","embeddable":true,"href":"https:\/\/feaceramics.com\/de\/wp-json\/wp\/v2\/product_cat?post=17015"},{"taxonomy":"product_tag","embeddable":true,"href":"https:\/\/feaceramics.com\/de\/wp-json\/wp\/v2\/product_tag?post=17015"}],"curies":[{"name":"wp","href":"https:\/\/api.w.org\/{rel}","templated":true}]}}