{"id":17032,"date":"2025-10-14T11:03:16","date_gmt":"2025-10-14T05:33:16","guid":{"rendered":"https:\/\/feaceramics.com\/?post_type=product&#038;p=17032"},"modified":"2025-10-14T11:03:16","modified_gmt":"2025-10-14T05:33:16","slug":"empire-white-edl-slab-porcelain-tiles","status":"publish","type":"product","link":"https:\/\/feaceramics.com\/de\/product\/empire-white-edl-slab-porcelain-tiles\/","title":{"rendered":"(English) EMPIRE WHITE EDL &#8211; Slab Porcelain Tiles"},"content":{"rendered":"<p class=\"qtranxs-available-languages-message qtranxs-available-languages-message-de\">Leider ist der Eintrag nur auf <a href=\"https:\/\/feaceramics.com\/en\/wp-json\/wp\/v2\/product\/17032\" class=\"qtranxs-available-language-link qtranxs-available-language-link-en\" title=\"English\">English<\/a> verf\u00fcgbar. Der Inhalt wird unten in einer verf\u00fcgbaren Sprache angezeigt. Klicken Sie auf den Link, um die aktuelle Sprache zu \u00e4ndern.<\/p><p>High Glossy Slab Porcelain Tiles &#8211; Fea Ceramics<\/p>","protected":false},"excerpt":{"rendered":"<p class=\"qtranxs-available-languages-message qtranxs-available-languages-message-de\">Leider ist der Eintrag nur auf <a href=\"https:\/\/feaceramics.com\/en\/wp-json\/wp\/v2\/product\/17032\" class=\"qtranxs-available-language-link qtranxs-available-language-link-en\" title=\"English\">English<\/a> verf\u00fcgbar. Der Inhalt wird unten in einer verf\u00fcgbaren Sprache angezeigt. Klicken Sie auf den Link, um die aktuelle Sprache zu \u00e4ndern.<\/p>\n<p>Size: 1200X1800MM<br \/>\nThickness: 20MM<br \/>\nFinish: HighGlossy<\/p>\n<p>Categories: 1200 X 1800 MM, High Glossy (1200&#215;1800), Porcelain Slab<br \/>\nTag: HighGlossy<\/p>\n","protected":false},"featured_media":17033,"template":"","meta":[],"product_brand":[],"product_cat":[3569,3659,2077],"product_tag":[4248,4249,4246,4247,4250],"class_list":{"0":"post-17032","1":"product","2":"type-product","3":"status-publish","4":"has-post-thumbnail","6":"product_cat-1200x1800-mm","7":"product_cat-high-glossy-1200x1800","8":"product_cat-slab-porcelain-tiles","9":"product_tag-beautiful-marble-texture-porcelain-slabs-for-wall-cladding","10":"product_tag-durable-porcelain-slabs-suitable-for-high-traffic-areas","11":"product_tag-low-porosity-porcelain-slabs-for-moisture-resistance","12":"product_tag-modern-slab-porcelain-tiles-for-open-concept-homes","13":"product_tag-seamless-edge-porcelain-slab-tiles-for-architectural-projects","15":"first","16":"instock","17":"shipping-taxable","18":"product-type-simple"},"_links":{"self":[{"href":"https:\/\/feaceramics.com\/de\/wp-json\/wp\/v2\/product\/17032","targetHints":{"allow":["GET"]}}],"collection":[{"href":"https:\/\/feaceramics.com\/de\/wp-json\/wp\/v2\/product"}],"about":[{"href":"https:\/\/feaceramics.com\/de\/wp-json\/wp\/v2\/types\/product"}],"wp:featuredmedia":[{"embeddable":true,"href":"https:\/\/feaceramics.com\/de\/wp-json\/wp\/v2\/media\/17033"}],"wp:attachment":[{"href":"https:\/\/feaceramics.com\/de\/wp-json\/wp\/v2\/media?parent=17032"}],"wp:term":[{"taxonomy":"product_brand","embeddable":true,"href":"https:\/\/feaceramics.com\/de\/wp-json\/wp\/v2\/product_brand?post=17032"},{"taxonomy":"product_cat","embeddable":true,"href":"https:\/\/feaceramics.com\/de\/wp-json\/wp\/v2\/product_cat?post=17032"},{"taxonomy":"product_tag","embeddable":true,"href":"https:\/\/feaceramics.com\/de\/wp-json\/wp\/v2\/product_tag?post=17032"}],"curies":[{"name":"wp","href":"https:\/\/api.w.org\/{rel}","templated":true}]}}