{"id":17094,"date":"2025-10-14T12:39:17","date_gmt":"2025-10-14T07:09:17","guid":{"rendered":"https:\/\/feaceramics.com\/?post_type=product&#038;p=17094"},"modified":"2025-10-14T12:39:17","modified_gmt":"2025-10-14T07:09:17","slug":"armani-crema-slab-porcelain-tiles","status":"publish","type":"product","link":"https:\/\/feaceramics.com\/de\/product\/armani-crema-slab-porcelain-tiles\/","title":{"rendered":"(English) ARMANI CREMA &#8211; Slab Porcelain Tiles"},"content":{"rendered":"<p class=\"qtranxs-available-languages-message qtranxs-available-languages-message-de\">Leider ist der Eintrag nur auf <a href=\"https:\/\/feaceramics.com\/en\/wp-json\/wp\/v2\/product\/17094\" class=\"qtranxs-available-language-link qtranxs-available-language-link-en\" title=\"English\">English<\/a> verf\u00fcgbar. Der Inhalt wird unten in einer verf\u00fcgbaren Sprache angezeigt. Klicken Sie auf den Link, um die aktuelle Sprache zu \u00e4ndern.<\/p><p>Polished Slab Porcelain Tiles &#8211; Fea Ceramics<\/p>","protected":false},"excerpt":{"rendered":"<p class=\"qtranxs-available-languages-message qtranxs-available-languages-message-de\">Leider ist der Eintrag nur auf <a href=\"https:\/\/feaceramics.com\/en\/wp-json\/wp\/v2\/product\/17094\" class=\"qtranxs-available-language-link qtranxs-available-language-link-en\" title=\"English\">English<\/a> verf\u00fcgbar. Der Inhalt wird unten in einer verf\u00fcgbaren Sprache angezeigt. Klicken Sie auf den Link, um die aktuelle Sprache zu \u00e4ndern.<\/p>\n<p>Size: 1200X1800MM<br \/>\nThickness: 20MM<br \/>\nFinish: Polished<\/p>\n<p>Categories: 1200 X 1800 MM, Polished (1200&#215;1800), Porcelain Slab<br \/>\nTag: Polished<\/p>\n","protected":false},"featured_media":17095,"template":"","meta":[],"product_brand":[],"product_cat":[3569,3661,2077],"product_tag":[4234,4230,4231,4232,4233],"class_list":{"0":"post-17094","1":"product","2":"type-product","3":"status-publish","4":"has-post-thumbnail","6":"product_cat-1200x1800-mm","7":"product_cat-polished-1200x1800","8":"product_cat-slab-porcelain-tiles","9":"product_tag-contemporary-large-format-slab-porcelain-tiles-collection","10":"product_tag-fire-and-heat-resistant-porcelain-slabs-for-kitchen-surfaces","11":"product_tag-large-size-porcelain-slabs-for-dining-and-living-areas","12":"product_tag-luxury-porcelain-slab-tiles-for-residential-and-hotel-projects","13":"product_tag-premium-porcelain-slabs-with-natural-marble-touch","15":"first","16":"instock","17":"shipping-taxable","18":"product-type-simple"},"_links":{"self":[{"href":"https:\/\/feaceramics.com\/de\/wp-json\/wp\/v2\/product\/17094","targetHints":{"allow":["GET"]}}],"collection":[{"href":"https:\/\/feaceramics.com\/de\/wp-json\/wp\/v2\/product"}],"about":[{"href":"https:\/\/feaceramics.com\/de\/wp-json\/wp\/v2\/types\/product"}],"wp:featuredmedia":[{"embeddable":true,"href":"https:\/\/feaceramics.com\/de\/wp-json\/wp\/v2\/media\/17095"}],"wp:attachment":[{"href":"https:\/\/feaceramics.com\/de\/wp-json\/wp\/v2\/media?parent=17094"}],"wp:term":[{"taxonomy":"product_brand","embeddable":true,"href":"https:\/\/feaceramics.com\/de\/wp-json\/wp\/v2\/product_brand?post=17094"},{"taxonomy":"product_cat","embeddable":true,"href":"https:\/\/feaceramics.com\/de\/wp-json\/wp\/v2\/product_cat?post=17094"},{"taxonomy":"product_tag","embeddable":true,"href":"https:\/\/feaceramics.com\/de\/wp-json\/wp\/v2\/product_tag?post=17094"}],"curies":[{"name":"wp","href":"https:\/\/api.w.org\/{rel}","templated":true}]}}