{"id":17288,"date":"2025-10-16T18:32:21","date_gmt":"2025-10-16T13:02:21","guid":{"rendered":"https:\/\/feaceramics.com\/?post_type=product&#038;p=17288"},"modified":"2025-10-16T18:32:21","modified_gmt":"2025-10-16T13:02:21","slug":"rock-olive-slab-porcelain-tiles","status":"publish","type":"product","link":"https:\/\/feaceramics.com\/de\/product\/rock-olive-slab-porcelain-tiles\/","title":{"rendered":"(English) ROCK OLIVE &#8211; Slab Porcelain Tiles"},"content":{"rendered":"<p class=\"qtranxs-available-languages-message qtranxs-available-languages-message-de\">Leider ist der Eintrag nur auf <a href=\"https:\/\/feaceramics.com\/en\/wp-json\/wp\/v2\/product\/17288\" class=\"qtranxs-available-language-link qtranxs-available-language-link-en\" title=\"English\">English<\/a> verf\u00fcgbar. Der Inhalt wird unten in einer verf\u00fcgbaren Sprache angezeigt. Klicken Sie auf den Link, um die aktuelle Sprache zu \u00e4ndern.<\/p><p>Frost Slab Porcelain Tiles &#8211; Fea Ceramics<\/p>","protected":false},"excerpt":{"rendered":"<p class=\"qtranxs-available-languages-message qtranxs-available-languages-message-de\">Leider ist der Eintrag nur auf <a href=\"https:\/\/feaceramics.com\/en\/wp-json\/wp\/v2\/product\/17288\" class=\"qtranxs-available-language-link qtranxs-available-language-link-en\" title=\"English\">English<\/a> verf\u00fcgbar. Der Inhalt wird unten in einer verf\u00fcgbaren Sprache angezeigt. Klicken Sie auf den Link, um die aktuelle Sprache zu \u00e4ndern.<\/p>\n<p>Size: 1200X1800MM<br \/>\nThickness: 20MM<br \/>\nFinish: Frost<\/p>\n<p>Categories: 1200 X 1800 MM, Frost (1200&#215;1800), Porcelain Slab<br \/>\nTag: Frost<\/p>\n","protected":false},"featured_media":17289,"template":"","meta":[],"product_brand":[],"product_cat":[3569,3658,2077],"product_tag":[4236,4234,4238,4237,4235],"class_list":{"0":"post-17288","1":"product","2":"type-product","3":"status-publish","4":"has-post-thumbnail","6":"product_cat-1200x1800-mm","7":"product_cat-frost-1200x1800","8":"product_cat-slab-porcelain-tiles","9":"product_tag-best-selling-large-porcelain-slabs-for-interior-decor","10":"product_tag-contemporary-large-format-slab-porcelain-tiles-collection","11":"product_tag-elegant-porcelain-slabs-with-stone-texture-finish","12":"product_tag-high-gloss-slab-porcelain-tiles-with-reflective-surface","13":"product_tag-modern-architectural-porcelain-slabs-for-wall-and-floor","15":"first","16":"instock","17":"shipping-taxable","18":"product-type-simple"},"_links":{"self":[{"href":"https:\/\/feaceramics.com\/de\/wp-json\/wp\/v2\/product\/17288","targetHints":{"allow":["GET"]}}],"collection":[{"href":"https:\/\/feaceramics.com\/de\/wp-json\/wp\/v2\/product"}],"about":[{"href":"https:\/\/feaceramics.com\/de\/wp-json\/wp\/v2\/types\/product"}],"wp:featuredmedia":[{"embeddable":true,"href":"https:\/\/feaceramics.com\/de\/wp-json\/wp\/v2\/media\/17289"}],"wp:attachment":[{"href":"https:\/\/feaceramics.com\/de\/wp-json\/wp\/v2\/media?parent=17288"}],"wp:term":[{"taxonomy":"product_brand","embeddable":true,"href":"https:\/\/feaceramics.com\/de\/wp-json\/wp\/v2\/product_brand?post=17288"},{"taxonomy":"product_cat","embeddable":true,"href":"https:\/\/feaceramics.com\/de\/wp-json\/wp\/v2\/product_cat?post=17288"},{"taxonomy":"product_tag","embeddable":true,"href":"https:\/\/feaceramics.com\/de\/wp-json\/wp\/v2\/product_tag?post=17288"}],"curies":[{"name":"wp","href":"https:\/\/api.w.org\/{rel}","templated":true}]}}