{"id":19402,"date":"2025-12-22T11:01:37","date_gmt":"2025-12-22T05:31:37","guid":{"rendered":"https:\/\/feaceramics.com\/?post_type=product&#038;p=19402"},"modified":"2025-12-22T11:01:38","modified_gmt":"2025-12-22T05:31:38","slug":"herald-mix-polished-porcelain-floor-tiles","status":"publish","type":"product","link":"https:\/\/feaceramics.com\/de\/product\/herald-mix-polished-porcelain-floor-tiles\/","title":{"rendered":"(English) HERALD MIX &#8211; Polished Porcelain Floor Tiles"},"content":{"rendered":"<p class=\"qtranxs-available-languages-message qtranxs-available-languages-message-de\">Leider ist der Eintrag nur auf <a href=\"https:\/\/feaceramics.com\/en\/wp-json\/wp\/v2\/product\/19402\" class=\"qtranxs-available-language-link qtranxs-available-language-link-en\" title=\"English\">English<\/a> verf\u00fcgbar. Der Inhalt wird unten in einer verf\u00fcgbaren Sprache angezeigt. Klicken Sie auf den Link, um die aktuelle Sprache zu \u00e4ndern.<\/p><p>HERALD MIX 600\u00d7600mm porcelain polished tiles present a refined <strong data-start=\"146\" data-end=\"171\">mix of balanced tones<\/strong> that adds depth and character to modern home interiors. The polished surface offers a smooth, glossy finish that enhances light reflection, creating a bright and elegant atmosphere in bathrooms and kitchens.<br data-start=\"379\" data-end=\"382\" \/>Made from high-quality porcelain, these tiles provide <strong data-start=\"436\" data-end=\"501\">low water absorption, strong durability, and easy maintenance<\/strong>, making them a reliable and stylish choice for everyday residential use.<\/p>\n<p>PORCELANTO: (VITRIFIED W.A \u2013 0.5 %)<\/p>\n<p>|600 x 600 | 600 x 1200 | 800 x 800 | 800 x 1600 | 200 x1200 mm and Bigger Slab Tiles<\/p>\n<p>CERAMICO: (CERAMIC BODY W. A 10 TO 14 % )<\/p>\n<p>|300 x 600 | 300 X 450 | 250 X 400 | 250 X 375 mm |<\/p>\n<p>WOODEN PLANK FLOOR TILES: (SEMI PORCELAIN BODY W. A 03 TO 6 % )<\/p>\n<p>|150 x 600 | 150 X 900 | 200 X 1000 | 200 X 1200 mm |<\/p>\n<p>DIFFERENT FINISH AVAILABLE: Polished | Matt |Carving | High Gloss | Sugar |<\/p>\n<p>We have updated technology, and an in-house R&amp; D team and Quality control team are there! Our production capacity is 15000 sq mt per day and with +60 countries exporting our product worldwide.<\/p>\n<p>CERTIFICATION: We have ISO 9001 :2015 and 14001:2015, CE certificate<\/p>","protected":false},"excerpt":{"rendered":"<p class=\"qtranxs-available-languages-message qtranxs-available-languages-message-de\">Leider ist der Eintrag nur auf <a href=\"https:\/\/feaceramics.com\/en\/wp-json\/wp\/v2\/product\/19402\" class=\"qtranxs-available-language-link qtranxs-available-language-link-en\" title=\"English\">English<\/a> verf\u00fcgbar. Der Inhalt wird unten in einer verf\u00fcgbaren Sprache angezeigt. Klicken Sie auf den Link, um die aktuelle Sprache zu \u00e4ndern.<\/p>\n<p>SIZE :- 600x600mm<\/p>\n<p>COVARAGE :-1.44\/sqm<\/p>\n<p>THICKNESS :- 8.2mmApprox.<\/p>\n<p>MOQ :- 500 sqm<\/p>\n<p>USES :- Wall Tiles | Floor Tiles | Bathroom |Kitchen | Living room<\/p>\n<p>Polished porcelain floor tiles 600x600mm exude elegance and sophistication. Known for their striking marble &amp; Cemento colour with subtle veining, these tiles create a luxurious ambience in any space. The unique patterns and textures of Polished Porcelain Floor Tiles add depth and character, making them a popular choice for creating stunning and timeless interiors.<\/p>\n<p>Categories: 600 X 600 MM Tiles, Glazed Porcelain Tiles, Polished (600&#215;600) Tags: ceramic floor tiles, ceramic tile, Fea Ceramics flooring tiles, Polished 24&#215;24, Polished bathroom floor tile, Polished flooring tiles by Fea Ceramics, non slipper tiles<\/p>\n","protected":false},"featured_media":19403,"template":"","meta":[],"product_brand":[],"product_cat":[3635,3615,3642],"product_tag":[4564,4567,4566,4568,4565],"class_list":{"0":"post-19402","1":"product","2":"type-product","3":"status-publish","4":"has-post-thumbnail","6":"product_cat-600-x-600-mm","7":"product_cat-glazed-porcelain-tiles","8":"product_cat-polished-600x600","9":"product_tag-contemporary-tiles-for-luxury-homes","10":"product_tag-luxury-tiles-for-refined-spaces","11":"product_tag-modern-interior-tiles-for-homes","12":"product_tag-premium-flooring-for-residential-interiors","13":"product_tag-refined-flooring-for-stylish-interiors","15":"first","16":"instock","17":"shipping-taxable","18":"product-type-simple"},"_links":{"self":[{"href":"https:\/\/feaceramics.com\/de\/wp-json\/wp\/v2\/product\/19402","targetHints":{"allow":["GET"]}}],"collection":[{"href":"https:\/\/feaceramics.com\/de\/wp-json\/wp\/v2\/product"}],"about":[{"href":"https:\/\/feaceramics.com\/de\/wp-json\/wp\/v2\/types\/product"}],"wp:featuredmedia":[{"embeddable":true,"href":"https:\/\/feaceramics.com\/de\/wp-json\/wp\/v2\/media\/19403"}],"wp:attachment":[{"href":"https:\/\/feaceramics.com\/de\/wp-json\/wp\/v2\/media?parent=19402"}],"wp:term":[{"taxonomy":"product_brand","embeddable":true,"href":"https:\/\/feaceramics.com\/de\/wp-json\/wp\/v2\/product_brand?post=19402"},{"taxonomy":"product_cat","embeddable":true,"href":"https:\/\/feaceramics.com\/de\/wp-json\/wp\/v2\/product_cat?post=19402"},{"taxonomy":"product_tag","embeddable":true,"href":"https:\/\/feaceramics.com\/de\/wp-json\/wp\/v2\/product_tag?post=19402"}],"curies":[{"name":"wp","href":"https:\/\/api.w.org\/{rel}","templated":true}]}}