{"id":19652,"date":"2025-12-22T17:22:05","date_gmt":"2025-12-22T11:52:05","guid":{"rendered":"https:\/\/feaceramics.com\/?post_type=product&#038;p=19652"},"modified":"2025-12-22T17:22:06","modified_gmt":"2025-12-22T11:52:06","slug":"volkas-natural-statuario-porcelain-floor-tiles","status":"publish","type":"product","link":"https:\/\/feaceramics.com\/de\/product\/volkas-natural-statuario-porcelain-floor-tiles\/","title":{"rendered":"(English) VOLKAS NATURAL &#8211; Statuario Porcelain Floor Tiles"},"content":{"rendered":"<p class=\"qtranxs-available-languages-message qtranxs-available-languages-message-de\">Leider ist der Eintrag nur auf <a href=\"https:\/\/feaceramics.com\/en\/wp-json\/wp\/v2\/product\/19652\" class=\"qtranxs-available-language-link qtranxs-available-language-link-en\" title=\"English\">English<\/a> verf\u00fcgbar. Der Inhalt wird unten in einer verf\u00fcgbaren Sprache angezeigt. Klicken Sie auf den Link, um die aktuelle Sprache zu \u00e4ndern.<\/p><p>VOLKAS NATURAL 600\u00d7600mm porcelain Statuario tiles feature a refined <strong data-start=\"156\" data-end=\"191\">natural marble-inspired surface<\/strong> with soft, elegant veining that creates a clean, timeless, and luxurious look for modern home interiors. The Statuario finish enhances the classic marble appeal while delivering the strength, low water absorption, and easy maintenance benefits of porcelain. Ideal for home bathrooms and kitchens, these tiles add brightness, balance, and sophistication to everyday living spaces.<\/p>\n<p>PORCELANTO: (VITRIFIED W.A \u2013 0.5 %)<\/p>\n<p>|<a href=\"https:\/\/feaceramics.com\/product-category\/glazed-porcelain-tiles\/600-x-600-mm\/\">600 x 600<\/a> | <a href=\"https:\/\/feaceramics.com\/product-category\/glazed-porcelain-tiles\/600-x-1200-mm\/\">600 x 1200<\/a> | <a href=\"https:\/\/feaceramics.com\/product-category\/glazed-porcelain-tiles\/800-x-800mm\/\">800 x 800<\/a> | <a href=\"https:\/\/feaceramics.com\/product-category\/slab-porcelain-tiles\/800x1600-mm-32x64\/\">800 x 1600<\/a> | <a href=\"https:\/\/feaceramics.com\/product-category\/wooden-plain-punch-tiles\/200x1200-mm-8x48\/\">200 x1200 mm<\/a> and Bigger Slab Tiles<\/p>\n<p>CERAMICO: (CERAMIC BODY W. A 10 TO 14 % )<\/p>\n<p>|<a href=\"https:\/\/feaceramics.com\/product-category\/best-ceramic-wall-tiles-manufacture-in-india\/300x600-mm-12x24\/\">300 x 600<\/a> | <a href=\"https:\/\/feaceramics.com\/product-category\/best-ceramic-wall-tiles-manufacture-in-india\/300mm-x-450mm\/\">300 X 450<\/a> | <a href=\"https:\/\/feaceramics.com\/product-category\/best-ceramic-wall-tiles-manufacture-in-india\/250x400-mm-10x16\/\">250 X 400<\/a> | <a href=\"https:\/\/feaceramics.com\/product-category\/best-ceramic-wall-tiles-manufacture-in-india\/250x750mm-ceramic-wall-tiles-manufacture\/\">250 X 750 mm<\/a> |<\/p>\n<p>WOODEN PLANK FLOOR TILES: (SEMI PORCELAIN BODY W. A 03 TO 6 % )<\/p>\n<p>| <a href=\"https:\/\/feaceramics.com\/product-category\/wooden-plain-punch-tiles\/150x900-mm-6x36\/\">150 X 900<\/a> | <a href=\"https:\/\/feaceramics.com\/product-category\/wooden-plain-punch-tiles\/200x1000-mm-8x40\/\">200 X 1000<\/a> | <a href=\"https:\/\/feaceramics.com\/product-category\/wooden-plain-punch-tiles\/200x1200-mm-8x48\/\">200 X 1200 mm<\/a> |<\/p>\n<p>DIFFERENT FINISH AVAILABLE: Polished | Matt |Carving | High Gloss | Sugar |<\/p>\n<p>We have updated technology, and an in-house R&amp; D team and Quality control team are there! Our production capacity is 15000 sq mt per day and with +60 countries exporting our product worldwide.<\/p>\n<p>CERTIFICATION: We have ISO 9001 :2015 and 14001:2015, CE certificate<\/p>","protected":false},"excerpt":{"rendered":"<p class=\"qtranxs-available-languages-message qtranxs-available-languages-message-de\">Leider ist der Eintrag nur auf <a href=\"https:\/\/feaceramics.com\/en\/wp-json\/wp\/v2\/product\/19652\" class=\"qtranxs-available-language-link qtranxs-available-language-link-en\" title=\"English\">English<\/a> verf\u00fcgbar. Der Inhalt wird unten in einer verf\u00fcgbaren Sprache angezeigt. Klicken Sie auf den Link, um die aktuelle Sprache zu \u00e4ndern.<\/p>\n<p>SIZE :- 600x600mm<\/p>\n<p>COVARAGE :-1.44\/sqm<\/p>\n<p>THICKNESS :- 8.2mmApprox.<\/p>\n<p>MOQ :- 500 sqm<\/p>\n<p>USES :- Wall Tiles | Floor Tiles | Bathroom |Kitchen | Living room<\/p>\n<p>Statuario porcelain floor tiles 600x600mm exude elegance and sophistication. Known for their striking marble &amp; Cemento colour with subtle veining, these tiles create a luxurious ambience in any space. The unique patterns and textures of Statuario Porcelain Floor Tiles add depth and character, making them a popular choice for creating stunning and timeless interiors.<\/p>\n<p>Categories: 600 X 600 MM Tiles, Glazed Porcelain Tiles, Statuario (600&#215;600) Tags: ceramic floor tiles, ceramic tile, Fea Ceramics flooring tiles, Statuario 24&#215;24, Statuario bathroom floor tile, Statuario flooring tiles by Fea Ceramics, non slipper tiles<\/p>\n","protected":false},"featured_media":19653,"template":"","meta":[],"product_brand":[],"product_cat":[3635,3615,3643],"product_tag":[4657,4715,4686,4670,4737],"class_list":{"0":"post-19652","1":"product","2":"type-product","3":"status-publish","4":"has-post-thumbnail","6":"product_cat-600-x-600-mm","7":"product_cat-glazed-porcelain-tiles","8":"product_cat-statuario-600x600","9":"product_tag-designer-interior-tiles-for-living","10":"product_tag-exclusive-interior-flooring-for-living","11":"product_tag-luxury-interior-flooring-for-residences","12":"product_tag-premium-interior-tiles-for-apartments","13":"product_tag-refined-interior-tiles-for-homes","15":"first","16":"instock","17":"shipping-taxable","18":"product-type-simple"},"_links":{"self":[{"href":"https:\/\/feaceramics.com\/de\/wp-json\/wp\/v2\/product\/19652","targetHints":{"allow":["GET"]}}],"collection":[{"href":"https:\/\/feaceramics.com\/de\/wp-json\/wp\/v2\/product"}],"about":[{"href":"https:\/\/feaceramics.com\/de\/wp-json\/wp\/v2\/types\/product"}],"wp:featuredmedia":[{"embeddable":true,"href":"https:\/\/feaceramics.com\/de\/wp-json\/wp\/v2\/media\/19653"}],"wp:attachment":[{"href":"https:\/\/feaceramics.com\/de\/wp-json\/wp\/v2\/media?parent=19652"}],"wp:term":[{"taxonomy":"product_brand","embeddable":true,"href":"https:\/\/feaceramics.com\/de\/wp-json\/wp\/v2\/product_brand?post=19652"},{"taxonomy":"product_cat","embeddable":true,"href":"https:\/\/feaceramics.com\/de\/wp-json\/wp\/v2\/product_cat?post=19652"},{"taxonomy":"product_tag","embeddable":true,"href":"https:\/\/feaceramics.com\/de\/wp-json\/wp\/v2\/product_tag?post=19652"}],"curies":[{"name":"wp","href":"https:\/\/api.w.org\/{rel}","templated":true}]}}