{"id":26395,"date":"2026-01-16T16:28:09","date_gmt":"2026-01-16T10:58:09","guid":{"rendered":"https:\/\/feaceramics.com\/?post_type=product&#038;p=26395"},"modified":"2026-01-16T16:28:09","modified_gmt":"2026-01-16T10:58:09","slug":"nile-lux-matt-porcelain-floor-tiles-2","status":"publish","type":"product","link":"https:\/\/feaceramics.com\/de\/product\/nile-lux-matt-porcelain-floor-tiles-2\/","title":{"rendered":"(English) NILE LUX &#8211; Matt Porcelain Floor Tiles"},"content":{"rendered":"<p class=\"qtranxs-available-languages-message qtranxs-available-languages-message-de\">Leider ist der Eintrag nur auf <a href=\"https:\/\/feaceramics.com\/en\/wp-json\/wp\/v2\/product\/26395\" class=\"qtranxs-available-language-link qtranxs-available-language-link-en\" title=\"English\">English<\/a> verf\u00fcgbar. Der Inhalt wird unten in einer verf\u00fcgbaren Sprache angezeigt. Klicken Sie auf den Link, um die aktuelle Sprache zu \u00e4ndern.<\/p><p><\/p>\n<div class=\"flex flex-col text-sm pb-25\">\n<article class=\"text-token-text-primary w-full focus:outline-none [--shadow-height:45px] has-data-writing-block:pointer-events-none has-data-writing-block:-mt-(--shadow-height) has-data-writing-block:pt-(--shadow-height) [&amp;:has([data-writing-block])&gt;*]:pointer-events-auto scroll-mt-[calc(var(--header-height)+min(200px,max(70px,20svh)))]\" dir=\"auto\" tabindex=\"-1\" data-turn-id=\"f2cc37ab-a947-4b0a-89e1-cad16238c385\" data-testid=\"conversation-turn-462\" data-scroll-anchor=\"true\" data-turn=\"assistant\">\n<div class=\"text-base my-auto mx-auto pb-10 [--thread-content-margin:--spacing(4)] @w-sm\/main:[--thread-content-margin:--spacing(6)] @w-lg\/main:[--thread-content-margin:--spacing(16)] px-(--thread-content-margin)\">\n<div class=\"[--thread-content-max-width:40rem] @w-lg\/main:[--thread-content-max-width:48rem] mx-auto max-w-(--thread-content-max-width) flex-1 group\/turn-messages focus-visible:outline-hidden relative flex w-full min-w-0 flex-col agent-turn\" tabindex=\"-1\">\n<div class=\"flex max-w-full flex-col grow\">\n<div class=\"min-h-8 text-message relative flex w-full flex-col items-end gap-2 text-start break-words whitespace-normal [.text-message+&amp;]:mt-1\" dir=\"auto\" data-message-author-role=\"assistant\" data-message-id=\"f269222c-31b3-42c9-845f-5a2a2c77422d\" data-message-model-slug=\"gpt-5-2\">\n<div class=\"flex w-full flex-col gap-1 empty:hidden first:pt-[1px]\">\n<div class=\"markdown prose dark:prose-invert w-full break-words dark markdown-new-styling\">\n<p data-start=\"0\" data-end=\"472\" data-is-last-node=\"\" data-is-only-node=\"\">Nile Lux porcelain matt tiles are ideal for home, bathroom, kitchen, and interior applications, delivering a refined surface with a contemporary aesthetic. Crafted from high-quality porcelain, these tiles offer excellent strength, stain resistance, and minimal maintenance. The matt finish enhances visual softness while improving slip resistance, making them suitable for modern residential and commercial interior spaces that demand durability with understated elegance.<\/p>\n<\/div>\n<\/div>\n<\/div>\n<\/div>\n<div class=\"z-0 flex min-h-[46px] justify-start\">\n<p>PORCELANTO: (VITRIFIED W.A \u2013 0.5 %)<\/p>\n<p>|<a href=\"https:\/\/feaceramics.com\/product-category\/glazed-porcelain-tiles\/600-x-600-mm\/\">600 x 600<\/a> | <a href=\"https:\/\/feaceramics.com\/product-category\/glazed-porcelain-tiles\/600-x-1200-mm\/\">600 x 1200<\/a> | <a href=\"https:\/\/feaceramics.com\/product-category\/glazed-porcelain-tiles\/800-x-800mm\/\">800 x 800<\/a> | <a href=\"https:\/\/feaceramics.com\/product-category\/slab-porcelain-tiles\/800x1600-mm-32x64\/\">800 x 1600<\/a> | <a href=\"https:\/\/feaceramics.com\/product-category\/wooden-plain-punch-tiles\/200x1200-mm-8x48\/\">200 x1200 mm<\/a> and Bigger Slab Tiles<\/p>\n<p>CERAMICO: (CERAMIC BODY W. A 10 TO 14 % )<\/p>\n<p>|<a href=\"https:\/\/feaceramics.com\/product-category\/best-ceramic-wall-tiles-manufacture-in-india\/300x600-mm-12x24\/\">300 x 600<\/a> | <a href=\"https:\/\/feaceramics.com\/product-category\/best-ceramic-wall-tiles-manufacture-in-india\/300mm-x-450mm\/\">300 X 450<\/a> | <a href=\"https:\/\/feaceramics.com\/product-category\/best-ceramic-wall-tiles-manufacture-in-india\/250x400-mm-10x16\/\">250 X 400<\/a> | <a href=\"https:\/\/feaceramics.com\/product-category\/best-ceramic-wall-tiles-manufacture-in-india\/250x750mm-ceramic-wall-tiles-manufacture\/\">250 X 750 mm<\/a> |<\/p>\n<p>WOODEN PLANK FLOOR TILES: (SEMI PORCELAIN BODY W. A 03 TO 6 % )<\/p>\n<p>| <a href=\"https:\/\/feaceramics.com\/product-category\/wooden-plain-punch-tiles\/150x900-mm-6x36\/\">150 X 900<\/a> | <a href=\"https:\/\/feaceramics.com\/product-category\/wooden-plain-punch-tiles\/200x1000-mm-8x40\/\">200 X 1000<\/a> | <a href=\"https:\/\/feaceramics.com\/product-category\/wooden-plain-punch-tiles\/200x1200-mm-8x48\/\">200 X 1200 mm<\/a> |<\/p>\n<p>DIFFERENT FINISH AVAILABLE: Polished | Matt | Book Match | High Gloss | Carving | ETC\u2026..<\/p>\n<p>We have updated technology, and an in-house R&amp; D team and Quality control team are there! Our production capacity is 15000 sq mt per day and with +60 countries exporting our product worldwide.<\/p>\n<p>CERTIFICATION: We have ISO 9001 :2015 and 14001:2015, CE certificate<\/p>\n<\/div>\n<\/div>\n<\/div>\n<\/article>\n<\/div>\n<p><\/p>","protected":false},"excerpt":{"rendered":"<p class=\"qtranxs-available-languages-message qtranxs-available-languages-message-de\">Leider ist der Eintrag nur auf <a href=\"https:\/\/feaceramics.com\/en\/wp-json\/wp\/v2\/product\/26395\" class=\"qtranxs-available-language-link qtranxs-available-language-link-en\" title=\"English\">English<\/a> verf\u00fcgbar. Der Inhalt wird unten in einer verf\u00fcgbaren Sprache angezeigt. Klicken Sie auf den Link, um die aktuelle Sprache zu \u00e4ndern.<\/p>\n<p>SIZE :- 600x900mm<\/p>\n<p>COVARAGE :-1.62\/sqm<\/p>\n<p>THICKNESS :- 8.5mm Approx.<\/p>\n<p>MOQ :- 500 sqm<\/p>\n<p>USES :- Wall Tiles | Floor Tiles | Bathroom |Kitchen | Living room<\/p>\n<p>Matt porcelain floor tiles 600x900mm exude elegance and sophistication. Known for their striking marble &amp; Cemento colour with subtle veining, these tiles create a luxurious ambience in any space. The unique patterns and textures of Matt Porcelain Floor Tiles add depth and character, making them a popular choice for creating stunning and timeless interiors.<\/p>\n<p>Categories: 600&#215;900 MM Tiles, Glazed Porcelain Tiles, Matt (600&#215;900) Tags: ceramic floor tiles, ceramic tile, Fea Ceramics flooring tiles, Matt 24&#215;36, Matt bathroom floor tile, Matt flooring tiles by Fea Ceramics, nonsleeper tiles<\/p>\n","protected":false},"featured_media":26396,"template":"","meta":[],"product_brand":[],"product_cat":[3646,3615,3648],"product_tag":[6922,6920,6919,6923,6921],"class_list":{"0":"post-26395","1":"product","2":"type-product","3":"status-publish","4":"has-post-thumbnail","6":"product_cat-600-x-900mm-glazed-porcelain-tiles","7":"product_cat-glazed-porcelain-tiles","8":"product_cat-matt-600x900-600-x-900mm-glazed-porcelain-tiles","9":"product_tag-eco-responsible-tiles","10":"product_tag-flooring-base-solution","11":"product_tag-surface-covering-tiles","12":"product_tag-sustainable-building-surface","13":"product_tag-wall-covering-solution","15":"first","16":"instock","17":"shipping-taxable","18":"product-type-simple"},"_links":{"self":[{"href":"https:\/\/feaceramics.com\/de\/wp-json\/wp\/v2\/product\/26395","targetHints":{"allow":["GET"]}}],"collection":[{"href":"https:\/\/feaceramics.com\/de\/wp-json\/wp\/v2\/product"}],"about":[{"href":"https:\/\/feaceramics.com\/de\/wp-json\/wp\/v2\/types\/product"}],"wp:featuredmedia":[{"embeddable":true,"href":"https:\/\/feaceramics.com\/de\/wp-json\/wp\/v2\/media\/26396"}],"wp:attachment":[{"href":"https:\/\/feaceramics.com\/de\/wp-json\/wp\/v2\/media?parent=26395"}],"wp:term":[{"taxonomy":"product_brand","embeddable":true,"href":"https:\/\/feaceramics.com\/de\/wp-json\/wp\/v2\/product_brand?post=26395"},{"taxonomy":"product_cat","embeddable":true,"href":"https:\/\/feaceramics.com\/de\/wp-json\/wp\/v2\/product_cat?post=26395"},{"taxonomy":"product_tag","embeddable":true,"href":"https:\/\/feaceramics.com\/de\/wp-json\/wp\/v2\/product_tag?post=26395"}],"curies":[{"name":"wp","href":"https:\/\/api.w.org\/{rel}","templated":true}]}}