{"id":26971,"date":"2026-01-19T13:59:52","date_gmt":"2026-01-19T08:29:52","guid":{"rendered":"https:\/\/feaceramics.com\/?post_type=product&#038;p=26971"},"modified":"2026-01-19T13:59:52","modified_gmt":"2026-01-19T08:29:52","slug":"elate-crema-polished-porcelain-floor-tiles-300x600mm","status":"publish","type":"product","link":"https:\/\/feaceramics.com\/de\/product\/elate-crema-polished-porcelain-floor-tiles-300x600mm\/","title":{"rendered":"(English) ELATE CREMA &#8211; Polished Porcelain Floor Tiles"},"content":{"rendered":"<p class=\"qtranxs-available-languages-message qtranxs-available-languages-message-de\">Leider ist der Eintrag nur auf <a href=\"https:\/\/feaceramics.com\/en\/wp-json\/wp\/v2\/product\/26971\" class=\"qtranxs-available-language-link qtranxs-available-language-link-en\" title=\"English\">English<\/a> verf\u00fcgbar. Der Inhalt wird unten in einer verf\u00fcgbaren Sprache angezeigt. Klicken Sie auf den Link, um die aktuelle Sprache zu \u00e4ndern.<\/p><p>ELATE CREMA <strong data-start=\"32\" data-end=\"45\">300x600mm<\/strong> polished porcelain tiles are crafted to bring subtle elegance and modern sophistication to residential interiors. Ideal for bathroom walls, kitchen spaces, and coordinated interior applications, these tiles feature a smooth polished finish that enhances light reflection and creates a refined visual flow. Produced with a high-quality porcelain body, they offer excellent durability, long-lasting surface performance, and easy maintenance for everyday home use. Perfect for elegant wall layouts, contemporary interior designs, and decorative architectural applications, ELATE CREMA tiles deliver a timeless, warm, and luxurious interior ambiance.<\/p>\n<p>PORCELANTO: (VITRIFIED W.A \u2013 0.5 %)<\/p>\n<p>|<a href=\"https:\/\/feaceramics.com\/product-category\/glazed-porcelain-tiles\/600-x-600-mm\/\">600 x 600<\/a> | <a href=\"https:\/\/feaceramics.com\/product-category\/glazed-porcelain-tiles\/600-x-1200-mm\/\">600 x 1200<\/a> | <a href=\"https:\/\/feaceramics.com\/product-category\/glazed-porcelain-tiles\/800-x-800mm\/\">800 x 800<\/a> | <a href=\"https:\/\/feaceramics.com\/product-category\/slab-porcelain-tiles\/800x1600-mm-32x64\/\">800 x 1600<\/a> | <a href=\"https:\/\/feaceramics.com\/product-category\/wooden-plain-punch-tiles\/200x1200-mm-8x48\/\">200 x1200 mm<\/a> and Bigger Slab Tiles<\/p>\n<p>CERAMICO: (CERAMIC BODY W. A 10 TO 14 % )<\/p>\n<p>|<a href=\"https:\/\/feaceramics.com\/product-category\/best-ceramic-wall-tiles-manufacture-in-india\/300x600-mm-12x24\/\">300 x 600<\/a> | <a href=\"https:\/\/feaceramics.com\/product-category\/best-ceramic-wall-tiles-manufacture-in-india\/300mm-x-450mm\/\">300 X 450<\/a> | <a href=\"https:\/\/feaceramics.com\/product-category\/best-ceramic-wall-tiles-manufacture-in-india\/250x400-mm-10x16\/\">250 X 400<\/a> | <a href=\"https:\/\/feaceramics.com\/product-category\/best-ceramic-wall-tiles-manufacture-in-india\/250x750mm-ceramic-wall-tiles-manufacture\/\">250 X 750 mm<\/a> |<\/p>\n<p>WOODEN PLANK FLOOR TILES: (SEMI PORCELAIN BODY W. A 03 TO 6 % )<\/p>\n<p>| <a href=\"https:\/\/feaceramics.com\/product-category\/wooden-plain-punch-tiles\/150x900-mm-6x36\/\">150 X 900<\/a> | <a href=\"https:\/\/feaceramics.com\/product-category\/wooden-plain-punch-tiles\/200x1000-mm-8x40\/\">200 X 1000<\/a> | <a href=\"https:\/\/feaceramics.com\/product-category\/wooden-plain-punch-tiles\/200x1200-mm-8x48\/\">200 X 1200 mm<\/a> |<\/p>\n<p>DIFFERENT FINISH AVAILABLE: Polished | Matt | Book Match | High Gloss | Carving | ETC\u2026..<\/p>\n<p>We have updated technology, and an in-house R&amp; D team and Quality control team are there! Our production capacity is 15000 sq mt per day and with +60 countries exporting our product worldwide.<\/p>\n<p>CERTIFICATION: We have ISO 9001 :2015 and 14001:2015, CE certificate<\/p>","protected":false},"excerpt":{"rendered":"<p class=\"qtranxs-available-languages-message qtranxs-available-languages-message-de\">Leider ist der Eintrag nur auf <a href=\"https:\/\/feaceramics.com\/en\/wp-json\/wp\/v2\/product\/26971\" class=\"qtranxs-available-language-link qtranxs-available-language-link-en\" title=\"English\">English<\/a> verf\u00fcgbar. Der Inhalt wird unten in einer verf\u00fcgbaren Sprache angezeigt. Klicken Sie auf den Link, um die aktuelle Sprache zu \u00e4ndern.<\/p>\n<p>SIZE :- 300x600mm<\/p>\n<p>COVARAGE :-0.90\/sqm<\/p>\n<p>THICKNESS :- 8.5mm Approx.<\/p>\n<p>MOQ :- 500 sqm<\/p>\n<p>USES :- Wall Tiles | Floor Tiles | Bathroom |Kitchen | Living room<\/p>\n<p>Polished porcelain floor tiles 300x600mm exude elegance and sophistication. Known for their striking marble &amp; Cemento colour with subtle veining, these tiles create a luxurious ambience in any space. The unique patterns and textures of Polished Porcelain Floor Tiles add depth and character, making them a popular choice for creating stunning and timeless interiors.<\/p>\n<p>Categories: 300&#215;600 MM Tiles, Glazed Porcelain Tiles, Polished (300&#215;600) Tags: ceramic floor tiles, ceramic tile, Fea Ceramics flooring tiles, Polished 12&#215;24, Polished bathroom floor tile, Polished flooring tiles by Fea Ceramics, nonsleeper tiles<\/p>\n","protected":false},"featured_media":26973,"template":"","meta":[],"product_brand":[],"product_cat":[3620,3615,3622],"product_tag":[7167,7168,7166,7165,7164],"class_list":{"0":"post-26971","1":"product","2":"type-product","3":"status-publish","4":"has-post-thumbnail","6":"product_cat-300-x-600-mm","7":"product_cat-glazed-porcelain-tiles","8":"product_cat-glossy-300-x-600","9":"product_tag-business-zone-tiles","10":"product_tag-commercial-zone-flooring","11":"product_tag-corporate-project-surface","12":"product_tag-institutional-project-flooring","13":"product_tag-public-sector-tiles","15":"first","16":"instock","17":"shipping-taxable","18":"product-type-simple"},"_links":{"self":[{"href":"https:\/\/feaceramics.com\/de\/wp-json\/wp\/v2\/product\/26971","targetHints":{"allow":["GET"]}}],"collection":[{"href":"https:\/\/feaceramics.com\/de\/wp-json\/wp\/v2\/product"}],"about":[{"href":"https:\/\/feaceramics.com\/de\/wp-json\/wp\/v2\/types\/product"}],"wp:featuredmedia":[{"embeddable":true,"href":"https:\/\/feaceramics.com\/de\/wp-json\/wp\/v2\/media\/26973"}],"wp:attachment":[{"href":"https:\/\/feaceramics.com\/de\/wp-json\/wp\/v2\/media?parent=26971"}],"wp:term":[{"taxonomy":"product_brand","embeddable":true,"href":"https:\/\/feaceramics.com\/de\/wp-json\/wp\/v2\/product_brand?post=26971"},{"taxonomy":"product_cat","embeddable":true,"href":"https:\/\/feaceramics.com\/de\/wp-json\/wp\/v2\/product_cat?post=26971"},{"taxonomy":"product_tag","embeddable":true,"href":"https:\/\/feaceramics.com\/de\/wp-json\/wp\/v2\/product_tag?post=26971"}],"curies":[{"name":"wp","href":"https:\/\/api.w.org\/{rel}","templated":true}]}}