{"id":27350,"date":"2026-01-21T15:38:05","date_gmt":"2026-01-21T10:08:05","guid":{"rendered":"https:\/\/feaceramics.com\/?post_type=product&#038;p=27350"},"modified":"2026-01-21T15:38:06","modified_gmt":"2026-01-21T10:08:06","slug":"e3-1047-elevation-porcelain-tiles-300x600mm","status":"publish","type":"product","link":"https:\/\/feaceramics.com\/de\/product\/e3-1047-elevation-porcelain-tiles-300x600mm\/","title":{"rendered":"(English) E3-1047 &#8211; Elevation Porcelain Tiles"},"content":{"rendered":"<p class=\"qtranxs-available-languages-message qtranxs-available-languages-message-de\">Leider ist der Eintrag nur auf <a href=\"https:\/\/feaceramics.com\/en\/wp-json\/wp\/v2\/product\/27350\" class=\"qtranxs-available-language-link qtranxs-available-language-link-en\" title=\"English\">English<\/a> verf\u00fcgbar. Der Inhalt wird unten in einer verf\u00fcgbaren Sprache angezeigt. Klicken Sie auf den Link, um die aktuelle Sprache zu \u00e4ndern.<\/p><p><\/p>\n<div class=\"flex flex-col text-sm pb-25\">\n<article class=\"text-token-text-primary w-full focus:outline-none [--shadow-height:45px] has-data-writing-block:pointer-events-none has-data-writing-block:-mt-(--shadow-height) has-data-writing-block:pt-(--shadow-height) [&amp;:has([data-writing-block])&gt;*]:pointer-events-auto scroll-mt-[calc(var(--header-height)+min(200px,max(70px,20svh)))]\" dir=\"auto\" tabindex=\"-1\" data-turn-id=\"request-696a216b-5594-8324-80eb-51e8f6bdff57-2\" data-testid=\"conversation-turn-172\" data-scroll-anchor=\"true\" data-turn=\"assistant\">\n<div class=\"text-base my-auto mx-auto pb-10 [--thread-content-margin:--spacing(4)] @w-sm\/main:[--thread-content-margin:--spacing(6)] @w-lg\/main:[--thread-content-margin:--spacing(16)] px-(--thread-content-margin)\">\n<div class=\"[--thread-content-max-width:40rem] @w-lg\/main:[--thread-content-max-width:48rem] mx-auto max-w-(--thread-content-max-width) flex-1 group\/turn-messages focus-visible:outline-hidden relative flex w-full min-w-0 flex-col agent-turn\" tabindex=\"-1\">\n<div class=\"flex max-w-full flex-col grow\">\n<div class=\"min-h-8 text-message relative flex w-full flex-col items-end gap-2 text-start break-words whitespace-normal [.text-message+&amp;]:mt-1\" dir=\"auto\" data-message-author-role=\"assistant\" data-message-id=\"b8eb4166-1342-46a7-ab1c-1de20a913dd0\" data-message-model-slug=\"gpt-5-2\">\n<div class=\"flex w-full flex-col gap-1 empty:hidden first:pt-[1px]\">\n<div class=\"markdown prose dark:prose-invert w-full break-words dark markdown-new-styling\">\n<p data-start=\"20\" data-end=\"754\" data-is-last-node=\"\" data-is-only-node=\"\">E3-1047 <strong data-start=\"28\" data-end=\"67\">300x600mm porcelain elevation tiles<\/strong> are crafted to enhance architectural walls with refined surface character and long-lasting performance. Ideal for home exteriors, bathroom feature walls, kitchen elevations, and stylish interior applications, these tiles introduce depth and dimension that elevate overall spatial aesthetics. Built from high-quality porcelain, they offer excellent durability, low water absorption, and dependable resistance to daily wear, making them suitable for both decorative and functional wall use. The elevation profile creates a striking visual impact, allowing designers and homeowners to achieve modern, elegant, and well-structured wall compositions that remain visually appealing over time.<\/p>\n<\/div>\n<\/div>\n<\/div>\n<\/div>\n<div class=\"z-0 flex min-h-[46px] justify-start\">\n<p>PORCELANTO: (VITRIFIED W.A \u2013 0.5 %)<\/p>\n<p>|<a href=\"https:\/\/feaceramics.com\/product-category\/glazed-porcelain-tiles\/600-x-600-mm\/\">600 x 600<\/a> | <a href=\"https:\/\/feaceramics.com\/product-category\/glazed-porcelain-tiles\/600-x-1200-mm\/\">600 x 1200<\/a> | <a href=\"https:\/\/feaceramics.com\/product-category\/glazed-porcelain-tiles\/800-x-800mm\/\">800 x 800<\/a> | <a href=\"https:\/\/feaceramics.com\/product-category\/slab-porcelain-tiles\/800x1600-mm-32x64\/\">800 x 1600<\/a> | <a href=\"https:\/\/feaceramics.com\/product-category\/wooden-plain-punch-tiles\/200x1200-mm-8x48\/\">200 x1200 mm<\/a> and Bigger Slab Tiles<\/p>\n<p>CERAMICO: (CERAMIC BODY W. A 10 TO 14 % )<\/p>\n<p>|<a href=\"https:\/\/feaceramics.com\/product-category\/best-ceramic-wall-tiles-manufacture-in-india\/300x600-mm-12x24\/\">300 x 600<\/a> | <a href=\"https:\/\/feaceramics.com\/product-category\/best-ceramic-wall-tiles-manufacture-in-india\/300mm-x-450mm\/\">300 X 450<\/a> | <a href=\"https:\/\/feaceramics.com\/product-category\/best-ceramic-wall-tiles-manufacture-in-india\/250x400-mm-10x16\/\">250 X 400<\/a> | <a href=\"https:\/\/feaceramics.com\/product-category\/best-ceramic-wall-tiles-manufacture-in-india\/250x750mm-ceramic-wall-tiles-manufacture\/\">250 X 750 mm<\/a> |<\/p>\n<p>WOODEN PLANK FLOOR TILES: (SEMI PORCELAIN BODY W. A 03 TO 6 % )<\/p>\n<p>| <a href=\"https:\/\/feaceramics.com\/product-category\/wooden-plain-punch-tiles\/150x900-mm-6x36\/\">150 X 900<\/a> | <a href=\"https:\/\/feaceramics.com\/product-category\/wooden-plain-punch-tiles\/200x1000-mm-8x40\/\">200 X 1000<\/a> | <a href=\"https:\/\/feaceramics.com\/product-category\/wooden-plain-punch-tiles\/200x1200-mm-8x48\/\">200 X 1200 mm<\/a> |<\/p>\n<p>DIFFERENT FINISH AVAILABLE: Polished | Matt | Book Match | High Gloss | Carving | ETC\u2026..<\/p>\n<p>We have updated technology, and an in-house R&amp; D team and Quality control team are there! Our production capacity is 15000 sq mt per day and with +60 countries exporting our product worldwide.<\/p>\n<p>CERTIFICATION: We have ISO 9001 :2015 and 14001:2015, CE certificate<\/p>\n<\/div>\n<\/div>\n<\/div>\n<\/article>\n<\/div>\n<p><\/p>","protected":false},"excerpt":{"rendered":"<p class=\"qtranxs-available-languages-message qtranxs-available-languages-message-de\">Leider ist der Eintrag nur auf <a href=\"https:\/\/feaceramics.com\/en\/wp-json\/wp\/v2\/product\/27350\" class=\"qtranxs-available-language-link qtranxs-available-language-link-en\" title=\"English\">English<\/a> verf\u00fcgbar. Der Inhalt wird unten in einer verf\u00fcgbaren Sprache angezeigt. Klicken Sie auf den Link, um die aktuelle Sprache zu \u00e4ndern.<\/p>\n<p>SIZE :- 300x600mm<\/p>\n<p>COVARAGE :-0.90\/sqm<\/p>\n<p>THICKNESS :- 9mm Approx.<\/p>\n<p>MOQ :- 500 sqm<\/p>\n<p>USES :- Interior and exterior \u2013 Stone Cladding Tiles<\/p>\n<p>Elevation porcelain floor tiles 300x600mm exude elegance and sophistication. Known for their striking marble &amp; Cemento colour with subtle veining, these tiles create a luxurious ambience in any space. The unique patterns and textures of Elevation Porcelain Floor Tiles add depth and character, making them a popular choice for creating stunning and timeless interiors.<\/p>\n<p>Categories: 300&#215;600 MM Tiles, Glazed Porcelain Tiles, Elevation (300&#215;600) Tags: ceramic floor tiles, ceramic tile, Fea Ceramics flooring tiles, Elevation 12&#215;24, Elevation bathroom floor tile, Elevation flooring tiles by Fea Ceramics, nonsleeper tiles<\/p>\n","protected":false},"featured_media":27351,"template":"","meta":[],"product_brand":[],"product_cat":[3620,3621,3615],"product_tag":[7358,7361,7357,7360,7359],"class_list":{"0":"post-27350","1":"product","2":"type-product","3":"status-publish","4":"has-post-thumbnail","6":"product_cat-300-x-600-mm","7":"product_cat-elevation-300-x-600","8":"product_cat-glazed-porcelain-tiles","9":"product_tag-commercial-surface-component","10":"product_tag-extended-durability-tiles","11":"product_tag-industrial-strength-flooring","12":"product_tag-long-service-flooring","13":"product_tag-residential-surface-component","15":"first","16":"instock","17":"shipping-taxable","18":"product-type-simple"},"_links":{"self":[{"href":"https:\/\/feaceramics.com\/de\/wp-json\/wp\/v2\/product\/27350","targetHints":{"allow":["GET"]}}],"collection":[{"href":"https:\/\/feaceramics.com\/de\/wp-json\/wp\/v2\/product"}],"about":[{"href":"https:\/\/feaceramics.com\/de\/wp-json\/wp\/v2\/types\/product"}],"wp:featuredmedia":[{"embeddable":true,"href":"https:\/\/feaceramics.com\/de\/wp-json\/wp\/v2\/media\/27351"}],"wp:attachment":[{"href":"https:\/\/feaceramics.com\/de\/wp-json\/wp\/v2\/media?parent=27350"}],"wp:term":[{"taxonomy":"product_brand","embeddable":true,"href":"https:\/\/feaceramics.com\/de\/wp-json\/wp\/v2\/product_brand?post=27350"},{"taxonomy":"product_cat","embeddable":true,"href":"https:\/\/feaceramics.com\/de\/wp-json\/wp\/v2\/product_cat?post=27350"},{"taxonomy":"product_tag","embeddable":true,"href":"https:\/\/feaceramics.com\/de\/wp-json\/wp\/v2\/product_tag?post=27350"}],"curies":[{"name":"wp","href":"https:\/\/api.w.org\/{rel}","templated":true}]}}