{"id":27401,"date":"2026-01-21T17:50:37","date_gmt":"2026-01-21T12:20:37","guid":{"rendered":"https:\/\/feaceramics.com\/?post_type=product&#038;p=27401"},"modified":"2026-01-21T17:50:37","modified_gmt":"2026-01-21T12:20:37","slug":"e12-1238-elevation-porcelain-tiles-300x600mm","status":"publish","type":"product","link":"https:\/\/feaceramics.com\/de\/product\/e12-1238-elevation-porcelain-tiles-300x600mm\/","title":{"rendered":"(English) E12-1238 &#8211; Elevation Porcelain Tiles"},"content":{"rendered":"<p class=\"qtranxs-available-languages-message qtranxs-available-languages-message-de\">Leider ist der Eintrag nur auf <a href=\"https:\/\/feaceramics.com\/en\/wp-json\/wp\/v2\/product\/27401\" class=\"qtranxs-available-language-link qtranxs-available-language-link-en\" title=\"English\">English<\/a> verf\u00fcgbar. Der Inhalt wird unten in einer verf\u00fcgbaren Sprache angezeigt. Klicken Sie auf den Link, um die aktuelle Sprache zu \u00e4ndern.<\/p><p>E12-1238 <strong data-start=\"29\" data-end=\"68\">300x600mm porcelain elevation tiles<\/strong> are designed to enhance interior walls with texture, dimension, and contemporary elegance. Perfect for home interiors, bathroom feature walls, kitchen elevations, and decorative wall spaces, these tiles create visually engaging surfaces that elevate the overall aesthetic of any room. Crafted from premium-quality porcelain, they offer superior durability, moisture resistance, and long-lasting performance, making them ideal for everyday residential use. The structured elevation pattern adds depth and architectural interest, providing subtle shadow effects and a modern, stylish appearance. E12-1238 tiles are perfect for accent walls, statement interiors, and creative decorative layouts, delivering a timeless, refined, and durable solution for contemporary living spaces.<\/p>\n<p>PORCELANTO: (VITRIFIED W.A \u2013 0.5 %)<\/p>\n<p>|<a href=\"https:\/\/feaceramics.com\/product-category\/glazed-porcelain-tiles\/600-x-600-mm\/\">600 x 600<\/a> | <a href=\"https:\/\/feaceramics.com\/product-category\/glazed-porcelain-tiles\/600-x-1200-mm\/\">600 x 1200<\/a> | <a href=\"https:\/\/feaceramics.com\/product-category\/glazed-porcelain-tiles\/800-x-800mm\/\">800 x 800<\/a> | <a href=\"https:\/\/feaceramics.com\/product-category\/slab-porcelain-tiles\/800x1600-mm-32x64\/\">800 x 1600<\/a> | <a href=\"https:\/\/feaceramics.com\/product-category\/wooden-plain-punch-tiles\/200x1200-mm-8x48\/\">200 x1200 mm<\/a> and Bigger Slab Tiles<\/p>\n<p>CERAMICO: (CERAMIC BODY W. A 10 TO 14 % )<\/p>\n<p>|<a href=\"https:\/\/feaceramics.com\/product-category\/best-ceramic-wall-tiles-manufacture-in-india\/300x600-mm-12x24\/\">300 x 600<\/a> | <a href=\"https:\/\/feaceramics.com\/product-category\/best-ceramic-wall-tiles-manufacture-in-india\/300mm-x-450mm\/\">300 X 450<\/a> | <a href=\"https:\/\/feaceramics.com\/product-category\/best-ceramic-wall-tiles-manufacture-in-india\/250x400-mm-10x16\/\">250 X 400<\/a> | <a href=\"https:\/\/feaceramics.com\/product-category\/best-ceramic-wall-tiles-manufacture-in-india\/250x750mm-ceramic-wall-tiles-manufacture\/\">250 X 750 mm<\/a> |<\/p>\n<p>WOODEN PLANK FLOOR TILES: (SEMI PORCELAIN BODY W. A 03 TO 6 % )<\/p>\n<p>| <a href=\"https:\/\/feaceramics.com\/product-category\/wooden-plain-punch-tiles\/150x900-mm-6x36\/\">150 X 900<\/a> | <a href=\"https:\/\/feaceramics.com\/product-category\/wooden-plain-punch-tiles\/200x1000-mm-8x40\/\">200 X 1000<\/a> | <a href=\"https:\/\/feaceramics.com\/product-category\/wooden-plain-punch-tiles\/200x1200-mm-8x48\/\">200 X 1200 mm<\/a> |<\/p>\n<p>DIFFERENT FINISH AVAILABLE: Polished | Matt | Book Match | High Gloss | Carving | ETC\u2026..<\/p>\n<p>We have updated technology, and an in-house R&amp; D team and Quality control team are there! Our production capacity is 15000 sq mt per day and with +60 countries exporting our product worldwide.<\/p>\n<p>CERTIFICATION: We have ISO 9001 :2015 and 14001:2015, CE certificate<\/p>","protected":false},"excerpt":{"rendered":"<p class=\"qtranxs-available-languages-message qtranxs-available-languages-message-de\">Leider ist der Eintrag nur auf <a href=\"https:\/\/feaceramics.com\/en\/wp-json\/wp\/v2\/product\/27401\" class=\"qtranxs-available-language-link qtranxs-available-language-link-en\" title=\"English\">English<\/a> verf\u00fcgbar. Der Inhalt wird unten in einer verf\u00fcgbaren Sprache angezeigt. Klicken Sie auf den Link, um die aktuelle Sprache zu \u00e4ndern.<\/p>\n<p>SIZE :- 300x600mm<\/p>\n<p>COVARAGE :-0.90\/sqm<\/p>\n<p>THICKNESS :- 9mm Approx.<\/p>\n<p>MOQ :- 500 sqm<\/p>\n<p>USES :- Interior and exterior \u2013 Stone Cladding Tiles<\/p>\n<p>Elevation porcelain floor tiles 300x600mm exude elegance and sophistication. Known for their striking marble &amp; Cemento colour with subtle veining, these tiles create a luxurious ambience in any space. The unique patterns and textures of Elevation Porcelain Floor Tiles add depth and character, making them a popular choice for creating stunning and timeless interiors.<\/p>\n<p>Categories: 300&#215;600 MM Tiles, Glazed Porcelain Tiles, Elevation (300&#215;600) Tags: ceramic floor tiles, ceramic tile, Fea Ceramics flooring tiles, Elevation 12&#215;24, Elevation bathroom floor tile, Elevation flooring tiles by Fea Ceramics, nonsleeper tiles<\/p>\n","protected":false},"featured_media":27402,"template":"","meta":[],"product_brand":[],"product_cat":[3620,3621,3615],"product_tag":[7407,7408,7410,6907,7409],"class_list":{"0":"post-27401","1":"product","2":"type-product","3":"status-publish","4":"has-post-thumbnail","6":"product_cat-300-x-600-mm","7":"product_cat-elevation-300-x-600","8":"product_cat-glazed-porcelain-tiles","9":"product_tag-education-facility-flooring","10":"product_tag-healthcare-project-surface","11":"product_tag-service-passage-flooring","12":"product_tag-transport-facility-flooring","13":"product_tag-utility-facility-tiles","15":"first","16":"instock","17":"shipping-taxable","18":"product-type-simple"},"_links":{"self":[{"href":"https:\/\/feaceramics.com\/de\/wp-json\/wp\/v2\/product\/27401","targetHints":{"allow":["GET"]}}],"collection":[{"href":"https:\/\/feaceramics.com\/de\/wp-json\/wp\/v2\/product"}],"about":[{"href":"https:\/\/feaceramics.com\/de\/wp-json\/wp\/v2\/types\/product"}],"wp:featuredmedia":[{"embeddable":true,"href":"https:\/\/feaceramics.com\/de\/wp-json\/wp\/v2\/media\/27402"}],"wp:attachment":[{"href":"https:\/\/feaceramics.com\/de\/wp-json\/wp\/v2\/media?parent=27401"}],"wp:term":[{"taxonomy":"product_brand","embeddable":true,"href":"https:\/\/feaceramics.com\/de\/wp-json\/wp\/v2\/product_brand?post=27401"},{"taxonomy":"product_cat","embeddable":true,"href":"https:\/\/feaceramics.com\/de\/wp-json\/wp\/v2\/product_cat?post=27401"},{"taxonomy":"product_tag","embeddable":true,"href":"https:\/\/feaceramics.com\/de\/wp-json\/wp\/v2\/product_tag?post=27401"}],"curies":[{"name":"wp","href":"https:\/\/api.w.org\/{rel}","templated":true}]}}