{"id":28596,"date":"2026-02-02T16:13:33","date_gmt":"2026-02-02T10:43:33","guid":{"rendered":"https:\/\/feaceramics.com\/?post_type=product&#038;p=28596"},"modified":"2026-02-02T16:13:33","modified_gmt":"2026-02-02T10:43:33","slug":"1303-polished-ceramic-wall-tiles-300x450mm","status":"publish","type":"product","link":"https:\/\/feaceramics.com\/de\/product\/1303-polished-ceramic-wall-tiles-300x450mm\/","title":{"rendered":"(English) 1303 &#8211; Polished Ceramic Wall Tiles"},"content":{"rendered":"<p class=\"qtranxs-available-languages-message qtranxs-available-languages-message-de\">Leider ist der Eintrag nur auf <a href=\"https:\/\/feaceramics.com\/en\/wp-json\/wp\/v2\/product\/28596\" class=\"qtranxs-available-language-link qtranxs-available-language-link-en\" title=\"English\">English<\/a> verf\u00fcgbar. Der Inhalt wird unten in einer verf\u00fcgbaren Sprache angezeigt. Klicken Sie auf den Link, um die aktuelle Sprache zu \u00e4ndern.<\/p><p><\/p>\n<p data-start=\"199\" data-end=\"874\">Bring elegance and modern style to your interiors with 300x450mm glossy ceramic wall tiles. Their polished surface reflects light beautifully, brightening homes, bathrooms, kitchens, and interior walls while creating a spacious and refined look. Crafted from premium ceramic, these tiles offer lasting durability, moisture resistance, and easy maintenance. Perfect for kitchens and bathrooms, they protect walls from spills, stains, and everyday wear. Ideal for feature walls, backsplashes, and full-wall applications, these glossy ceramic tiles provide a seamless, sophisticated finish that enhances any interior design, combining practicality with timeless visual appeal.<\/p>\n<p>PORCELANTO: (VITRIFIED W.A \u2013 0.5 %)<\/p>\n<p>|<a href=\"https:\/\/feaceramics.com\/product-category\/glazed-porcelain-tiles\/600-x-600-mm\/\">600 x 600<\/a> | <a href=\"https:\/\/feaceramics.com\/product-category\/glazed-porcelain-tiles\/600-x-1200-mm\/\">600 x 1200<\/a> | <a href=\"https:\/\/feaceramics.com\/product-category\/glazed-porcelain-tiles\/800-x-800mm\/\">800 x 800<\/a> | <a href=\"https:\/\/feaceramics.com\/product-category\/slab-porcelain-tiles\/800x1600-mm-32x64\/\">800 x 1600<\/a> | <a href=\"https:\/\/feaceramics.com\/product-category\/wooden-plain-punch-tiles\/200x1200-mm-8x48\/\">200 x1200 mm<\/a> and Bigger Slab Tiles<\/p>\n<p>CERAMICO: (CERAMIC BODY W. A 10 TO 14 % )<\/p>\n<p>|<a href=\"https:\/\/feaceramics.com\/product-category\/best-ceramic-wall-tiles-manufacture-in-india\/300x600-mm-12x24\/\">300 x 600<\/a> | <a href=\"https:\/\/feaceramics.com\/product-category\/best-ceramic-wall-tiles-manufacture-in-india\/300mm-x-450mm\/\">300 X 450<\/a> | <a href=\"https:\/\/feaceramics.com\/product-category\/best-ceramic-wall-tiles-manufacture-in-india\/250x400-mm-10x16\/\">250 X 400<\/a> | <a href=\"https:\/\/feaceramics.com\/product-category\/best-ceramic-wall-tiles-manufacture-in-india\/250x750mm-ceramic-wall-tiles-manufacture\/\">250 X 750 mm<\/a> |<\/p>\n<p>WOODEN PLANK FLOOR TILES: (SEMI PORCELAIN BODY W. A 03 TO 6 % )<\/p>\n<p>| <a href=\"https:\/\/feaceramics.com\/product-category\/wooden-plain-punch-tiles\/150x900-mm-6x36\/\">150 X 900<\/a> | <a href=\"https:\/\/feaceramics.com\/product-category\/wooden-plain-punch-tiles\/200x1000-mm-8x40\/\">200 X 1000<\/a> | <a href=\"https:\/\/feaceramics.com\/product-category\/wooden-plain-punch-tiles\/200x1200-mm-8x48\/\">200 X 1200 mm<\/a> |<\/p>\n<p>DIFFERENT FINISH AVAILABLE: Polished | Matt | Book Match | High Gloss | Carving | ETC\u2026..<\/p>\n<p>We have updated technology, and an in-house R&amp; D team and Quality control team are there! Our production capacity is 15000 sq mt per day and with +60 countries exporting our product worldwide.<\/p>\n<p>CERTIFICATION: We have ISO 9001 :2015 and 14001:2015, CE certificate<\/p>","protected":false},"excerpt":{"rendered":"<p class=\"qtranxs-available-languages-message qtranxs-available-languages-message-de\">Leider ist der Eintrag nur auf <a href=\"https:\/\/feaceramics.com\/en\/wp-json\/wp\/v2\/product\/28596\" class=\"qtranxs-available-language-link qtranxs-available-language-link-en\" title=\"English\">English<\/a> verf\u00fcgbar. Der Inhalt wird unten in einer verf\u00fcgbaren Sprache angezeigt. Klicken Sie auf den Link, um die aktuelle Sprache zu \u00e4ndern.<\/p>\n<p>SIZE :- 300x450mm<\/p>\n<p>THICKNESS :- 8mm Approx.<\/p>\n<p>MOQ :- 500 sqm<\/p>\n<p>Polished Ceramic Wall tiles 300x450mm exude elegance and sophistication. Known for their striking marble &amp; Cemento colour with subtle veining, these tiles create a luxurious ambience in any space. The unique patterns and textures of Polished Ceramic Wall tiles add depth and character, making them a popular choice for creating stunning and timeless interiors.<\/p>\n<p>Categories: 300&#215;450 MM Tiles, Ceramic Wall tiles, Polished Tiles(300&#215;450) Tags: ceramic floor tiles, ceramic tile, Fea Ceramics flooring tiles, Polished\u00a0 Tiles 12&#215;18, Polished bathroom floor tile, Polished flooring tiles by Fea Ceramics, nonsleeper tiles<\/p>\n","protected":false},"featured_media":28597,"template":"","meta":[],"product_brand":[],"product_cat":[3607,763,764],"product_tag":[8046,8047,8044,8045,8043],"class_list":{"0":"post-28596","1":"product","2":"type-product","3":"status-publish","4":"has-post-thumbnail","6":"product_cat-glossy-300x450","7":"product_cat-best-ceramic-wall-tiles-manufacture-in-india","8":"product_cat-300mm-x-450mm","9":"product_tag-b2b-elevation-wall-tiles","10":"product_tag-clean-wall-elevation-surface","11":"product_tag-distribution-ready-wall-tiles","12":"product_tag-market-supply-elevation-tiles","13":"product_tag-trade-grade-elevation-tiles","15":"first","16":"instock","17":"shipping-taxable","18":"product-type-simple"},"_links":{"self":[{"href":"https:\/\/feaceramics.com\/de\/wp-json\/wp\/v2\/product\/28596","targetHints":{"allow":["GET"]}}],"collection":[{"href":"https:\/\/feaceramics.com\/de\/wp-json\/wp\/v2\/product"}],"about":[{"href":"https:\/\/feaceramics.com\/de\/wp-json\/wp\/v2\/types\/product"}],"wp:featuredmedia":[{"embeddable":true,"href":"https:\/\/feaceramics.com\/de\/wp-json\/wp\/v2\/media\/28597"}],"wp:attachment":[{"href":"https:\/\/feaceramics.com\/de\/wp-json\/wp\/v2\/media?parent=28596"}],"wp:term":[{"taxonomy":"product_brand","embeddable":true,"href":"https:\/\/feaceramics.com\/de\/wp-json\/wp\/v2\/product_brand?post=28596"},{"taxonomy":"product_cat","embeddable":true,"href":"https:\/\/feaceramics.com\/de\/wp-json\/wp\/v2\/product_cat?post=28596"},{"taxonomy":"product_tag","embeddable":true,"href":"https:\/\/feaceramics.com\/de\/wp-json\/wp\/v2\/product_tag?post=28596"}],"curies":[{"name":"wp","href":"https:\/\/api.w.org\/{rel}","templated":true}]}}