{"id":32600,"date":"2026-02-28T14:49:54","date_gmt":"2026-02-28T09:19:54","guid":{"rendered":"https:\/\/feaceramics.com\/?post_type=product&#038;p=32600"},"modified":"2026-02-28T14:49:54","modified_gmt":"2026-02-28T09:19:54","slug":"brussels-bc-polished-porcelain-floor-tiles-600x1200mm","status":"publish","type":"product","link":"https:\/\/feaceramics.com\/de\/product\/brussels-bc-polished-porcelain-floor-tiles-600x1200mm\/","title":{"rendered":"(English) Brussels BC &#8211; Polished Porcelain Floor Tiles"},"content":{"rendered":"<p class=\"qtranxs-available-languages-message qtranxs-available-languages-message-de\">Leider ist der Eintrag nur auf <a href=\"https:\/\/feaceramics.com\/en\/wp-json\/wp\/v2\/product\/32600\" class=\"qtranxs-available-language-link qtranxs-available-language-link-en\" title=\"English\">English<\/a> verf\u00fcgbar. Der Inhalt wird unten in einer verf\u00fcgbaren Sprache angezeigt. Klicken Sie auf den Link, um die aktuelle Sprache zu \u00e4ndern.<\/p><p><strong><u>FEA CERAMICS \u2013 INDIA<\/u><\/strong><\/p>\n<p>Brussels BC 600x1200mm Polished Porcelain Tiles reflect contemporary European-inspired design with a refined surface texture and balanced tonal appeal. Ideal for homes, bathrooms, kitchens, living areas, and upscale commercial interiors, these porcelain tiles create a sophisticated and modern ambiance. The polished finish enhances light reflection, adding a sleek gloss that elevates spatial depth and visual continuity across floors and walls. Manufactured using advanced porcelain technology, Brussels BC tiles offer exceptional durability, low water absorption, and resistance to stains and daily wear. Their versatile aesthetic complements minimalist and luxury d\u00e9cor themes, delivering long-lasting performance and timeless interior elegance.<\/p>\n<p>We are manufacturing and exporting of the ceramic and porcelain tiles since 2010 and we have below format available: Our diverse product portfolio includes Ceramic Floor Tile, Ceramic Wall Tile, Double Charge Vitrified Tile, Elevation (Cladding) Tiles, Full Body Porcelain Tile, Glazed Vitrified Floor Tile, Glazed Porcelain Tile, Outdoor Parking Floor Tile, Slab Porcelain Tile, Wooden Flooring, Wooden Plank Tile, Large format Porcelain Tiles from India<\/p>\n<p>PORCELANTO: (VITRIFIED W.A \u2013 0.5 %)<\/p>\n<p>|<a href=\"https:\/\/feaceramics.com\/product-category\/glazed-porcelain-tiles\/600-x-600-mm\/\">600 x 600<\/a> | <a href=\"https:\/\/feaceramics.com\/product-category\/glazed-porcelain-tiles\/600-x-1200-mm\/\">600 x 1200<\/a> | <a href=\"https:\/\/feaceramics.com\/product-category\/glazed-porcelain-tiles\/800-x-800mm\/\">800 x 800<\/a> | <a href=\"https:\/\/feaceramics.com\/product-category\/slab-porcelain-tiles\/800x1600-mm-32x64\/\">800 x 1600<\/a> | <a href=\"https:\/\/feaceramics.com\/product-category\/wooden-plain-punch-tiles\/200x1200-mm-8x48\/\">200 x1200 mm<\/a> and Bigger Slab Tiles<\/p>\n<p>CERAMICO: (CERAMIC BODY W. A 10 TO 14 % )<\/p>\n<p>|<a href=\"https:\/\/feaceramics.com\/product-category\/best-ceramic-wall-tiles-manufacture-in-india\/300x600-mm-12x24\/\">300 x 600<\/a> | <a href=\"https:\/\/feaceramics.com\/product-category\/best-ceramic-wall-tiles-manufacture-in-india\/300mm-x-450mm\/\">300 X 450<\/a> | <a href=\"https:\/\/feaceramics.com\/product-category\/best-ceramic-wall-tiles-manufacture-in-india\/250x400-mm-10x16\/\">250 X 400<\/a> | <a href=\"https:\/\/feaceramics.com\/product-category\/best-ceramic-wall-tiles-manufacture-in-india\/250x750mm-ceramic-wall-tiles-manufacture\/\">250 X 750 mm<\/a> |<\/p>\n<p>WOODEN PLANK FLOOR TILES: (SEMI PORCELAIN BODY W. A 03 TO 6 % )<\/p>\n<p>| <a href=\"https:\/\/feaceramics.com\/product-category\/wooden-plain-punch-tiles\/150x900-mm-6x36\/\">150 X 900<\/a> | <a href=\"https:\/\/feaceramics.com\/product-category\/wooden-plain-punch-tiles\/200x1000-mm-8x40\/\">200 X 1000<\/a> | <a href=\"https:\/\/feaceramics.com\/product-category\/wooden-plain-punch-tiles\/200x1200-mm-8x48\/\">200 X 1200 mm<\/a> |<\/p>\n<p>DIFFERENT FINISH AVAILABLE: Polished | Matt | Book Match | High Gloss | Carving | ETC\u2026..<\/p>\n<p>We have updated technology, and an in-house R&amp; D team and Quality control team are there! Our production capacity is 15000 sq mt per day and with +60 countries exporting our product worldwide.<\/p>\n<p>CERTIFICATION: We have ISO 9001 :2015 and 14001:2015, CE certificate<\/p>","protected":false},"excerpt":{"rendered":"<p class=\"qtranxs-available-languages-message qtranxs-available-languages-message-de\">Leider ist der Eintrag nur auf <a href=\"https:\/\/feaceramics.com\/en\/wp-json\/wp\/v2\/product\/32600\" class=\"qtranxs-available-language-link qtranxs-available-language-link-en\" title=\"English\">English<\/a> verf\u00fcgbar. Der Inhalt wird unten in einer verf\u00fcgbaren Sprache angezeigt. Klicken Sie auf den Link, um die aktuelle Sprache zu \u00e4ndern.<\/p>\n<p>SIZE: &#8211; 600x1200mm<\/p>\n<p>PACKING: &#8211; 2\/pcs<\/p>\n<p>Finish: &#8211; Polished<\/p>\n<p>COVARAGE: -1.44\/sqm<\/p>\n<p>THICKNESS: &#8211; 8.50mmApprox.<\/p>\n<p>MOQ: &#8211; 500 sqm<\/p>\n<p>USES: &#8211; Wall Tiles | Floor Tiles | Bathroom |Kitchen | Living room<\/p>\n","protected":false},"featured_media":32601,"template":"","meta":[],"product_brand":[],"product_cat":[3625,3615,3632],"product_tag":[7857,10638,8179,7854,7747],"class_list":{"0":"post-32600","1":"product","2":"type-product","3":"status-publish","4":"has-post-thumbnail","6":"product_cat-600-x-1200-mm","7":"product_cat-glazed-porcelain-tiles","8":"product_cat-polished-600-x-1200","9":"product_tag-building-envelope-tiles","10":"product_tag-horizontal-surface-tiles","11":"product_tag-structural-surface-tiles","12":"product_tag-surface-protection-tiles","13":"product_tag-vertical-surface-tiles","15":"first","16":"instock","17":"shipping-taxable","18":"product-type-simple"},"_links":{"self":[{"href":"https:\/\/feaceramics.com\/de\/wp-json\/wp\/v2\/product\/32600","targetHints":{"allow":["GET"]}}],"collection":[{"href":"https:\/\/feaceramics.com\/de\/wp-json\/wp\/v2\/product"}],"about":[{"href":"https:\/\/feaceramics.com\/de\/wp-json\/wp\/v2\/types\/product"}],"wp:featuredmedia":[{"embeddable":true,"href":"https:\/\/feaceramics.com\/de\/wp-json\/wp\/v2\/media\/32601"}],"wp:attachment":[{"href":"https:\/\/feaceramics.com\/de\/wp-json\/wp\/v2\/media?parent=32600"}],"wp:term":[{"taxonomy":"product_brand","embeddable":true,"href":"https:\/\/feaceramics.com\/de\/wp-json\/wp\/v2\/product_brand?post=32600"},{"taxonomy":"product_cat","embeddable":true,"href":"https:\/\/feaceramics.com\/de\/wp-json\/wp\/v2\/product_cat?post=32600"},{"taxonomy":"product_tag","embeddable":true,"href":"https:\/\/feaceramics.com\/de\/wp-json\/wp\/v2\/product_tag?post=32600"}],"curies":[{"name":"wp","href":"https:\/\/api.w.org\/{rel}","templated":true}]}}