{"id":3705,"date":"2018-05-28T17:49:00","date_gmt":"2018-05-28T12:19:00","guid":{"rendered":"http:\/\/feaceramics.com\/?post_type=product&#038;p=3705"},"modified":"2023-12-21T12:05:20","modified_gmt":"2023-12-21T06:35:20","slug":"600x1200mm-porcelain-tiles","status":"publish","type":"product","link":"https:\/\/feaceramics.com\/de\/product\/600x1200mm-porcelain-tiles\/","title":{"rendered":"(English) 600x1200mm PORCELAIN TILES"},"content":{"rendered":"<p class=\"qtranxs-available-languages-message qtranxs-available-languages-message-de\">Leider ist der Eintrag nur auf <a href=\"https:\/\/feaceramics.com\/en\/wp-json\/wp\/v2\/product\/3705\" class=\"qtranxs-available-language-link qtranxs-available-language-link-en\" title=\"English\">English<\/a> verf\u00fcgbar. Der Inhalt wird unten in einer verf\u00fcgbaren Sprache angezeigt. Klicken Sie auf den Link, um die aktuelle Sprache zu \u00e4ndern.<\/p><p>Fea ceramics is Leading Manufacturer &#038; Exporter of 300x300mm, 333x333mm, 400x400mm, 600x600mm, 200x300mm, 250x400mm, 300x600mm, 800x1600mm, 1200x1200mm, 1200x2400mm Wall Tiles, Floor Tiles From India. 600x1200mm PORCELAIN TILES<\/p>","protected":false},"excerpt":{"rendered":"<p>Leider ist der Eintrag nur auf English verf\u00fcgbar. Der Inhalt wird unten in einer verf\u00fcgbaren Sprache angezeigt. Klicken Sie auf den Link, um die aktuelle Sprache zu \u00e4ndern.Fea ceramics is Leading Manufacturer &#038; Exporter of 300x300mm, 333x333mm, 400x400mm, 600x600mm, 200x300mm, 250x400mm, 300x600mm, 800x1600mm, 1200x1200mm, 1200x2400mm Wall Tiles, Floor Tiles From India. 600x1200mm PORCELAIN TILES<\/p>\n","protected":false},"featured_media":0,"template":"","meta":[],"product_brand":[],"product_cat":[547],"product_tag":[],"class_list":{"0":"post-3705","1":"product","2":"type-product","3":"status-publish","5":"product_cat-uncategorized","7":"first","8":"instock","9":"shipping-taxable","10":"product-type-simple"},"_links":{"self":[{"href":"https:\/\/feaceramics.com\/de\/wp-json\/wp\/v2\/product\/3705","targetHints":{"allow":["GET"]}}],"collection":[{"href":"https:\/\/feaceramics.com\/de\/wp-json\/wp\/v2\/product"}],"about":[{"href":"https:\/\/feaceramics.com\/de\/wp-json\/wp\/v2\/types\/product"}],"wp:attachment":[{"href":"https:\/\/feaceramics.com\/de\/wp-json\/wp\/v2\/media?parent=3705"}],"wp:term":[{"taxonomy":"product_brand","embeddable":true,"href":"https:\/\/feaceramics.com\/de\/wp-json\/wp\/v2\/product_brand?post=3705"},{"taxonomy":"product_cat","embeddable":true,"href":"https:\/\/feaceramics.com\/de\/wp-json\/wp\/v2\/product_cat?post=3705"},{"taxonomy":"product_tag","embeddable":true,"href":"https:\/\/feaceramics.com\/de\/wp-json\/wp\/v2\/product_tag?post=3705"}],"curies":[{"name":"wp","href":"https:\/\/api.w.org\/{rel}","templated":true}]}}