{"id":4684,"date":"2018-12-15T12:44:58","date_gmt":"2018-12-15T07:14:58","guid":{"rendered":"http:\/\/feaceramics.com\/?post_type=product&#038;p=4684"},"modified":"2018-12-15T12:54:50","modified_gmt":"2018-12-15T07:24:50","slug":"porch-white-1200x2400mm-porcelain-tiles","status":"publish","type":"product","link":"https:\/\/feaceramics.com\/de\/product\/porch-white-1200x2400mm-porcelain-tiles\/","title":{"rendered":"(English) PORCH WHITE \u2013 1200X2400mm Porcelain Tiles"},"content":{"rendered":"<p class=\"qtranxs-available-languages-message qtranxs-available-languages-message-de\">Leider ist der Eintrag nur auf <a href=\"https:\/\/feaceramics.com\/en\/wp-json\/wp\/v2\/product\/4684\" class=\"qtranxs-available-language-link qtranxs-available-language-link-en\" title=\"English\">English<\/a> verf\u00fcgbar. Der Inhalt wird unten in einer verf\u00fcgbaren Sprache angezeigt. Klicken Sie auf den Link, um die aktuelle Sprache zu \u00e4ndern.<\/p><p><strong>Pioneer in manufacturing &#8211; 1200 x 2400 mm (48&#215;96, 4ft x 8ft porcelain slabs )<\/strong><\/p>\n<p>FEA CERAMICS\u00a0 Based in Morbi &#8211; Rajkot (Gujarat), the hub of tile manufacturing in India, the plant is spread across 30 acres with a roofed space of 4,50,000 sq. mt per month . A fully automated plant capable of producing 15000 sq. mt. per day, highest in India.<\/p>\n<p>FEA SLAB&#8217;s are available in thickness of 6 mm to 12mm, enabling designers and architects to use them not just on floors but also on walls, counters and table tops for a contemporary luxurious look and feel.<\/p>\n<p>Available Sizes : 75&#215;150, 80&#215;160, 90&#215;180, 80&#215;240, 120&#215;120, 120&#215;240, 160&#215;320 slab porcelain<\/p>\n<p>Thickness : 6mm, 9mm, 12mm<\/p>\n<p>Surface : Polished, Matt, Rustic<\/p>\n<p>Uses : Wall Tiles, Bathroom, Kitchen, Table Top, Hospital, Airport, Hotel, Spa, Shopping Mall,<\/p>\n<p>&nbsp;<\/p>\n<p>&nbsp;<\/p>","protected":false},"excerpt":{"rendered":"<p>Leider ist der Eintrag nur auf English verf\u00fcgbar. Der Inhalt wird unten in einer verf\u00fcgbaren Sprache angezeigt. Klicken Sie auf den Link, um die aktuelle Sprache zu \u00e4ndern.Pioneer in manufacturing &#8211; 1200 x 2400 mm (48&#215;96, 4ft x 8ft porcelain slabs ) FEA CERAMICS\u00a0 Based in Morbi &#8211; Rajkot (Gujarat), the hub of tile manufacturing&hellip;<\/p>\n<div class=\"text-right\"><a href=\"https:\/\/feaceramics.com\/de\/product\/porch-white-1200x2400mm-porcelain-tiles\/\" class=\"btn\"><span>Read More<\/a><\/span><\/div>\n","protected":false},"featured_media":4685,"template":"","meta":[],"product_brand":[],"product_cat":[707,710,756],"product_tag":[],"class_list":{"0":"post-4684","1":"product","2":"type-product","3":"status-publish","4":"has-post-thumbnail","6":"product_cat-porcelain-floor-tiles","7":"product_cat-polished-glazed-vitrified-tiles","8":"product_cat-1200mm-x-2400mm","10":"first","11":"instock","12":"shipping-taxable","13":"product-type-simple"},"_links":{"self":[{"href":"https:\/\/feaceramics.com\/de\/wp-json\/wp\/v2\/product\/4684","targetHints":{"allow":["GET"]}}],"collection":[{"href":"https:\/\/feaceramics.com\/de\/wp-json\/wp\/v2\/product"}],"about":[{"href":"https:\/\/feaceramics.com\/de\/wp-json\/wp\/v2\/types\/product"}],"wp:featuredmedia":[{"embeddable":true,"href":"https:\/\/feaceramics.com\/de\/wp-json\/wp\/v2\/media\/4685"}],"wp:attachment":[{"href":"https:\/\/feaceramics.com\/de\/wp-json\/wp\/v2\/media?parent=4684"}],"wp:term":[{"taxonomy":"product_brand","embeddable":true,"href":"https:\/\/feaceramics.com\/de\/wp-json\/wp\/v2\/product_brand?post=4684"},{"taxonomy":"product_cat","embeddable":true,"href":"https:\/\/feaceramics.com\/de\/wp-json\/wp\/v2\/product_cat?post=4684"},{"taxonomy":"product_tag","embeddable":true,"href":"https:\/\/feaceramics.com\/de\/wp-json\/wp\/v2\/product_tag?post=4684"}],"curies":[{"name":"wp","href":"https:\/\/api.w.org\/{rel}","templated":true}]}}