{"id":5001,"date":"2019-06-09T15:20:14","date_gmt":"2019-06-09T09:50:14","guid":{"rendered":"http:\/\/feaceramics.com\/?post_type=product&#038;p=5001"},"modified":"2019-06-09T15:20:15","modified_gmt":"2019-06-09T09:50:15","slug":"best-wooden-flooring-tiles-manufacture-73","status":"publish","type":"product","link":"https:\/\/feaceramics.com\/de\/product\/best-wooden-flooring-tiles-manufacture-73\/","title":{"rendered":"(English) 600MMX600MM Wood FLOOR TILES 4611"},"content":{"rendered":"<p class=\"qtranxs-available-languages-message qtranxs-available-languages-message-de\">Leider ist der Eintrag nur auf <a href=\"https:\/\/feaceramics.com\/en\/wp-json\/wp\/v2\/product\/5001\" class=\"qtranxs-available-language-link qtranxs-available-language-link-en\" title=\"English\">English<\/a> verf\u00fcgbar. Der Inhalt wird unten in einer verf\u00fcgbaren Sprache angezeigt. Klicken Sie auf den Link, um die aktuelle Sprache zu \u00e4ndern.<\/p><p><strong>Size : 600x600mm Wooden Floor Tiles.<\/strong><\/p>\n<p>No Of Pcs \u2013 4<\/p>\n<p>Cov \u2013 1.44 \/ sqm<\/p>\n<p>Thickness \u2013 9mm<\/p>\n<p>Weight \u2013 28 Kgs<\/p>","protected":false},"excerpt":{"rendered":"<p>Leider ist der Eintrag nur auf English verf\u00fcgbar. Der Inhalt wird unten in einer verf\u00fcgbaren Sprache angezeigt. Klicken Sie auf den Link, um die aktuelle Sprache zu \u00e4ndern.Size : 600x600mm Wooden Floor Tiles. No Of Pcs \u2013 4 Cov \u2013 1.44 \/ sqm Thickness \u2013 9mm Weight \u2013 28 Kgs<\/p>\n","protected":false},"featured_media":5002,"template":"","meta":[],"product_brand":[],"product_cat":[257],"product_tag":[1503,1552,1636,681,1463,1661,1419,1570,1629],"class_list":{"0":"post-5001","1":"product","2":"type-product","3":"status-publish","4":"has-post-thumbnail","6":"product_cat-wood","7":"product_tag-3d-tiles-wood","8":"product_tag-3d-wood-floor","9":"product_tag-60x60cm-tiles","10":"product_tag-floor-tiles","11":"product_tag-indian-galicha","12":"product_tag-italian-tiles-floor","13":"product_tag-natural-wood","14":"product_tag-wood-galicha","15":"product_tag-wooden-floor","17":"first","18":"instock","19":"shipping-taxable","20":"product-type-simple"},"_links":{"self":[{"href":"https:\/\/feaceramics.com\/de\/wp-json\/wp\/v2\/product\/5001","targetHints":{"allow":["GET"]}}],"collection":[{"href":"https:\/\/feaceramics.com\/de\/wp-json\/wp\/v2\/product"}],"about":[{"href":"https:\/\/feaceramics.com\/de\/wp-json\/wp\/v2\/types\/product"}],"wp:featuredmedia":[{"embeddable":true,"href":"https:\/\/feaceramics.com\/de\/wp-json\/wp\/v2\/media\/5002"}],"wp:attachment":[{"href":"https:\/\/feaceramics.com\/de\/wp-json\/wp\/v2\/media?parent=5001"}],"wp:term":[{"taxonomy":"product_brand","embeddable":true,"href":"https:\/\/feaceramics.com\/de\/wp-json\/wp\/v2\/product_brand?post=5001"},{"taxonomy":"product_cat","embeddable":true,"href":"https:\/\/feaceramics.com\/de\/wp-json\/wp\/v2\/product_cat?post=5001"},{"taxonomy":"product_tag","embeddable":true,"href":"https:\/\/feaceramics.com\/de\/wp-json\/wp\/v2\/product_tag?post=5001"}],"curies":[{"name":"wp","href":"https:\/\/api.w.org\/{rel}","templated":true}]}}