{"id":5109,"date":"2019-06-10T15:09:16","date_gmt":"2019-06-10T09:39:16","guid":{"rendered":"http:\/\/feaceramics.com\/?post_type=product&#038;p=5109"},"modified":"2019-06-10T15:09:17","modified_gmt":"2019-06-10T09:39:17","slug":"best-matt-flooring-tiles-manufacture-23","status":"publish","type":"product","link":"https:\/\/feaceramics.com\/de\/product\/best-matt-flooring-tiles-manufacture-23\/","title":{"rendered":"(English) 600MMX600MM MATT FLOOR TILES 4297"},"content":{"rendered":"<p class=\"qtranxs-available-languages-message qtranxs-available-languages-message-de\">Leider ist der Eintrag nur auf <a href=\"https:\/\/feaceramics.com\/en\/wp-json\/wp\/v2\/product\/5109\" class=\"qtranxs-available-language-link qtranxs-available-language-link-en\" title=\"English\">English<\/a> verf\u00fcgbar. Der Inhalt wird unten in einer verf\u00fcgbaren Sprache angezeigt. Klicken Sie auf den Link, um die aktuelle Sprache zu \u00e4ndern.<\/p><p><strong>Size : 600x600mm Matt Floor Tiles.<\/strong><\/p>\n<p>No Of Pcs \u2013 4<\/p>\n<p>Cov \u2013 1.44 \/ sqm<\/p>\n<p>Thickness \u2013 9mm<\/p>\n<p>Weight \u2013 28 Kgs<\/p>","protected":false},"excerpt":{"rendered":"<p>Leider ist der Eintrag nur auf English verf\u00fcgbar. Der Inhalt wird unten in einer verf\u00fcgbaren Sprache angezeigt. Klicken Sie auf den Link, um die aktuelle Sprache zu \u00e4ndern.Size : 600x600mm Matt Floor Tiles. No Of Pcs \u2013 4 Cov \u2013 1.44 \/ sqm Thickness \u2013 9mm Weight \u2013 28 Kgs<\/p>\n","protected":false},"featured_media":5110,"template":"","meta":[],"product_brand":[],"product_cat":[256],"product_tag":[681,1755,1750,1774,1742,1751,313,1831,1760,1804],"class_list":{"0":"post-5109","1":"product","2":"type-product","3":"status-publish","4":"has-post-thumbnail","6":"product_cat-matte","7":"product_tag-floor-tiles","8":"product_tag-indian-marble","9":"product_tag-italian-marble","10":"product_tag-ivory-marble","11":"product_tag-marble-design","12":"product_tag-marble-design-tiles","13":"product_tag-marble-floor-tiles","14":"product_tag-marble-pattern","15":"product_tag-matt-marble","16":"product_tag-natural-marble","18":"first","19":"instock","20":"shipping-taxable","21":"product-type-simple"},"_links":{"self":[{"href":"https:\/\/feaceramics.com\/de\/wp-json\/wp\/v2\/product\/5109","targetHints":{"allow":["GET"]}}],"collection":[{"href":"https:\/\/feaceramics.com\/de\/wp-json\/wp\/v2\/product"}],"about":[{"href":"https:\/\/feaceramics.com\/de\/wp-json\/wp\/v2\/types\/product"}],"wp:featuredmedia":[{"embeddable":true,"href":"https:\/\/feaceramics.com\/de\/wp-json\/wp\/v2\/media\/5110"}],"wp:attachment":[{"href":"https:\/\/feaceramics.com\/de\/wp-json\/wp\/v2\/media?parent=5109"}],"wp:term":[{"taxonomy":"product_brand","embeddable":true,"href":"https:\/\/feaceramics.com\/de\/wp-json\/wp\/v2\/product_brand?post=5109"},{"taxonomy":"product_cat","embeddable":true,"href":"https:\/\/feaceramics.com\/de\/wp-json\/wp\/v2\/product_cat?post=5109"},{"taxonomy":"product_tag","embeddable":true,"href":"https:\/\/feaceramics.com\/de\/wp-json\/wp\/v2\/product_tag?post=5109"}],"curies":[{"name":"wp","href":"https:\/\/api.w.org\/{rel}","templated":true}]}}