{"id":5137,"date":"2019-06-10T15:53:19","date_gmt":"2019-06-10T10:23:19","guid":{"rendered":"http:\/\/feaceramics.com\/?post_type=product&#038;p=5137"},"modified":"2019-06-10T15:53:19","modified_gmt":"2019-06-10T10:23:19","slug":"best-matt-flooring-tiles-manufacture-37","status":"publish","type":"product","link":"https:\/\/feaceramics.com\/de\/product\/best-matt-flooring-tiles-manufacture-37\/","title":{"rendered":"(English) 600MMX600MM MATT FLOOR TILES 4312"},"content":{"rendered":"<p class=\"qtranxs-available-languages-message qtranxs-available-languages-message-de\">Leider ist der Eintrag nur auf <a href=\"https:\/\/feaceramics.com\/en\/wp-json\/wp\/v2\/product\/5137\" class=\"qtranxs-available-language-link qtranxs-available-language-link-en\" title=\"English\">English<\/a> verf\u00fcgbar. Der Inhalt wird unten in einer verf\u00fcgbaren Sprache angezeigt. Klicken Sie auf den Link, um die aktuelle Sprache zu \u00e4ndern.<\/p><p><strong>Size : 600x600mm Matt Floor Tiles.<\/strong><\/p>\n<p>No Of Pcs \u2013 4<\/p>\n<p>Cov \u2013 1.44 \/ sqm<\/p>\n<p>Thickness \u2013 9mm<\/p>\n<p>Weight \u2013 28 Kgs<\/p>","protected":false},"excerpt":{"rendered":"<p>Leider ist der Eintrag nur auf English verf\u00fcgbar. Der Inhalt wird unten in einer verf\u00fcgbaren Sprache angezeigt. Klicken Sie auf den Link, um die aktuelle Sprache zu \u00e4ndern.Size : 600x600mm Matt Floor Tiles. No Of Pcs \u2013 4 Cov \u2013 1.44 \/ sqm Thickness \u2013 9mm Weight \u2013 28 Kgs<\/p>\n","protected":false},"featured_media":5138,"template":"","meta":[],"product_brand":[],"product_cat":[256],"product_tag":[1489,1849,1870,1677,1810,1871,1873,1235,1872],"class_list":{"0":"post-5137","1":"product","2":"type-product","3":"status-publish","4":"has-post-thumbnail","6":"product_cat-matte","7":"product_tag-3d-tiles","8":"product_tag-3d-tiles-design","9":"product_tag-best-design-tiles-flooor","10":"product_tag-collection-tiles","11":"product_tag-garden-tiles","12":"product_tag-good-design-floor-tiles","13":"product_tag-importred-tiles-design","14":"product_tag-indian-tiles","15":"product_tag-italian-tiles-design","17":"first","18":"instock","19":"shipping-taxable","20":"product-type-simple"},"_links":{"self":[{"href":"https:\/\/feaceramics.com\/de\/wp-json\/wp\/v2\/product\/5137","targetHints":{"allow":["GET"]}}],"collection":[{"href":"https:\/\/feaceramics.com\/de\/wp-json\/wp\/v2\/product"}],"about":[{"href":"https:\/\/feaceramics.com\/de\/wp-json\/wp\/v2\/types\/product"}],"wp:featuredmedia":[{"embeddable":true,"href":"https:\/\/feaceramics.com\/de\/wp-json\/wp\/v2\/media\/5138"}],"wp:attachment":[{"href":"https:\/\/feaceramics.com\/de\/wp-json\/wp\/v2\/media?parent=5137"}],"wp:term":[{"taxonomy":"product_brand","embeddable":true,"href":"https:\/\/feaceramics.com\/de\/wp-json\/wp\/v2\/product_brand?post=5137"},{"taxonomy":"product_cat","embeddable":true,"href":"https:\/\/feaceramics.com\/de\/wp-json\/wp\/v2\/product_cat?post=5137"},{"taxonomy":"product_tag","embeddable":true,"href":"https:\/\/feaceramics.com\/de\/wp-json\/wp\/v2\/product_tag?post=5137"}],"curies":[{"name":"wp","href":"https:\/\/api.w.org\/{rel}","templated":true}]}}