{"id":5165,"date":"2019-06-11T12:10:49","date_gmt":"2019-06-11T06:40:49","guid":{"rendered":"http:\/\/feaceramics.com\/?post_type=product&#038;p=5165"},"modified":"2019-06-11T12:10:49","modified_gmt":"2019-06-11T06:40:49","slug":"best-rustic-flooring-tiles-manufacture-2","status":"publish","type":"product","link":"https:\/\/feaceramics.com\/de\/product\/best-rustic-flooring-tiles-manufacture-2\/","title":{"rendered":"(English) 600MMX600MM Rustic FLOOR TILES 4718"},"content":{"rendered":"<p class=\"qtranxs-available-languages-message qtranxs-available-languages-message-de\">Leider ist der Eintrag nur auf <a href=\"https:\/\/feaceramics.com\/en\/wp-json\/wp\/v2\/product\/5165\" class=\"qtranxs-available-language-link qtranxs-available-language-link-en\" title=\"English\">English<\/a> verf\u00fcgbar. Der Inhalt wird unten in einer verf\u00fcgbaren Sprache angezeigt. Klicken Sie auf den Link, um die aktuelle Sprache zu \u00e4ndern.<\/p><p><strong>Size : 600x600mm Rustic Floor Tiles.<\/strong><\/p>\n<p>No Of Pcs \u2013 4<\/p>\n<p>Cov \u2013 1.44 \/ sqm<\/p>\n<p>Thickness \u2013 9mm<\/p>\n<p>Weight \u2013 28 Kgs<\/p>","protected":false},"excerpt":{"rendered":"<p>Leider ist der Eintrag nur auf English verf\u00fcgbar. Der Inhalt wird unten in einer verf\u00fcgbaren Sprache angezeigt. Klicken Sie auf den Link, um die aktuelle Sprache zu \u00e4ndern.Size : 600x600mm Rustic Floor Tiles. No Of Pcs \u2013 4 Cov \u2013 1.44 \/ sqm Thickness \u2013 9mm Weight \u2013 28 Kgs<\/p>\n","protected":false},"featured_media":5168,"template":"","meta":[],"product_brand":[],"product_cat":[258],"product_tag":[1678,681,1917,1919,1918,987,1920,1916,1562],"class_list":{"0":"post-5165","1":"product","2":"type-product","3":"status-publish","4":"has-post-thumbnail","6":"product_cat-rustic","7":"product_tag-decor-design","8":"product_tag-floor-tiles","9":"product_tag-floor-tiles-rustic","10":"product_tag-italian-design-floor","11":"product_tag-matt-finisheds","12":"product_tag-porcelain-floor-tiles","13":"product_tag-rust-design","14":"product_tag-rustic-finished-tiles","15":"product_tag-wood-design","17":"first","18":"instock","19":"shipping-taxable","20":"product-type-simple"},"_links":{"self":[{"href":"https:\/\/feaceramics.com\/de\/wp-json\/wp\/v2\/product\/5165","targetHints":{"allow":["GET"]}}],"collection":[{"href":"https:\/\/feaceramics.com\/de\/wp-json\/wp\/v2\/product"}],"about":[{"href":"https:\/\/feaceramics.com\/de\/wp-json\/wp\/v2\/types\/product"}],"wp:featuredmedia":[{"embeddable":true,"href":"https:\/\/feaceramics.com\/de\/wp-json\/wp\/v2\/media\/5168"}],"wp:attachment":[{"href":"https:\/\/feaceramics.com\/de\/wp-json\/wp\/v2\/media?parent=5165"}],"wp:term":[{"taxonomy":"product_brand","embeddable":true,"href":"https:\/\/feaceramics.com\/de\/wp-json\/wp\/v2\/product_brand?post=5165"},{"taxonomy":"product_cat","embeddable":true,"href":"https:\/\/feaceramics.com\/de\/wp-json\/wp\/v2\/product_cat?post=5165"},{"taxonomy":"product_tag","embeddable":true,"href":"https:\/\/feaceramics.com\/de\/wp-json\/wp\/v2\/product_tag?post=5165"}],"curies":[{"name":"wp","href":"https:\/\/api.w.org\/{rel}","templated":true}]}}