{"id":5664,"date":"2020-03-14T14:14:00","date_gmt":"2020-03-14T08:44:00","guid":{"rendered":"http:\/\/feaceramics.com\/?post_type=product&#038;p=5664"},"modified":"2023-12-21T12:09:43","modified_gmt":"2023-12-21T06:39:43","slug":"blood-red-200x200mm-subway-wall-tile","status":"publish","type":"product","link":"https:\/\/feaceramics.com\/de\/product\/blood-red-200x200mm-subway-wall-tile\/","title":{"rendered":"(English) BLOOD RED 200x200mm SUBWAY WALL TILE"},"content":{"rendered":"<p class=\"qtranxs-available-languages-message qtranxs-available-languages-message-de\">Leider ist der Eintrag nur auf <a href=\"https:\/\/feaceramics.com\/en\/wp-json\/wp\/v2\/product\/5664\" class=\"qtranxs-available-language-link qtranxs-available-language-link-en\" title=\"English\">English<\/a> verf\u00fcgbar. Der Inhalt wird unten in einer verf\u00fcgbaren Sprache angezeigt. Klicken Sie auf den Link, um die aktuelle Sprache zu \u00e4ndern.<\/p><p>Fea ceramics new collection &#8211; BLOOD RED Subway Tiles &amp; Small Format. Take your home back to the basics with traditional subway tile or add a touch of modern distinction for your kitchen or bathroom. small format wall tiles fast moving product worldwide.<\/p>\n<p>Size : 75x150mm, 75x300mm, 100x200mm, 100x400mm, 108x108mm, 150x150mm, 200x200mm with different color and punch effect.<\/p>\n<p>Uses : Wall, Bathroom, Kitchen, Hospital, Subway, Restaurant etc..<\/p>\n<p>&nbsp;<\/p>","protected":false},"excerpt":{"rendered":"<p>Leider ist der Eintrag nur auf English verf\u00fcgbar. Der Inhalt wird unten in einer verf\u00fcgbaren Sprache angezeigt. Klicken Sie auf den Link, um die aktuelle Sprache zu \u00e4ndern.Fea ceramics new collection &#8211; BLOOD RED Subway Tiles &amp; Small Format. Take your home back to the basics with traditional subway tile or add a touch of&hellip;<\/p>\n<div class=\"text-right\"><a href=\"https:\/\/feaceramics.com\/de\/product\/blood-red-200x200mm-subway-wall-tile\/\" class=\"btn\"><span>Read More<\/a><\/span><\/div>\n","protected":false},"featured_media":5665,"template":"","meta":[],"product_brand":[],"product_cat":[2085,2100],"product_tag":[2126,2127,2128,1006,2119,2122,2120,2121,2125,2123,2124],"class_list":{"0":"post-5664","1":"product","2":"type-product","3":"status-publish","4":"has-post-thumbnail","6":"product_cat-subway-tiles","7":"product_cat-200x200","8":"product_tag-20x20-wall-tile","9":"product_tag-3x12-wall-tile","10":"product_tag-4x12-wall-tile","11":"product_tag-bathroom-tile","12":"product_tag-fea-glossy-wall-tile","13":"product_tag-matt-wall-tile-collection","14":"product_tag-red-color-subway-wall-tiles","15":"product_tag-red-subway-tiles-backsplash","16":"product_tag-red-tiles-outdoor-wall-tile","17":"product_tag-subway-tile-collection","18":"product_tag-supper-special-color-tile","20":"first","21":"instock","22":"shipping-taxable","23":"product-type-simple"},"_links":{"self":[{"href":"https:\/\/feaceramics.com\/de\/wp-json\/wp\/v2\/product\/5664","targetHints":{"allow":["GET"]}}],"collection":[{"href":"https:\/\/feaceramics.com\/de\/wp-json\/wp\/v2\/product"}],"about":[{"href":"https:\/\/feaceramics.com\/de\/wp-json\/wp\/v2\/types\/product"}],"wp:featuredmedia":[{"embeddable":true,"href":"https:\/\/feaceramics.com\/de\/wp-json\/wp\/v2\/media\/5665"}],"wp:attachment":[{"href":"https:\/\/feaceramics.com\/de\/wp-json\/wp\/v2\/media?parent=5664"}],"wp:term":[{"taxonomy":"product_brand","embeddable":true,"href":"https:\/\/feaceramics.com\/de\/wp-json\/wp\/v2\/product_brand?post=5664"},{"taxonomy":"product_cat","embeddable":true,"href":"https:\/\/feaceramics.com\/de\/wp-json\/wp\/v2\/product_cat?post=5664"},{"taxonomy":"product_tag","embeddable":true,"href":"https:\/\/feaceramics.com\/de\/wp-json\/wp\/v2\/product_tag?post=5664"}],"curies":[{"name":"wp","href":"https:\/\/api.w.org\/{rel}","templated":true}]}}