{"id":5796,"date":"2020-07-18T18:44:18","date_gmt":"2020-07-18T13:14:18","guid":{"rendered":"http:\/\/feaceramics.com\/?post_type=product&#038;p=5796"},"modified":"2020-07-18T18:44:34","modified_gmt":"2020-07-18T13:14:34","slug":"slab-porcelain-floor-tiles-manufacture-in-india","status":"publish","type":"product","link":"https:\/\/feaceramics.com\/de\/product\/slab-porcelain-floor-tiles-manufacture-in-india\/","title":{"rendered":"(English) ALDER GRIS POLISHED PORCELAIN VITRIFIED FLOOR TILES"},"content":{"rendered":"<p class=\"qtranxs-available-languages-message qtranxs-available-languages-message-de\">Leider ist der Eintrag nur auf <a href=\"https:\/\/feaceramics.com\/en\/wp-json\/wp\/v2\/product\/5796\" class=\"qtranxs-available-language-link qtranxs-available-language-link-en\" title=\"English\">English<\/a> verf\u00fcgbar. Der Inhalt wird unten in einer verf\u00fcgbaren Sprache angezeigt. Klicken Sie auf den Link, um die aktuelle Sprache zu \u00e4ndern.<\/p><p>Size : 1200x1200mm Glazed Polished Porcelain Floor Tiles.<\/p>\n<p>No Of Pcs :\u00a0 2<\/p>\n<p>Cov : 2.88 \/ sqm<\/p>\n<p>Thickness : 9mm<\/p>","protected":false},"excerpt":{"rendered":"<p>Leider ist der Eintrag nur auf English verf\u00fcgbar. Der Inhalt wird unten in einer verf\u00fcgbaren Sprache angezeigt. Klicken Sie auf den Link, um die aktuelle Sprache zu \u00e4ndern.Size : 1200x1200mm Glazed Polished Porcelain Floor Tiles. No Of Pcs :\u00a0 2 Cov : 2.88 \/ sqm Thickness : 9mm<\/p>\n","protected":false},"featured_media":5795,"template":"","meta":[],"product_brand":[],"product_cat":[2077,2081,2409],"product_tag":[2410,2413,2412,2414,2411,1735,2415],"class_list":{"0":"post-5796","1":"product","2":"type-product","3":"status-publish","4":"has-post-thumbnail","6":"product_cat-slab-porcelain-tiles","7":"product_cat-1200x1200-mm-48x48","8":"product_cat-polished","9":"product_tag-1200x1200mm-porcelain-tiles","10":"product_tag-120x120-floor-tiles","11":"product_tag-big-marble-floor-tiles","12":"product_tag-glazed-porcelain-floor-tiles","13":"product_tag-grey-color-porcelain-floor-tiles","14":"product_tag-italian-marble-floor-tiles","15":"product_tag-slab-polished-tile","17":"first","18":"instock","19":"shipping-taxable","20":"product-type-simple"},"_links":{"self":[{"href":"https:\/\/feaceramics.com\/de\/wp-json\/wp\/v2\/product\/5796","targetHints":{"allow":["GET"]}}],"collection":[{"href":"https:\/\/feaceramics.com\/de\/wp-json\/wp\/v2\/product"}],"about":[{"href":"https:\/\/feaceramics.com\/de\/wp-json\/wp\/v2\/types\/product"}],"wp:featuredmedia":[{"embeddable":true,"href":"https:\/\/feaceramics.com\/de\/wp-json\/wp\/v2\/media\/5795"}],"wp:attachment":[{"href":"https:\/\/feaceramics.com\/de\/wp-json\/wp\/v2\/media?parent=5796"}],"wp:term":[{"taxonomy":"product_brand","embeddable":true,"href":"https:\/\/feaceramics.com\/de\/wp-json\/wp\/v2\/product_brand?post=5796"},{"taxonomy":"product_cat","embeddable":true,"href":"https:\/\/feaceramics.com\/de\/wp-json\/wp\/v2\/product_cat?post=5796"},{"taxonomy":"product_tag","embeddable":true,"href":"https:\/\/feaceramics.com\/de\/wp-json\/wp\/v2\/product_tag?post=5796"}],"curies":[{"name":"wp","href":"https:\/\/api.w.org\/{rel}","templated":true}]}}