{"id":5867,"date":"2020-09-17T18:47:35","date_gmt":"2020-09-17T13:17:35","guid":{"rendered":"http:\/\/feaceramics.com\/?post_type=product&#038;p=5867"},"modified":"2020-09-17T18:47:36","modified_gmt":"2020-09-17T13:17:36","slug":"12x24-porcelain-electro-satvario-porcelain-wall-tiles","status":"publish","type":"product","link":"https:\/\/feaceramics.com\/de\/product\/12x24-porcelain-electro-satvario-porcelain-wall-tiles\/","title":{"rendered":"(English) Electro Satvario &#8211; 12&#215;24 Porcelain Wall Tile"},"content":{"rendered":"<p class=\"qtranxs-available-languages-message qtranxs-available-languages-message-de\">Leider ist der Eintrag nur auf <a href=\"https:\/\/feaceramics.com\/en\/wp-json\/wp\/v2\/product\/5867\" class=\"qtranxs-available-language-link qtranxs-available-language-link-en\" title=\"English\">English<\/a> verf\u00fcgbar. Der Inhalt wird unten in einer verf\u00fcgbaren Sprache angezeigt. Klicken Sie auf den Link, um die aktuelle Sprache zu \u00e4ndern.<\/p><p><strong>Size : 12\u00d724 Porcelain Wall &amp; Floor Tiles<\/strong><\/p>\n<p>No Of Pcs : 05<\/p>\n<p>Cov : 0.90\/sqm<\/p>","protected":false},"excerpt":{"rendered":"<p>Leider ist der Eintrag nur auf English verf\u00fcgbar. Der Inhalt wird unten in einer verf\u00fcgbaren Sprache angezeigt. Klicken Sie auf den Link, um die aktuelle Sprache zu \u00e4ndern.Size : 12\u00d724 Porcelain Wall &amp; Floor Tiles No Of Pcs : 05 Cov : 0.90\/sqm<\/p>\n","protected":false},"featured_media":5868,"template":"","meta":[],"product_brand":[],"product_cat":[707,710,2091],"product_tag":[2535,2533,2534,2531,2529,2532,2528,2530],"class_list":{"0":"post-5867","1":"product","2":"type-product","3":"status-publish","4":"has-post-thumbnail","6":"product_cat-porcelain-floor-tiles","7":"product_cat-polished-glazed-vitrified-tiles","8":"product_cat-300x600-mm-12x24-polished-glazed-vitrified-tiles","9":"product_tag-electro-satvario-12x24-wall-tile","10":"product_tag-electro-satvario-fea-ceramics-tile","11":"product_tag-electro-satvario-in-usa","12":"product_tag-electro-satvario-polished-tile","13":"product_tag-electro-satvario-porcelain-tile","14":"product_tag-electro-satvario-supper-white-tile","15":"product_tag-electro-satvario-tiles","16":"product_tag-electro-satvario-wall-tile","18":"first","19":"instock","20":"shipping-taxable","21":"product-type-simple"},"_links":{"self":[{"href":"https:\/\/feaceramics.com\/de\/wp-json\/wp\/v2\/product\/5867","targetHints":{"allow":["GET"]}}],"collection":[{"href":"https:\/\/feaceramics.com\/de\/wp-json\/wp\/v2\/product"}],"about":[{"href":"https:\/\/feaceramics.com\/de\/wp-json\/wp\/v2\/types\/product"}],"wp:featuredmedia":[{"embeddable":true,"href":"https:\/\/feaceramics.com\/de\/wp-json\/wp\/v2\/media\/5868"}],"wp:attachment":[{"href":"https:\/\/feaceramics.com\/de\/wp-json\/wp\/v2\/media?parent=5867"}],"wp:term":[{"taxonomy":"product_brand","embeddable":true,"href":"https:\/\/feaceramics.com\/de\/wp-json\/wp\/v2\/product_brand?post=5867"},{"taxonomy":"product_cat","embeddable":true,"href":"https:\/\/feaceramics.com\/de\/wp-json\/wp\/v2\/product_cat?post=5867"},{"taxonomy":"product_tag","embeddable":true,"href":"https:\/\/feaceramics.com\/de\/wp-json\/wp\/v2\/product_tag?post=5867"}],"curies":[{"name":"wp","href":"https:\/\/api.w.org\/{rel}","templated":true}]}}