{"id":5883,"date":"2020-09-18T17:50:52","date_gmt":"2020-09-18T12:20:52","guid":{"rendered":"http:\/\/feaceramics.com\/?post_type=product&#038;p=5883"},"modified":"2020-09-18T17:51:09","modified_gmt":"2020-09-18T12:21:09","slug":"satin-matte-tiles-floor-tiles-wall-tiles-ceramic-tiles-vitrified-tiles","status":"publish","type":"product","link":"https:\/\/feaceramics.com\/de\/product\/satin-matte-tiles-floor-tiles-wall-tiles-ceramic-tiles-vitrified-tiles\/","title":{"rendered":"(English) Cava Blanco  \u2013 12\u00d724 Porcelain Wall Tile"},"content":{"rendered":"<p class=\"qtranxs-available-languages-message qtranxs-available-languages-message-de\">Leider ist der Eintrag nur auf <a href=\"https:\/\/feaceramics.com\/en\/wp-json\/wp\/v2\/product\/5883\" class=\"qtranxs-available-language-link qtranxs-available-language-link-en\" title=\"English\">English<\/a> verf\u00fcgbar. Der Inhalt wird unten in einer verf\u00fcgbaren Sprache angezeigt. Klicken Sie auf den Link, um die aktuelle Sprache zu \u00e4ndern.<\/p><p><strong>Size : 12\u00d724 Porcelain Wall &amp; Floor Tiles<\/strong><\/p>\n<p>No Of Pcs : 05<\/p>\n<p>Cov : 0.90\/sqm<\/p>","protected":false},"excerpt":{"rendered":"<p>Leider ist der Eintrag nur auf English verf\u00fcgbar. Der Inhalt wird unten in einer verf\u00fcgbaren Sprache angezeigt. Klicken Sie auf den Link, um die aktuelle Sprache zu \u00e4ndern.Size : 12\u00d724 Porcelain Wall &amp; Floor Tiles No Of Pcs : 05 Cov : 0.90\/sqm<\/p>\n","protected":false},"featured_media":5884,"template":"","meta":[],"product_brand":[],"product_cat":[707,710,2091],"product_tag":[2555,2551,2552,681,2554,1749,2553,2558,2557,2556,272],"class_list":{"0":"post-5883","1":"product","2":"type-product","3":"status-publish","4":"has-post-thumbnail","6":"product_cat-porcelain-floor-tiles","7":"product_cat-polished-glazed-vitrified-tiles","8":"product_cat-300x600-mm-12x24-polished-glazed-vitrified-tiles","9":"product_tag-12x24-porcelain-silky-matt-floor-tiles","10":"product_tag-2x-24-cava-blanco-polished-matt-surface","11":"product_tag-cava-blanco-satin-matt-12x-24","12":"product_tag-floor-tiles","13":"product_tag-matt-finish-porcelain-wall-tile","14":"product_tag-matt-finished-marble","15":"product_tag-satin-matt","16":"product_tag-satin-matt-series-porcelain-floor-tiles-at-best-price-in-morbi","17":"product_tag-satin-matt-vitrified-tiles","18":"product_tag-satin-matte-tiles","19":"product_tag-wall-tiles","21":"first","22":"instock","23":"shipping-taxable","24":"product-type-simple"},"_links":{"self":[{"href":"https:\/\/feaceramics.com\/de\/wp-json\/wp\/v2\/product\/5883","targetHints":{"allow":["GET"]}}],"collection":[{"href":"https:\/\/feaceramics.com\/de\/wp-json\/wp\/v2\/product"}],"about":[{"href":"https:\/\/feaceramics.com\/de\/wp-json\/wp\/v2\/types\/product"}],"wp:featuredmedia":[{"embeddable":true,"href":"https:\/\/feaceramics.com\/de\/wp-json\/wp\/v2\/media\/5884"}],"wp:attachment":[{"href":"https:\/\/feaceramics.com\/de\/wp-json\/wp\/v2\/media?parent=5883"}],"wp:term":[{"taxonomy":"product_brand","embeddable":true,"href":"https:\/\/feaceramics.com\/de\/wp-json\/wp\/v2\/product_brand?post=5883"},{"taxonomy":"product_cat","embeddable":true,"href":"https:\/\/feaceramics.com\/de\/wp-json\/wp\/v2\/product_cat?post=5883"},{"taxonomy":"product_tag","embeddable":true,"href":"https:\/\/feaceramics.com\/de\/wp-json\/wp\/v2\/product_tag?post=5883"}],"curies":[{"name":"wp","href":"https:\/\/api.w.org\/{rel}","templated":true}]}}