{"id":5889,"date":"2020-09-18T18:01:33","date_gmt":"2020-09-18T12:31:33","guid":{"rendered":"http:\/\/feaceramics.com\/?post_type=product&#038;p=5889"},"modified":"2020-09-18T18:01:33","modified_gmt":"2020-09-18T12:31:33","slug":"imperial-onyx-porcelain-tile-30x60-in-houston-tx-usa","status":"publish","type":"product","link":"https:\/\/feaceramics.com\/de\/product\/imperial-onyx-porcelain-tile-30x60-in-houston-tx-usa\/","title":{"rendered":"(English) Fea Imperial Onyx \u2013 12\u00d724 Porcelain Wall Tile"},"content":{"rendered":"<p class=\"qtranxs-available-languages-message qtranxs-available-languages-message-de\">Leider ist der Eintrag nur auf <a href=\"https:\/\/feaceramics.com\/en\/wp-json\/wp\/v2\/product\/5889\" class=\"qtranxs-available-language-link qtranxs-available-language-link-en\" title=\"English\">English<\/a> verf\u00fcgbar. Der Inhalt wird unten in einer verf\u00fcgbaren Sprache angezeigt. Klicken Sie auf den Link, um die aktuelle Sprache zu \u00e4ndern.<\/p><p><strong>Size : 12\u00d724 Porcelain Wall &amp; Floor Tiles<\/strong><\/p>\n<p>No Of Pcs : 05<\/p>\n<p>Cov : 0.90\/sqm<\/p>","protected":false},"excerpt":{"rendered":"<p>Leider ist der Eintrag nur auf English verf\u00fcgbar. Der Inhalt wird unten in einer verf\u00fcgbaren Sprache angezeigt. Klicken Sie auf den Link, um die aktuelle Sprache zu \u00e4ndern.Size : 12\u00d724 Porcelain Wall &amp; Floor Tiles No Of Pcs : 05 Cov : 0.90\/sqm<\/p>\n","protected":false},"featured_media":5890,"template":"","meta":[],"product_brand":[],"product_cat":[707,710,2091],"product_tag":[2563,2560,2561,2564,2559,2565,2562],"class_list":{"0":"post-5889","1":"product","2":"type-product","3":"status-publish","4":"has-post-thumbnail","6":"product_cat-porcelain-floor-tiles","7":"product_cat-polished-glazed-vitrified-tiles","8":"product_cat-300x600-mm-12x24-polished-glazed-vitrified-tiles","9":"product_tag-imperial-onyx-porcelain-tile-in-charlotte","10":"product_tag-imperial-onyx-porcelain-tile-in-chicago","11":"product_tag-imperial-onyx-porcelain-tile-in-dallas","12":"product_tag-imperial-onyx-porcelain-tile-in-detroit","13":"product_tag-imperial-onyx-porcelain-tile-in-los-angeles","14":"product_tag-imperial-onyx-porcelain-tile-in-oklahoma-city","15":"product_tag-imperial-onyx-porcelain-tile-in-san-francisco","17":"first","18":"instock","19":"shipping-taxable","20":"product-type-simple"},"_links":{"self":[{"href":"https:\/\/feaceramics.com\/de\/wp-json\/wp\/v2\/product\/5889","targetHints":{"allow":["GET"]}}],"collection":[{"href":"https:\/\/feaceramics.com\/de\/wp-json\/wp\/v2\/product"}],"about":[{"href":"https:\/\/feaceramics.com\/de\/wp-json\/wp\/v2\/types\/product"}],"wp:featuredmedia":[{"embeddable":true,"href":"https:\/\/feaceramics.com\/de\/wp-json\/wp\/v2\/media\/5890"}],"wp:attachment":[{"href":"https:\/\/feaceramics.com\/de\/wp-json\/wp\/v2\/media?parent=5889"}],"wp:term":[{"taxonomy":"product_brand","embeddable":true,"href":"https:\/\/feaceramics.com\/de\/wp-json\/wp\/v2\/product_brand?post=5889"},{"taxonomy":"product_cat","embeddable":true,"href":"https:\/\/feaceramics.com\/de\/wp-json\/wp\/v2\/product_cat?post=5889"},{"taxonomy":"product_tag","embeddable":true,"href":"https:\/\/feaceramics.com\/de\/wp-json\/wp\/v2\/product_tag?post=5889"}],"curies":[{"name":"wp","href":"https:\/\/api.w.org\/{rel}","templated":true}]}}