{"id":8386,"date":"2022-01-08T23:15:00","date_gmt":"2022-01-08T17:45:00","guid":{"rendered":"http:\/\/feaceramics.com\/?post_type=product&#038;p=8386"},"modified":"2023-12-21T12:05:10","modified_gmt":"2023-12-21T06:35:10","slug":"amazon-blue","status":"publish","type":"product","link":"https:\/\/feaceramics.com\/de\/product\/amazon-blue\/","title":{"rendered":"AMAZON BLUE &#8211; 1200&#215;1200(120&#215;120) HIGH GLOSS SLAB PORCELAIN TILE"},"content":{"rendered":"<p class=\"qtranxs-available-languages-message qtranxs-available-languages-message-de\">Leider ist der Eintrag nur auf <a href=\"https:\/\/feaceramics.com\/en\/wp-json\/wp\/v2\/product\/8386\" class=\"qtranxs-available-language-link qtranxs-available-language-link-en\" title=\"English\">English<\/a> verf\u00fcgbar. Der Inhalt wird unten in einer verf\u00fcgbaren Sprache angezeigt. Klicken Sie auf den Link, um die aktuelle Sprache zu \u00e4ndern.<\/p><p>We manufacture and export ceramic wall, floor, and porcelain tiles. We have a wide range of different sizes. Fea ceramic produce all type of ceramic wall, floor tiles, porcelain tiles, bathroom tiles, kitchen tiles, flooring tiles, subway tiles,<\/p>\n<ul>\n<li>Wall tiles<\/li>\n<li>Floor tiles<\/li>\n<li>Porcelain tiles<\/li>\n<li>Glazed porcelain tiles<\/li>\n<li>Flooring tiles<\/li>\n<li>Sanitary ware<\/li>\n<li>Polished vitrified floor tiles<\/li>\n<li>Bathroom tiles<\/li>\n<li>Tiles for bathroom<\/li>\n<li>Tiles manufactured in india<\/li>\n<\/ul>\n<p>&nbsp;<\/p>","protected":false},"excerpt":{"rendered":"<p>Leider ist der Eintrag nur auf English verf\u00fcgbar. Der Inhalt wird unten in einer verf\u00fcgbaren Sprache angezeigt. Klicken Sie auf den Link, um die aktuelle Sprache zu \u00e4ndern.We manufacture and export ceramic wall, floor, and porcelain tiles. We have a wide range of different sizes. Fea ceramic produce all type of ceramic wall, floor tiles,&hellip;<\/p>\n<div class=\"text-right\"><a href=\"https:\/\/feaceramics.com\/de\/product\/amazon-blue\/\" class=\"btn\"><span>Read More<\/a><\/span><\/div>\n","protected":false},"featured_media":8387,"template":"","meta":[],"product_brand":[],"product_cat":[2077,2081,3021],"product_tag":[2966,2967,3231,3230,681,3022,693,2965,272],"class_list":{"0":"post-8386","1":"product","2":"type-product","3":"status-publish","4":"has-post-thumbnail","6":"product_cat-slab-porcelain-tiles","7":"product_cat-1200x1200-mm-48x48","8":"product_cat-high-gloss","9":"product_tag-1200x1200","10":"product_tag-120x120","11":"product_tag-best-seller-in-india","12":"product_tag-black-porcelain-floor-tiles","13":"product_tag-floor-tiles","14":"product_tag-high-gloss-tiles","15":"product_tag-porcelain-tiles","16":"product_tag-slab-tile","17":"product_tag-wall-tiles","18":"pa_body-type-porcelain-body","19":"pa_no-of-tiles-per-bx-2-pcs","20":"pa_thickness-9-00-mm","22":"first","23":"instock","24":"shipping-taxable","25":"product-type-simple"},"_links":{"self":[{"href":"https:\/\/feaceramics.com\/de\/wp-json\/wp\/v2\/product\/8386","targetHints":{"allow":["GET"]}}],"collection":[{"href":"https:\/\/feaceramics.com\/de\/wp-json\/wp\/v2\/product"}],"about":[{"href":"https:\/\/feaceramics.com\/de\/wp-json\/wp\/v2\/types\/product"}],"wp:featuredmedia":[{"embeddable":true,"href":"https:\/\/feaceramics.com\/de\/wp-json\/wp\/v2\/media\/8387"}],"wp:attachment":[{"href":"https:\/\/feaceramics.com\/de\/wp-json\/wp\/v2\/media?parent=8386"}],"wp:term":[{"taxonomy":"product_brand","embeddable":true,"href":"https:\/\/feaceramics.com\/de\/wp-json\/wp\/v2\/product_brand?post=8386"},{"taxonomy":"product_cat","embeddable":true,"href":"https:\/\/feaceramics.com\/de\/wp-json\/wp\/v2\/product_cat?post=8386"},{"taxonomy":"product_tag","embeddable":true,"href":"https:\/\/feaceramics.com\/de\/wp-json\/wp\/v2\/product_tag?post=8386"}],"curies":[{"name":"wp","href":"https:\/\/api.w.org\/{rel}","templated":true}]}}