{"id":8931,"date":"2022-01-10T11:52:00","date_gmt":"2022-01-10T06:22:00","guid":{"rendered":"http:\/\/feaceramics.com\/?post_type=product&#038;p=8931"},"modified":"2023-12-21T12:05:10","modified_gmt":"2023-12-21T06:35:10","slug":"forever-brown","status":"publish","type":"product","link":"https:\/\/feaceramics.com\/de\/product\/forever-brown\/","title":{"rendered":"FOREVER BROWN &#8211; 800X800MM (32X32) MATT GVT PORCELAIN FLOOR TILES"},"content":{"rendered":"<p class=\"qtranxs-available-languages-message qtranxs-available-languages-message-de\">Leider ist der Eintrag nur auf <a href=\"https:\/\/feaceramics.com\/en\/wp-json\/wp\/v2\/product\/8931\" class=\"qtranxs-available-language-link qtranxs-available-language-link-en\" title=\"English\">English<\/a> verf\u00fcgbar. Der Inhalt wird unten in einer verf\u00fcgbaren Sprache angezeigt. Klicken Sie auf den Link, um die aktuelle Sprache zu \u00e4ndern.<\/p><p>fea ceramics produce all type of ceramic wall, floor, kitchen tiles, bathroom tiles, flooring tiles, slab tiles, vitrified flooring tiles, gress tiles, Italian collection, Moroccan collection, with different sizes.<\/p>","protected":false},"excerpt":{"rendered":"<p>Leider ist der Eintrag nur auf English verf\u00fcgbar. Der Inhalt wird unten in einer verf\u00fcgbaren Sprache angezeigt. Klicken Sie auf den Link, um die aktuelle Sprache zu \u00e4ndern.fea ceramics produce all type of ceramic wall, floor, kitchen tiles, bathroom tiles, flooring tiles, slab tiles, vitrified flooring tiles, gress tiles, Italian collection, Moroccan collection, with different&hellip;<\/p>\n<div class=\"text-right\"><a href=\"https:\/\/feaceramics.com\/de\/product\/forever-brown\/\" class=\"btn\"><span>Read More<\/a><\/span><\/div>\n","protected":false},"featured_media":8932,"template":"","meta":[],"product_brand":[],"product_cat":[3110,707,709,2092],"product_tag":[724,3111,267,3325,1480,681,1607,1234,3112,1033,268,1594,3327,987,2515,3326,272],"class_list":{"0":"post-8931","1":"product","2":"type-product","3":"status-publish","4":"has-post-thumbnail","6":"product_cat-matt-800x800-mm-32x32","7":"product_cat-porcelain-floor-tiles","8":"product_cat-glazed-vitrified-tiles","9":"product_cat-800x800-mm-32x32","10":"product_tag-32x32","11":"product_tag-800x800","12":"product_tag-bathroom-tiles","13":"product_tag-ceramic-wall","14":"product_tag-floor","15":"product_tag-floor-tiles","16":"product_tag-flooring-tiles","17":"product_tag-gress-tiles","18":"product_tag-gvt","19":"product_tag-italian-collection","20":"product_tag-kitchen-tiles","21":"product_tag-matt-tiles","22":"product_tag-moroccan-collection","23":"product_tag-porcelain-floor-tiles","24":"product_tag-slab-tiles","25":"product_tag-vitrified-flooring-tiles","26":"product_tag-wall-tiles","27":"pa_body-type-porcelain-body","28":"pa_no-of-tiles-per-bx-3-pcs","29":"pa_thickness-9-00-mm","31":"first","32":"instock","33":"shipping-taxable","34":"product-type-simple"},"_links":{"self":[{"href":"https:\/\/feaceramics.com\/de\/wp-json\/wp\/v2\/product\/8931","targetHints":{"allow":["GET"]}}],"collection":[{"href":"https:\/\/feaceramics.com\/de\/wp-json\/wp\/v2\/product"}],"about":[{"href":"https:\/\/feaceramics.com\/de\/wp-json\/wp\/v2\/types\/product"}],"wp:featuredmedia":[{"embeddable":true,"href":"https:\/\/feaceramics.com\/de\/wp-json\/wp\/v2\/media\/8932"}],"wp:attachment":[{"href":"https:\/\/feaceramics.com\/de\/wp-json\/wp\/v2\/media?parent=8931"}],"wp:term":[{"taxonomy":"product_brand","embeddable":true,"href":"https:\/\/feaceramics.com\/de\/wp-json\/wp\/v2\/product_brand?post=8931"},{"taxonomy":"product_cat","embeddable":true,"href":"https:\/\/feaceramics.com\/de\/wp-json\/wp\/v2\/product_cat?post=8931"},{"taxonomy":"product_tag","embeddable":true,"href":"https:\/\/feaceramics.com\/de\/wp-json\/wp\/v2\/product_tag?post=8931"}],"curies":[{"name":"wp","href":"https:\/\/api.w.org\/{rel}","templated":true}]}}