{"id":8937,"date":"2022-01-10T11:52:00","date_gmt":"2022-01-10T06:22:00","guid":{"rendered":"http:\/\/feaceramics.com\/?post_type=product&#038;p=8937"},"modified":"2023-12-21T12:05:09","modified_gmt":"2023-12-21T06:35:09","slug":"forever-pista","status":"publish","type":"product","link":"https:\/\/feaceramics.com\/de\/product\/forever-pista\/","title":{"rendered":"FOREVER PISTA &#8211; 800X800MM (32X32) MATT GVT PORCELAIN FLOOR TILES"},"content":{"rendered":"<p class=\"qtranxs-available-languages-message qtranxs-available-languages-message-de\">Leider ist der Eintrag nur auf <a href=\"https:\/\/feaceramics.com\/en\/wp-json\/wp\/v2\/product\/8937\" class=\"qtranxs-available-language-link qtranxs-available-language-link-en\" title=\"English\">English<\/a> verf\u00fcgbar. Der Inhalt wird unten in einer verf\u00fcgbaren Sprache angezeigt. Klicken Sie auf den Link, um die aktuelle Sprache zu \u00e4ndern.<\/p><p><\/p>\n<ul class=\"tagchecklist\" role=\"list\">\n<li>fea ceramics 32X32 floor tile<\/li>\n<li>fea ceramics 800x800mm porcelain tiles<\/li>\n<li>fea ceramics Floor Tiles in india<\/li>\n<li>fea ceramics GVT porcelain tile<\/li>\n<li>fea ceramics matt tiles for bathroom<\/li>\n<li>fea ceramics Porcelain Floor Tiles<\/li>\n<li>fea ceramics Wall Tiles for kitchen<\/li>\n<li>fea ceramics 1200&#215;1200 mm Big Slab Vitrified Porcelain Tiles<\/li>\n<li>fea ceramics flooring tiles<\/li>\n<li>fea ceramics glazed vitrified tile<\/li>\n<li>fea ceramics Indiana porcelain tiles<\/li>\n<li>fea ceramics 800x800mm floor tiles<\/li>\n<li>fea ceramics fea porcelain flooring tiles<\/li>\n<\/ul>\n<p><\/p>","protected":false},"excerpt":{"rendered":"<p>Leider ist der Eintrag nur auf English verf\u00fcgbar. Der Inhalt wird unten in einer verf\u00fcgbaren Sprache angezeigt. Klicken Sie auf den Link, um die aktuelle Sprache zu \u00e4ndern. fea ceramics 32X32 floor tile fea ceramics 800x800mm porcelain tiles fea ceramics Floor Tiles in india fea ceramics GVT porcelain tile fea ceramics matt tiles for bathroom&hellip;<\/p>\n<div class=\"text-right\"><a href=\"https:\/\/feaceramics.com\/de\/product\/forever-pista\/\" class=\"btn\"><span>Read More<\/a><\/span><\/div>\n","protected":false},"featured_media":8938,"template":"","meta":[],"product_brand":[],"product_cat":[3110,707,709,2092],"product_tag":[724,3111,3323,3322,3318,3320,3319,3321,3324,681,3112,1594,987,272],"class_list":{"0":"post-8937","1":"product","2":"type-product","3":"status-publish","4":"has-post-thumbnail","6":"product_cat-matt-800x800-mm-32x32","7":"product_cat-porcelain-floor-tiles","8":"product_cat-glazed-vitrified-tiles","9":"product_cat-800x800-mm-32x32","10":"product_tag-32x32","11":"product_tag-800x800","12":"product_tag-ceramics-wall-tiles-for-kitchen","13":"product_tag-fea-ceramics-1200x1200-mm-big-slab-vitrified-porcelain-tiles","14":"product_tag-fea-ceramics-32x32-floor-tile","15":"product_tag-fea-ceramics-800x800mm-floor-tiles","16":"product_tag-fea-ceramics-fea-porcelain-flooring-tiles","17":"product_tag-fea-ceramics-glazed-vitrified-tile","18":"product_tag-fea-ceramics-matt-tiles-for-bathroom","19":"product_tag-floor-tiles","20":"product_tag-gvt","21":"product_tag-matt-tiles","22":"product_tag-porcelain-floor-tiles","23":"product_tag-wall-tiles","24":"pa_body-type-porcelain-body","25":"pa_no-of-tiles-per-bx-3-pcs","26":"pa_thickness-9-00-mm","28":"first","29":"instock","30":"shipping-taxable","31":"product-type-simple"},"_links":{"self":[{"href":"https:\/\/feaceramics.com\/de\/wp-json\/wp\/v2\/product\/8937","targetHints":{"allow":["GET"]}}],"collection":[{"href":"https:\/\/feaceramics.com\/de\/wp-json\/wp\/v2\/product"}],"about":[{"href":"https:\/\/feaceramics.com\/de\/wp-json\/wp\/v2\/types\/product"}],"wp:featuredmedia":[{"embeddable":true,"href":"https:\/\/feaceramics.com\/de\/wp-json\/wp\/v2\/media\/8938"}],"wp:attachment":[{"href":"https:\/\/feaceramics.com\/de\/wp-json\/wp\/v2\/media?parent=8937"}],"wp:term":[{"taxonomy":"product_brand","embeddable":true,"href":"https:\/\/feaceramics.com\/de\/wp-json\/wp\/v2\/product_brand?post=8937"},{"taxonomy":"product_cat","embeddable":true,"href":"https:\/\/feaceramics.com\/de\/wp-json\/wp\/v2\/product_cat?post=8937"},{"taxonomy":"product_tag","embeddable":true,"href":"https:\/\/feaceramics.com\/de\/wp-json\/wp\/v2\/product_tag?post=8937"}],"curies":[{"name":"wp","href":"https:\/\/api.w.org\/{rel}","templated":true}]}}