{"id":8941,"date":"2022-01-10T11:52:32","date_gmt":"2022-01-10T06:22:32","guid":{"rendered":"http:\/\/feaceramics.com\/?post_type=product&#038;p=8941"},"modified":"2022-01-24T18:27:13","modified_gmt":"2022-01-24T12:57:13","slug":"pozzolana-brown","status":"publish","type":"product","link":"https:\/\/feaceramics.com\/de\/product\/pozzolana-brown\/","title":{"rendered":"POZZOLANA BROWN &#8211; 800X800MM (32X32) MATT GVT PORCELAIN FLOOR TILES"},"content":{"rendered":"<p class=\"qtranxs-available-languages-message qtranxs-available-languages-message-de\">Leider ist der Eintrag nur auf <a href=\"https:\/\/feaceramics.com\/en\/wp-json\/wp\/v2\/product\/8941\" class=\"qtranxs-available-language-link qtranxs-available-language-link-en\" title=\"English\">English<\/a> verf\u00fcgbar. Der Inhalt wird unten in einer verf\u00fcgbaren Sprache angezeigt. Klicken Sie auf den Link, um die aktuelle Sprache zu \u00e4ndern.<\/p><p>POZZOLANA BROWN :\u00a0 Matt finished glazed vitrified porcelain floor tiles very popular in 80&#215;80. also same design available in polished and silk matt porcelain floor tiles<\/p>\n<p><b>800x800mm Matt \/ Glazed Vitrified Floor Tiles<\/b><\/p>\n<p>No of pcs : 3<\/p>\n<p>Cov : 1.92\/sqm<\/p>\n<p>Load : 640 Box<\/p>\n<p>&nbsp;<\/p>","protected":false},"excerpt":{"rendered":"<p>Leider ist der Eintrag nur auf English verf\u00fcgbar. Der Inhalt wird unten in einer verf\u00fcgbaren Sprache angezeigt. Klicken Sie auf den Link, um die aktuelle Sprache zu \u00e4ndern.POZZOLANA BROWN :\u00a0 Matt finished glazed vitrified porcelain floor tiles very popular in 80&#215;80. also same design available in polished and silk matt porcelain floor tiles 800x800mm Matt&hellip;<\/p>\n<div class=\"text-right\"><a href=\"https:\/\/feaceramics.com\/de\/product\/pozzolana-brown\/\" class=\"btn\"><span>Read More<\/a><\/span><\/div>\n","protected":false},"featured_media":8942,"template":"","meta":[],"product_brand":[],"product_cat":[3110,707,709,2092],"product_tag":[724,3111,681,3112,1594,987,272],"class_list":{"0":"post-8941","1":"product","2":"type-product","3":"status-publish","4":"has-post-thumbnail","6":"product_cat-matt-800x800-mm-32x32","7":"product_cat-porcelain-floor-tiles","8":"product_cat-glazed-vitrified-tiles","9":"product_cat-800x800-mm-32x32","10":"product_tag-32x32","11":"product_tag-800x800","12":"product_tag-floor-tiles","13":"product_tag-gvt","14":"product_tag-matt-tiles","15":"product_tag-porcelain-floor-tiles","16":"product_tag-wall-tiles","17":"pa_body-type-porcelain-body","18":"pa_no-of-tiles-per-bx-3-pcs","19":"pa_thickness-9-00-mm","21":"first","22":"instock","23":"shipping-taxable","24":"product-type-simple"},"_links":{"self":[{"href":"https:\/\/feaceramics.com\/de\/wp-json\/wp\/v2\/product\/8941","targetHints":{"allow":["GET"]}}],"collection":[{"href":"https:\/\/feaceramics.com\/de\/wp-json\/wp\/v2\/product"}],"about":[{"href":"https:\/\/feaceramics.com\/de\/wp-json\/wp\/v2\/types\/product"}],"wp:featuredmedia":[{"embeddable":true,"href":"https:\/\/feaceramics.com\/de\/wp-json\/wp\/v2\/media\/8942"}],"wp:attachment":[{"href":"https:\/\/feaceramics.com\/de\/wp-json\/wp\/v2\/media?parent=8941"}],"wp:term":[{"taxonomy":"product_brand","embeddable":true,"href":"https:\/\/feaceramics.com\/de\/wp-json\/wp\/v2\/product_brand?post=8941"},{"taxonomy":"product_cat","embeddable":true,"href":"https:\/\/feaceramics.com\/de\/wp-json\/wp\/v2\/product_cat?post=8941"},{"taxonomy":"product_tag","embeddable":true,"href":"https:\/\/feaceramics.com\/de\/wp-json\/wp\/v2\/product_tag?post=8941"}],"curies":[{"name":"wp","href":"https:\/\/api.w.org\/{rel}","templated":true}]}}