{"id":13003,"date":"2024-05-31T15:00:53","date_gmt":"2024-05-31T09:30:53","guid":{"rendered":"http:\/\/feaceramics.com\/?page_id=13003"},"modified":"2024-05-31T15:00:53","modified_gmt":"2024-05-31T09:30:53","slug":"leading-dominican-republic-manufacture-supplier-of-high-quality-ceramic-porcelain-tiles","status":"publish","type":"page","link":"https:\/\/feaceramics.com\/es\/export\/dominican-republic\/leading-dominican-republic-manufacture-supplier-of-high-quality-ceramic-porcelain-tiles\/","title":{"rendered":"L\u00edder en fabricaci\u00f3n y proveedor de azulejos cer\u00e1micos y porcel\u00e1nicos de alta calidad en Rep\u00fablica Dominicana"},"content":{"rendered":"<p>Bienvenidos a Cer\u00e1micas Fea, el proveedor n\u00famero uno de revestimientos cer\u00e1micos y porcelanatos en Rep\u00fablica Dominicana. El mejor fabricante y proveedor de azulejos de calidad superior se destaca entre los dem\u00e1s en Rep\u00fablica Dominicana con su compromiso con la calidad y la innovaci\u00f3n, que enriquecen las habitaciones con excelentes productos.<\/p>\n<p>desde paredes, pisos, gres porcel\u00e1nico, losas hasta azulejos de alta resistencia, las cer\u00e1micas Fea brindan una gama completa para cada rinc\u00f3n de la casa o negocio.<\/p>\n<p>Fea Ceramic es el principal fabricante y distribuidor de azulejos de alta gama en la Rep\u00fablica Dominicana, brindando los m\u00e1s altos est\u00e1ndares de estilo y artesan\u00eda. Su amplia variedad de losas, pisos y revestimientos de alta resistencia exquisitamente elaborados realzar\u00e1n su hogar o lugar de trabajo. Desde sofisticadas superficies mate hasta fascinantes patrones 3D, ofrecen una amplia selecci\u00f3n que se adapta a cada preferencia y estilo. Fea Ceramic se dedica a la calidad; no es simplemente una declaraci\u00f3n. Al utilizar tecnolog\u00eda de punta y una dedicaci\u00f3n inquebrantable para garantizar que cada loseta cumpla con los m\u00e1s altos est\u00e1ndares de calidad, se distinguen como l\u00edderes de la industria en Bolivia. Conf\u00ede en Fea Ceramic para transformar sus espacios con azulejos de primera calidad y duraderos. Con Fea Ceramic, experimente la diferencia.<\/p>\n<p>Cer\u00e1mica Fea que produce tama\u00f1os y superficies inferiores.<\/p>\n<p>Azulejos cer\u00e1micos para pared | Azulejos de ba\u00f1o | Azulejos de Cocina |Baldosas de Suelo |Baldosas de Porcel\u00e1nico | Azulejos del metro | Azulejos de madera | Azulejos de losa | Azulejos de m\u00e1rmol | Azulejos de elevaci\u00f3n<\/p>\n<p>&nbsp;<\/p>\n<p>&nbsp;<\/p>\n<p>&nbsp;<\/p>","protected":false},"excerpt":{"rendered":"<p>Bienvenidos a Cer\u00e1micas Fea, el proveedor n\u00famero uno de revestimientos cer\u00e1micos y porcelanatos en Rep\u00fablica Dominicana. El mejor fabricante y proveedor de azulejos de calidad superior se destaca entre los dem\u00e1s en Rep\u00fablica Dominicana con su compromiso con la calidad y la innovaci\u00f3n, que enriquecen las habitaciones con excelentes productos. desde paredes, pisos, gres porcel\u00e1nico,&hellip;<\/p>\n<div class=\"text-right\"><a href=\"https:\/\/feaceramics.com\/es\/export\/dominican-republic\/leading-dominican-republic-manufacture-supplier-of-high-quality-ceramic-porcelain-tiles\/\" class=\"btn\"><span>Read More<\/a><\/span><\/div>\n","protected":false},"author":1,"featured_media":11031,"parent":5439,"menu_order":0,"comment_status":"closed","ping_status":"closed","template":"","meta":{"footnotes":""},"class_list":["post-13003","page","type-page","status-publish","has-post-thumbnail","hentry"],"_links":{"self":[{"href":"https:\/\/feaceramics.com\/es\/wp-json\/wp\/v2\/pages\/13003","targetHints":{"allow":["GET"]}}],"collection":[{"href":"https:\/\/feaceramics.com\/es\/wp-json\/wp\/v2\/pages"}],"about":[{"href":"https:\/\/feaceramics.com\/es\/wp-json\/wp\/v2\/types\/page"}],"author":[{"embeddable":true,"href":"https:\/\/feaceramics.com\/es\/wp-json\/wp\/v2\/users\/1"}],"replies":[{"embeddable":true,"href":"https:\/\/feaceramics.com\/es\/wp-json\/wp\/v2\/comments?post=13003"}],"version-history":[{"count":1,"href":"https:\/\/feaceramics.com\/es\/wp-json\/wp\/v2\/pages\/13003\/revisions"}],"predecessor-version":[{"id":13004,"href":"https:\/\/feaceramics.com\/es\/wp-json\/wp\/v2\/pages\/13003\/revisions\/13004"}],"up":[{"embeddable":true,"href":"https:\/\/feaceramics.com\/es\/wp-json\/wp\/v2\/pages\/5439"}],"wp:featuredmedia":[{"embeddable":true,"href":"https:\/\/feaceramics.com\/es\/wp-json\/wp\/v2\/media\/11031"}],"wp:attachment":[{"href":"https:\/\/feaceramics.com\/es\/wp-json\/wp\/v2\/media?parent=13003"}],"curies":[{"name":"wp","href":"https:\/\/api.w.org\/{rel}","templated":true}]}}