{"id":9973,"date":"2022-07-02T16:24:42","date_gmt":"2022-07-02T10:54:42","guid":{"rendered":"http:\/\/feaceramics.com\/?page_id=9973"},"modified":"2022-07-02T16:24:42","modified_gmt":"2022-07-02T10:54:42","slug":"espanol-revestimientos-de-porcelanato-en-tegucigalpa-honduras","status":"publish","type":"page","link":"https:\/\/feaceramics.com\/es\/export\/honduras\/espanol-revestimientos-de-porcelanato-en-tegucigalpa-honduras\/","title":{"rendered":"Revestimientos de porcelanato en Tegucigalpa &#8211; Honduras"},"content":{"rendered":"<p>Fea ceramica venta de Porcelanato en Tegucigalpa medidas disponibles 600x1200mm, 600x600mm, superficies pulidas y mates.<\/p>\n<p>Baldosas de cer\u00e1mica, Baldosas de cer\u00e1mica, Baldosas de ba\u00f1o, Baldosas de porcelana, Baldosas de suelo, Baldosas esmaltadas, Baldosas sin esmaltar,<\/p>\n<p><a href=\"http:\/\/feaceramics.com\/product-category\/porcelain-floor-tiles\/polished-glazed-vitrified-tiles\/600mm-x-1200mm-polished-glazed-vitrified-tiles\/\">Colecci\u00f3n de productos :<\/a><\/p>\n<p>&nbsp;<\/p>","protected":false},"excerpt":{"rendered":"<p>Fea ceramica venta de Porcelanato en Tegucigalpa medidas disponibles 600x1200mm, 600x600mm, superficies pulidas y mates. Baldosas de cer\u00e1mica, Baldosas de cer\u00e1mica, Baldosas de ba\u00f1o, Baldosas de porcelana, Baldosas de suelo, Baldosas esmaltadas, Baldosas sin esmaltar, Colecci\u00f3n de productos : &nbsp;<\/p>\n","protected":false},"author":2,"featured_media":0,"parent":5525,"menu_order":0,"comment_status":"closed","ping_status":"closed","template":"","meta":{"footnotes":""},"class_list":["post-9973","page","type-page","status-publish","hentry"],"_links":{"self":[{"href":"https:\/\/feaceramics.com\/es\/wp-json\/wp\/v2\/pages\/9973","targetHints":{"allow":["GET"]}}],"collection":[{"href":"https:\/\/feaceramics.com\/es\/wp-json\/wp\/v2\/pages"}],"about":[{"href":"https:\/\/feaceramics.com\/es\/wp-json\/wp\/v2\/types\/page"}],"author":[{"embeddable":true,"href":"https:\/\/feaceramics.com\/es\/wp-json\/wp\/v2\/users\/2"}],"replies":[{"embeddable":true,"href":"https:\/\/feaceramics.com\/es\/wp-json\/wp\/v2\/comments?post=9973"}],"version-history":[{"count":1,"href":"https:\/\/feaceramics.com\/es\/wp-json\/wp\/v2\/pages\/9973\/revisions"}],"predecessor-version":[{"id":9974,"href":"https:\/\/feaceramics.com\/es\/wp-json\/wp\/v2\/pages\/9973\/revisions\/9974"}],"up":[{"embeddable":true,"href":"https:\/\/feaceramics.com\/es\/wp-json\/wp\/v2\/pages\/5525"}],"wp:attachment":[{"href":"https:\/\/feaceramics.com\/es\/wp-json\/wp\/v2\/media?parent=9973"}],"curies":[{"name":"wp","href":"https:\/\/api.w.org\/{rel}","templated":true}]}}