{"id":9770,"date":"2022-05-19T14:31:43","date_gmt":"2022-05-19T09:01:43","guid":{"rendered":"http:\/\/feaceramics.com\/?page_id=9770"},"modified":"2022-05-19T14:31:43","modified_gmt":"2022-05-19T09:01:43","slug":"los-mejores-distribuidores-de-pisos-de-porcelanato-en-honduras","status":"publish","type":"page","link":"https:\/\/feaceramics.com\/fr\/export\/honduras\/los-mejores-distribuidores-de-pisos-de-porcelanato-en-honduras\/","title":{"rendered":"(English) Are you looking for wooden plank porcelain floor tiles ?"},"content":{"rendered":"<p class=\"qtranxs-available-languages-message qtranxs-available-languages-message-fr\">D\u00e9sol\u00e9, cet article est seulement disponible en <a href=\"https:\/\/feaceramics.com\/en\/wp-json\/wp\/v2\/pages\/9770\" class=\"qtranxs-available-language-link qtranxs-available-language-link-en\" title=\"English\">English<\/a>. Pour le confort de l\u2019utilisateur, le contenu est affich\u00e9 ci-dessous dans une autre langue. Vous pouvez cliquer le lien pour changer de langue active.<\/p><p>\u00bfEst\u00e1 buscando baldosas de gres porcel\u00e1nico de tablones de madera de 150&#215;900 mm? fea ceramica exportacion de pisos de porcelanato en honduras. baldosas de tablones de madera muy populares en todo el mundo &#8211; inspiradas en el aspecto y la textura de la madera, las colecciones cer\u00e1micas que recrean este material natural aportan mayor calidez y resistencia a estancias como ba\u00f1os, cocinas, dormitorios o terrazas. Los tablones, el estilo m\u00e1s com\u00fan para un piso de madera real, tambi\u00e9n son los m\u00e1s populares para las baldosas con apariencia de madera.<\/p>\n<p>Por eso hoy os ofrecemos unos modelos de porcelana, imitaci\u00f3n madera, en formato 15X90 en PRIMERA ELECCI\u00d3N, como pod\u00e9is ver en los archivos adjuntos, estamos seguros de que os gustar\u00e1n.<\/p>\n<p>&nbsp;<\/p>\n<p><a href=\"http:\/\/feaceramics.com\/contact-us\/\">More inquiry Click here :\u00a0<\/a><\/p>\n<p>FACE BOOK\u00a0 &#8211; <a href=\"https:\/\/www.facebook.com\/feaceramicsindia\/?ref=page_internal\">https:\/\/www.facebook.com\/feaceramicsindia\/?ref=page_internal<\/a><\/p>\n<p>INSTAGRAM &#8211; <a href=\"https:\/\/www.instagram.com\/feaceramicsindia\/\">https:\/\/www.instagram.com\/feaceramicsindia\/<\/a><\/p>\n<p>TWITER &#8211; <a href=\"https:\/\/twitter.com\/Feaofficials\">(4) Fea Ceramic (@Feaofficials) \/ Twitter<\/a><\/p>\n<p>LINKEDIN &#8211; <a href=\"https:\/\/www.linkedin.com\/company\/77103811\/admin\/\">FEA CERAMICS : Company Page Admin | LinkedIn<\/a><\/p>\n<p>YOUTUBE- <a href=\"https:\/\/www.youtube.com\/channel\/UC5Ofh3AFNizqXab3xEtc5DQ\/featured\">FEA CERAMICS INDIA &#8211; YouTube<\/a><\/p>\n<p>PINTREST &#8211; <a href=\"https:\/\/in.pinterest.com\/exportfeaceramics\/_saved\/\">https:\/\/in.pinterest.com\/exportfeaceramics\/_saved\/<\/a><\/p>\n<p>MYSPASE &#8211; https:\/\/myspace.com\/feaceramics<\/p>\n<p>&nbsp;<\/p>","protected":false},"excerpt":{"rendered":"<p>D\u00e9sol\u00e9, cet article est seulement disponible en English. Pour le confort de l\u2019utilisateur, le contenu est affich\u00e9 ci-dessous dans une autre langue. Vous pouvez cliquer le lien pour changer de langue active.\u00bfEst\u00e1 buscando baldosas de gres porcel\u00e1nico de tablones de madera de 150&#215;900 mm? fea ceramica exportacion de pisos de porcelanato en honduras. baldosas de&hellip;<\/p>\n<div class=\"text-right\"><a href=\"https:\/\/feaceramics.com\/fr\/export\/honduras\/los-mejores-distribuidores-de-pisos-de-porcelanato-en-honduras\/\" class=\"btn\"><span>Read More<\/a><\/span><\/div>\n","protected":false},"author":2,"featured_media":9768,"parent":5525,"menu_order":0,"comment_status":"closed","ping_status":"closed","template":"","meta":{"footnotes":""},"class_list":["post-9770","page","type-page","status-publish","has-post-thumbnail","hentry"],"_links":{"self":[{"href":"https:\/\/feaceramics.com\/fr\/wp-json\/wp\/v2\/pages\/9770","targetHints":{"allow":["GET"]}}],"collection":[{"href":"https:\/\/feaceramics.com\/fr\/wp-json\/wp\/v2\/pages"}],"about":[{"href":"https:\/\/feaceramics.com\/fr\/wp-json\/wp\/v2\/types\/page"}],"author":[{"embeddable":true,"href":"https:\/\/feaceramics.com\/fr\/wp-json\/wp\/v2\/users\/2"}],"replies":[{"embeddable":true,"href":"https:\/\/feaceramics.com\/fr\/wp-json\/wp\/v2\/comments?post=9770"}],"version-history":[{"count":2,"href":"https:\/\/feaceramics.com\/fr\/wp-json\/wp\/v2\/pages\/9770\/revisions"}],"predecessor-version":[{"id":9772,"href":"https:\/\/feaceramics.com\/fr\/wp-json\/wp\/v2\/pages\/9770\/revisions\/9772"}],"up":[{"embeddable":true,"href":"https:\/\/feaceramics.com\/fr\/wp-json\/wp\/v2\/pages\/5525"}],"wp:featuredmedia":[{"embeddable":true,"href":"https:\/\/feaceramics.com\/fr\/wp-json\/wp\/v2\/media\/9768"}],"wp:attachment":[{"href":"https:\/\/feaceramics.com\/fr\/wp-json\/wp\/v2\/media?parent=9770"}],"curies":[{"name":"wp","href":"https:\/\/api.w.org\/{rel}","templated":true}]}}