{"id":5346,"date":"2020-02-04T13:08:46","date_gmt":"2020-02-04T07:38:46","guid":{"rendered":"http:\/\/feaceramics.com\/?page_id=5346"},"modified":"2020-02-04T13:41:14","modified_gmt":"2020-02-04T08:11:14","slug":"vietnam","status":"publish","type":"page","link":"https:\/\/feaceramics.com\/ru\/export\/vietnam\/","title":{"rendered":"(English) VIETNAM"},"content":{"rendered":"<p class=\"qtranxs-available-languages-message qtranxs-available-languages-message-ru\">\u0418\u0437\u0432\u0438\u043d\u0438\u0442\u0435, \u044d\u0442\u043e\u0442 \u0442\u0435\u0445\u0442 \u0434\u043e\u0441\u0442\u0443\u043f\u0435\u043d \u0442\u043e\u043b\u044c\u043a\u043e \u0432 &ldquo;<a href=\"https:\/\/feaceramics.com\/en\/wp-json\/wp\/v2\/pages\/5346\" class=\"qtranxs-available-language-link qtranxs-available-language-link-en\" title=\"English\">English<\/a>&rdquo;. For the sake of viewer convenience, the content is shown below in the alternative language. You may click the link to switch the active language.<\/p><p>&nbsp;<\/p>\n<p><strong>FEA CERAMICS : Tiles Export in VIETNAM<\/strong><\/p>\n<p>We are Face group of company India, We are Manufacture and exporter Ceramics Wall, Floor Tiles, Slab Tiles, Subway Tiles, Porcelain Tiles With different sizes. Fea ceramics selling tiles in Vietnam Market with different sizes and product.<\/p>\n<p>30\u00d760 Digital Wall Tiles, 60\u00d760 Porcelain Tiles, 80\u00d780 Glazed Porcelain Tiles, 60\u00d760 Vitrified Floor Tiles, 60\u00d7120 Polished Porcelain Vitrified \u2013 PGVT &amp; GVT, Thin Tiles, Granite Tiles, Wooden Strip, Ceramic Wall, Floor, Porcelain Tiles, Big Slab Porcelain Tiles, 3D Wall Tiles, Big Format Porcelain Tiles, Double Charge Vitrified Tiles, Full Body Tiles, subway tiles, small format wall tiles, Parking Tiles, Out Door Porcelain Tiles, Supper White Porcelain Tiles, \u00a0from india.<\/p>\n<p>FEA CERAMICS, exports are spread across all over the globe with prime focus on niche markets of VIETNAM\u00a0 export Since \u00a02006, we are spreading our wings and delivering the best products globally.<\/p>\n<p>Also at FEA CERAMICS, the main aim is to help a business set up and establish their network of clients and generating additional revenue by reducing complications associated with it.<\/p>\n<p><strong>Company Product Available below city in VIETNAM \u00a0:<\/strong><\/p>\n<p>Da Nang, Ha Noi, Ho Chi Minh City, Bien Hoa, Can Tho, Hai Phong, Bien Hoa, Vung Tau, NahTrang, Buon Ma Thuot, Hue<\/p>\n<p>&nbsp;<\/p>\n<p><u><b>BELOW SIZES AVAILABLE\u00a0:<\/b><\/u><\/p>\n<p><strong>CERAMICS WALL TILE<\/strong>\u00a0: 30X45, 30X60,<\/p>\n<p><strong>CERAMIC FLOOR TILE<\/strong>\u00a0: 60\u00d760, 20\u00d7100, 20\u00d7120,<\/p>\n<p><strong>GLAZED PORCELIN TILES<\/strong>\u00a0: 60\u00d760, 60\u00d7120, 80&#215;80,<\/p>\n<p><strong>DOUBLE LOADING \u2013 FULL BODY PORCELIN TILE<\/strong>\u00a0: 60\u00d760, 60\u00d7120,<\/p>\n<p><strong>SLAB PORCELIN TILE<\/strong>\u00a0: 75\u00d7150, 80\u00d7160, 90\u00d7180, 120\u00d7120, 120\u00d7240,<\/p>\n<p><strong>SUBWAY TILES &amp; MOSAIC TILES AVIALBE <\/strong><\/p>\n<p>&nbsp;<\/p>","protected":false},"excerpt":{"rendered":"<p>\u0418\u0437\u0432\u0438\u043d\u0438\u0442\u0435, \u044d\u0442\u043e\u0442 \u0442\u0435\u0445\u0442 \u0434\u043e\u0441\u0442\u0443\u043f\u0435\u043d \u0442\u043e\u043b\u044c\u043a\u043e \u0432 &ldquo;English&rdquo;. For the sake of viewer convenience, the content is shown below in the alternative language. You may click the link to switch the active language.&nbsp; FEA CERAMICS : Tiles Export in VIETNAM We are Face group of company India, We are Manufacture and exporter Ceramics Wall, Floor Tiles,&hellip;<\/p>\n<div class=\"text-right\"><a href=\"https:\/\/feaceramics.com\/ru\/export\/vietnam\/\" class=\"btn\"><span>Read More<\/a><\/span><\/div>\n","protected":false},"author":2,"featured_media":0,"parent":2796,"menu_order":0,"comment_status":"closed","ping_status":"closed","template":"","meta":{"footnotes":""},"class_list":["post-5346","page","type-page","status-publish","hentry"],"_links":{"self":[{"href":"https:\/\/feaceramics.com\/ru\/wp-json\/wp\/v2\/pages\/5346","targetHints":{"allow":["GET"]}}],"collection":[{"href":"https:\/\/feaceramics.com\/ru\/wp-json\/wp\/v2\/pages"}],"about":[{"href":"https:\/\/feaceramics.com\/ru\/wp-json\/wp\/v2\/types\/page"}],"author":[{"embeddable":true,"href":"https:\/\/feaceramics.com\/ru\/wp-json\/wp\/v2\/users\/2"}],"replies":[{"embeddable":true,"href":"https:\/\/feaceramics.com\/ru\/wp-json\/wp\/v2\/comments?post=5346"}],"version-history":[{"count":5,"href":"https:\/\/feaceramics.com\/ru\/wp-json\/wp\/v2\/pages\/5346\/revisions"}],"predecessor-version":[{"id":5353,"href":"https:\/\/feaceramics.com\/ru\/wp-json\/wp\/v2\/pages\/5346\/revisions\/5353"}],"up":[{"embeddable":true,"href":"https:\/\/feaceramics.com\/ru\/wp-json\/wp\/v2\/pages\/2796"}],"wp:attachment":[{"href":"https:\/\/feaceramics.com\/ru\/wp-json\/wp\/v2\/media?parent=5346"}],"curies":[{"name":"wp","href":"https:\/\/api.w.org\/{rel}","templated":true}]}}