{"id":9973,"date":"2022-07-02T16:24:42","date_gmt":"2022-07-02T10:54:42","guid":{"rendered":"http:\/\/feaceramics.com\/?page_id=9973"},"modified":"2022-07-02T16:24:42","modified_gmt":"2022-07-02T10:54:42","slug":"espanol-revestimientos-de-porcelanato-en-tegucigalpa-honduras","status":"publish","type":"page","link":"https:\/\/feaceramics.com\/ru\/export\/honduras\/espanol-revestimientos-de-porcelanato-en-tegucigalpa-honduras\/","title":{"rendered":"(Espa\u00f1ol) Revestimientos de porcelanato en Tegucigalpa &#8211; Honduras"},"content":{"rendered":"<p class=\"qtranxs-available-languages-message qtranxs-available-languages-message-ru\">\u0418\u0437\u0432\u0438\u043d\u0438\u0442\u0435, \u044d\u0442\u043e\u0442 \u0442\u0435\u0445\u0442 \u0434\u043e\u0441\u0442\u0443\u043f\u0435\u043d \u0442\u043e\u043b\u044c\u043a\u043e \u0432 &ldquo;<a href=\"https:\/\/feaceramics.com\/es\/wp-json\/wp\/v2\/pages\/9973\" class=\"qtranxs-available-language-link qtranxs-available-language-link-es\" title=\"Espa\u00f1ol\">Espa\u00f1ol<\/a>&rdquo;. For the sake of viewer convenience, the content is shown below in the alternative language. You may click the link to switch the active language.<\/p><p>Fea ceramica venta de Porcelanato en Tegucigalpa medidas disponibles 600x1200mm, 600x600mm, superficies pulidas y mates.<\/p>\n<p>Baldosas de cer\u00e1mica, Baldosas de cer\u00e1mica, Baldosas de ba\u00f1o, Baldosas de porcelana, Baldosas de suelo, Baldosas esmaltadas, Baldosas sin esmaltar,<\/p>\n<p><a href=\"http:\/\/feaceramics.com\/product-category\/porcelain-floor-tiles\/polished-glazed-vitrified-tiles\/600mm-x-1200mm-polished-glazed-vitrified-tiles\/\">Colecci\u00f3n de productos :<\/a><\/p>\n<p>&nbsp;<\/p>","protected":false},"excerpt":{"rendered":"<p>\u0418\u0437\u0432\u0438\u043d\u0438\u0442\u0435, \u044d\u0442\u043e\u0442 \u0442\u0435\u0445\u0442 \u0434\u043e\u0441\u0442\u0443\u043f\u0435\u043d \u0442\u043e\u043b\u044c\u043a\u043e \u0432 &ldquo;Espa\u00f1ol&rdquo;. For the sake of viewer convenience, the content is shown below in the alternative language. You may click the link to switch the active language.Fea ceramica venta de Porcelanato en Tegucigalpa medidas disponibles 600x1200mm, 600x600mm, superficies pulidas y mates. Baldosas de cer\u00e1mica, Baldosas de cer\u00e1mica, Baldosas de ba\u00f1o,&hellip;<\/p>\n<div class=\"text-right\"><a href=\"https:\/\/feaceramics.com\/ru\/export\/honduras\/espanol-revestimientos-de-porcelanato-en-tegucigalpa-honduras\/\" class=\"btn\"><span>Read More<\/a><\/span><\/div>\n","protected":false},"author":2,"featured_media":0,"parent":5525,"menu_order":0,"comment_status":"closed","ping_status":"closed","template":"","meta":{"footnotes":""},"class_list":["post-9973","page","type-page","status-publish","hentry"],"_links":{"self":[{"href":"https:\/\/feaceramics.com\/ru\/wp-json\/wp\/v2\/pages\/9973","targetHints":{"allow":["GET"]}}],"collection":[{"href":"https:\/\/feaceramics.com\/ru\/wp-json\/wp\/v2\/pages"}],"about":[{"href":"https:\/\/feaceramics.com\/ru\/wp-json\/wp\/v2\/types\/page"}],"author":[{"embeddable":true,"href":"https:\/\/feaceramics.com\/ru\/wp-json\/wp\/v2\/users\/2"}],"replies":[{"embeddable":true,"href":"https:\/\/feaceramics.com\/ru\/wp-json\/wp\/v2\/comments?post=9973"}],"version-history":[{"count":1,"href":"https:\/\/feaceramics.com\/ru\/wp-json\/wp\/v2\/pages\/9973\/revisions"}],"predecessor-version":[{"id":9974,"href":"https:\/\/feaceramics.com\/ru\/wp-json\/wp\/v2\/pages\/9973\/revisions\/9974"}],"up":[{"embeddable":true,"href":"https:\/\/feaceramics.com\/ru\/wp-json\/wp\/v2\/pages\/5525"}],"wp:attachment":[{"href":"https:\/\/feaceramics.com\/ru\/wp-json\/wp\/v2\/media?parent=9973"}],"curies":[{"name":"wp","href":"https:\/\/api.w.org\/{rel}","templated":true}]}}